{"id":162801,"date":"2025-12-19T12:27:02","date_gmt":"2025-12-19T09:27:02","guid":{"rendered":"https:\/\/baldumarket.lt\/product\/shirley-shik07-komoda-3d2s-szarozielony-antracyt-nadruk\/"},"modified":"2026-04-06T20:05:56","modified_gmt":"2026-04-06T17:05:56","slug":"shirley-shik07-komoda-3d2s-szarozielony-antracyt-nadruk","status":"publish","type":"product","link":"https:\/\/baldumarket.lt\/lt\/product\/shirley-shik07-komoda-3d2s-szarozielony-antracyt-nadruk\/","title":{"rendered":"Shirley SHIK07 \u2013 Komoda su stal\u010diais, 3D2S, pilkai \u017ealia\/antracito spalvos\/ra\u0161tas"},"content":{"rendered":"<p>Atraskite \u201eShirley SHIK07\u201c komodos \u017eaves\u012f ir funkcionalum\u0105 \u2013 tobul\u0105 modernaus dizaino ir prakti\u0161kumo derin\u012f. Pilkai \u017ealias korpusas ir antracito spalvos fasadas su ra\u0161tu suteiks j\u016bs\u0173 interjerui gaivumo ir elegancijos. Stilingas ra\u0161tas priekin\u0117je dalyje suteikia baldui unikalaus charakterio, tod\u0117l jis yra ne tik funkcionalus, bet ir dekoratyvus.<\/p>\n<p>173,2 cm plo\u010dio, 84,8 cm auk\u0161\u010dio ir 40 cm gylio komoda suteikia daug vietos b\u016btiniausiems daiktams susid\u0117ti. Trys durel\u0117s ir du erdv\u016bs stal\u010diai leid\u017eia patogiai susid\u0117ti visus daiktus, o \u0161velnaus u\u017edarymo sistema u\u017etikrina tyl\u0173 u\u017edarym\u0105. Tai puikus sprendimas tiems, kurie vertina funkcionalum\u0105 ir patogum\u0105 kasdien naudojant.<\/p>\n<p>Baldas pagamintas i\u0161 laminuotos plok\u0161t\u0117s, u\u017etikrinan\u010dios patvarum\u0105 ir atsparum\u0105 pa\u017eeidimams. Metalin\u0117s kojel\u0117s suteikia stabilumo ir modernumo. D\u0117mesys detal\u0117ms ir auk\u0161tos kokyb\u0117s med\u017eiagos, naudojamos gamyboje, garantuoja, kad \u201eShirley SHIK07\u201c tarnaus jums daugel\u012f met\u0173 neprarasdamas savo \u017eavesio.<\/p>\n<p>Savaranki\u0161kas surinkimas yra paprastas ir intuityvus, tod\u0117l galite greitai ir lengvai pastatyti komod\u0105 pasirinktoje vietoje. D\u0117l pilno i\u0161traukimo rutulini\u0173 guoli\u0173 b\u0117geli\u0173 stal\u010diai bus ne\u012ftik\u0117tinai patog\u016bs ir skland\u016bs. \u201eShirley SHIK07\u201c yra puikus sprendimas svetainei, miegamajam ar prie\u0161kambariui \u2013 bet kur, kur jums reikia papildomos vietos daiktams susid\u0117ti ir tuo pa\u010diu metu norite suteikti stiling\u0105 akcent\u0105.<\/p>\n<p>U\u017esisakykite \u201eShirley SHIK07\u201c komod\u0105 ir m\u0117gaukit\u0117s unikaliu baldu, kuriame dera modernus dizainas, funkcionalumas ir patvarumas. Tai puikus pasirinkimas visiems, ie\u0161kantiems unikali\u0173 sprendim\u0173 savo namams.<\/p>","protected":false},"excerpt":{"rendered":"<p>Plotis (cm): 173,2<br \/>\n\u016agis (cm): 84,8<br \/>\nGylis (cm): 40<\/p>","protected":false},"featured_media":162802,"comment_status":"open","ping_status":"open","template":"","meta":[],"product_brand":[],"product_cat":[9466,1173,4107],"product_tag":[],"class_list":{"0":"post-162801","1":"product","2":"type-product","3":"status-publish","4":"has-post-thumbnail","6":"product_cat-furniture-system-shirley-wojcik-meble","7":"product_cat-chests-of-drawers","8":"product_cat-meble-wojcik","10":"first","11":"instock","12":"purchasable","13":"product-type-simple"},"_links":{"self":[{"href":"https:\/\/baldumarket.lt\/lt\/wp-json\/wp\/v2\/product\/162801","targetHints":{"allow":["GET"]}}],"collection":[{"href":"https:\/\/baldumarket.lt\/lt\/wp-json\/wp\/v2\/product"}],"about":[{"href":"https:\/\/baldumarket.lt\/lt\/wp-json\/wp\/v2\/types\/product"}],"replies":[{"embeddable":true,"href":"https:\/\/baldumarket.lt\/lt\/wp-json\/wp\/v2\/comments?post=162801"}],"wp:featuredmedia":[{"embeddable":true,"href":"https:\/\/baldumarket.lt\/lt\/wp-json\/wp\/v2\/media\/162802"}],"wp:attachment":[{"href":"https:\/\/baldumarket.lt\/lt\/wp-json\/wp\/v2\/media?parent=162801"}],"wp:term":[{"taxonomy":"product_brand","embeddable":true,"href":"https:\/\/baldumarket.lt\/lt\/wp-json\/wp\/v2\/product_brand?post=162801"},{"taxonomy":"product_cat","embeddable":true,"href":"https:\/\/baldumarket.lt\/lt\/wp-json\/wp\/v2\/product_cat?post=162801"},{"taxonomy":"product_tag","embeddable":true,"href":"https:\/\/baldumarket.lt\/lt\/wp-json\/wp\/v2\/product_tag?post=162801"}],"curies":[{"name":"wp","href":"https:\/\/api.w.org\/{rel}","templated":true}]}}