{"id":162796,"date":"2025-12-19T12:26:51","date_gmt":"2025-12-19T09:26:51","guid":{"rendered":"https:\/\/baldumarket.lt\/product\/shirley-ship01-polka-wiszaca-szarozielony\/"},"modified":"2026-04-06T20:05:56","modified_gmt":"2026-04-06T17:05:56","slug":"shirley-ship01-polka-wiszaca-szarozielony","status":"publish","type":"product","link":"https:\/\/baldumarket.lt\/lt\/product\/shirley-ship01-polka-wiszaca-szarozielony\/","title":{"rendered":"\u201eShirley SHIP01\u201c \u2013 pilkai \u017ealia pakabinama lentyna"},"content":{"rendered":"<p>Elegancija ir funkcionalumas viename \u2013 tai pakabinama lentyna \u201eShirley SHIP01\u201c i\u0161 garsaus prek\u0117s \u017eenklo \u201eMeble W\u00f3jcik\u201c. Pilkai \u017ealia spalva suteikia subtil\u0173 akcent\u0105 bet kokiam interjerui, dera tiek su moderniu, tiek su klasikiniu dekoru. Tai puikus sprendimas tiems, kurie vertina paprastum\u0105 ir i\u0161skirtin\u012f stili\u0173. Unikalus \u201eShirley SHIP01\u201c lentynos dizainas puikiai tinka svetainei, miegamajam ar net biurui. Ant jos galite lengvai eksponuoti m\u0117gstamas dekoracijas, knygas ar suvenyrus, suteikdami savo erdvei unikal\u0173 charakter\u012f. Kompakti\u0161ka forma, kurios plotis \u2013 70 cm, auk\u0161tis \u2013 24 cm, o gylis \u2013 22 cm, puikiai tinka net ir ma\u017eesniuose kambariuose, neprarandant funkcionalumo. Lentyna pagaminta i\u0161 auk\u0161tos kokyb\u0117s laminuotos plok\u0161t\u0117s, u\u017etikrinan\u010dios ilgaam\u017ei\u0161kum\u0105 ir atsparum\u0105 kasdieniam naudojimui. \u0160i med\u017eiaga yra ne tik patvari, bet ir lengvai pri\u017ei\u016brima, tod\u0117l ji ilgiau i\u0161laiko savo nepriekai\u0161ting\u0105 i\u0161vaizd\u0105. Idealiai lygus pavir\u0161ius dar labiau sustiprina jos modern\u0173 \u017eaves\u012f.<\/p>","protected":false},"excerpt":{"rendered":"<p>Plotis (cm): 70<br \/>\n\u016agis (cm): 24<br \/>\nGylis (cm): 22<\/p>","protected":false},"featured_media":162797,"comment_status":"open","ping_status":"open","template":"","meta":[],"product_brand":[],"product_cat":[9466,1174,4107],"product_tag":[],"class_list":{"0":"post-162796","1":"product","2":"type-product","3":"status-publish","4":"has-post-thumbnail","6":"product_cat-furniture-system-shirley-wojcik-meble","7":"product_cat-hanging-shelves","8":"product_cat-meble-wojcik","10":"first","11":"instock","12":"purchasable","13":"product-type-simple"},"_links":{"self":[{"href":"https:\/\/baldumarket.lt\/lt\/wp-json\/wp\/v2\/product\/162796","targetHints":{"allow":["GET"]}}],"collection":[{"href":"https:\/\/baldumarket.lt\/lt\/wp-json\/wp\/v2\/product"}],"about":[{"href":"https:\/\/baldumarket.lt\/lt\/wp-json\/wp\/v2\/types\/product"}],"replies":[{"embeddable":true,"href":"https:\/\/baldumarket.lt\/lt\/wp-json\/wp\/v2\/comments?post=162796"}],"wp:featuredmedia":[{"embeddable":true,"href":"https:\/\/baldumarket.lt\/lt\/wp-json\/wp\/v2\/media\/162797"}],"wp:attachment":[{"href":"https:\/\/baldumarket.lt\/lt\/wp-json\/wp\/v2\/media?parent=162796"}],"wp:term":[{"taxonomy":"product_brand","embeddable":true,"href":"https:\/\/baldumarket.lt\/lt\/wp-json\/wp\/v2\/product_brand?post=162796"},{"taxonomy":"product_cat","embeddable":true,"href":"https:\/\/baldumarket.lt\/lt\/wp-json\/wp\/v2\/product_cat?post=162796"},{"taxonomy":"product_tag","embeddable":true,"href":"https:\/\/baldumarket.lt\/lt\/wp-json\/wp\/v2\/product_tag?post=162796"}],"curies":[{"name":"wp","href":"https:\/\/api.w.org\/{rel}","templated":true}]}}