{"id":162792,"date":"2025-12-19T12:26:43","date_gmt":"2025-12-19T09:26:43","guid":{"rendered":"https:\/\/baldumarket.lt\/product\/shirley-shiv01-witryna-2-drzwiowa-szarozielony-antracyt-nadruk\/"},"modified":"2026-04-06T20:05:56","modified_gmt":"2026-04-06T17:05:56","slug":"shirley-shiv01-witryna-2-drzwiowa-szarozielony-antracyt-nadruk","status":"publish","type":"product","link":"https:\/\/baldumarket.lt\/lt\/product\/shirley-shiv01-witryna-2-drzwiowa-szarozielony-antracyt-nadruk\/","title":{"rendered":"\u201eShirley SHIV01\u201c \u2013 2 dur\u0173 vitrina, pilkai \u017ealia\/antracito\/ra\u0161tas"},"content":{"rendered":"<p>Atraskite elegancij\u0105 ir modernum\u0105 su \u201eMeble W\u00f3jcik\u201c \u201eShirley SHIV01\u201c vitrina. \u0160i unikali pilkai \u017ealios ir antracito spalvos vitrina su unikaliu ra\u0161tu suteiks j\u016bs\u0173 interjerui gaivumo ir stiliaus. D\u0117l kruop\u0161taus meistri\u0161kumo ir d\u0117mesio detal\u0117ms \u201eShirley SHIV01\u201c taps ne tik funkcionaliu, bet ir rafinuotu j\u016bs\u0173 nam\u0173 akcentu.<\/p>\n<p>Sukurta vartotojams, vertinantiems auk\u0161t\u0105 kokyb\u0119, \u201eShirley SHIV01\u201c vitrina pagaminta i\u0161 patvarios, laminuotos plok\u0161t\u0117s su \u012fsp\u016bdingu ra\u0161tu. Gr\u016bdinto stiklo priekin\u0117 dalis ir subtilios, ta\u010diau patvarios plastikin\u0117s rankenos suteikia baldams eleganti\u0161k\u0105 ir modern\u0173 vaizd\u0105. Su \u0161ia \u012fsp\u016bdinga vitrina suteikite savo erdvei prabangos.<\/p>\n<p>\u201eShirley SHIV01\u201c vitrinoje funkcionalumas dera su estetika. \u0160i vitrina ne tik su\u017eav\u0117s savo i\u0161vaizda, bet ir bus ne\u012ftik\u0117tinai prakti\u0161ka d\u0117l moderni\u0173, \u0161velniai u\u017esidaran\u010di\u0173 vyri\u0173. J\u016bs\u0173 daiktai bus saugomi atsargiai, o kasdienis vitrinos naudojimas taps tikru malonumu. Praturtinkite savo erdv\u0119 \u0161iuo gro\u017eiu ir prakti\u0161kumu pasi\u017eymin\u010diu elementu.<\/p>\n<p>D\u0117l kompakti\u0161ko 82,1 cm plo\u010dio, 156 cm auk\u0161\u010dio ir 40 cm gylio \u201eShirley SHIV01\u201c vitrina puikiai tiks tiek didesniuose, tiek ma\u017eesniuose kambariuose. D\u0117l universali\u0173 matmen\u0173 ji puikiai dera prie bet kokio interjero. Surinkimas yra paprastas ir intuityvus, tod\u0117l gal\u0117site greitai m\u0117gautis nauju pirkiniu.<\/p>\n<p>\u201eShirley SHIV01\u201c \u2013 tai baldas, kuris tikrai pritrauks ak\u012f ir prad\u017eiugins j\u016bs\u0173 sve\u010dius. Pasirinkdami \u0161i\u0105 unikali\u0105 \u201eMeble W\u00f3jcik\u201c vitrin\u0105, suteikite savo interjerui elegancijos ir modernumo. Suteikite savo interjerui unikal\u0173 charakter\u012f.<\/p>","protected":false},"excerpt":{"rendered":"<p>Plotis (cm): 82,1<br \/>\n\u016agis (cm): 156<br \/>\nGylis (cm): 40<\/p>","protected":false},"featured_media":162793,"comment_status":"open","ping_status":"open","template":"","meta":[],"product_brand":[],"product_cat":[9466,4107,2006],"product_tag":[],"class_list":{"0":"post-162792","1":"product","2":"type-product","3":"status-publish","4":"has-post-thumbnail","6":"product_cat-furniture-system-shirley-wojcik-meble","7":"product_cat-meble-wojcik","8":"product_cat-vitrines","10":"first","11":"instock","12":"purchasable","13":"product-type-simple"},"_links":{"self":[{"href":"https:\/\/baldumarket.lt\/lt\/wp-json\/wp\/v2\/product\/162792","targetHints":{"allow":["GET"]}}],"collection":[{"href":"https:\/\/baldumarket.lt\/lt\/wp-json\/wp\/v2\/product"}],"about":[{"href":"https:\/\/baldumarket.lt\/lt\/wp-json\/wp\/v2\/types\/product"}],"replies":[{"embeddable":true,"href":"https:\/\/baldumarket.lt\/lt\/wp-json\/wp\/v2\/comments?post=162792"}],"wp:featuredmedia":[{"embeddable":true,"href":"https:\/\/baldumarket.lt\/lt\/wp-json\/wp\/v2\/media\/162793"}],"wp:attachment":[{"href":"https:\/\/baldumarket.lt\/lt\/wp-json\/wp\/v2\/media?parent=162792"}],"wp:term":[{"taxonomy":"product_brand","embeddable":true,"href":"https:\/\/baldumarket.lt\/lt\/wp-json\/wp\/v2\/product_brand?post=162792"},{"taxonomy":"product_cat","embeddable":true,"href":"https:\/\/baldumarket.lt\/lt\/wp-json\/wp\/v2\/product_cat?post=162792"},{"taxonomy":"product_tag","embeddable":true,"href":"https:\/\/baldumarket.lt\/lt\/wp-json\/wp\/v2\/product_tag?post=162792"}],"curies":[{"name":"wp","href":"https:\/\/api.w.org\/{rel}","templated":true}]}}