{"id":162787,"date":"2025-12-19T12:26:32","date_gmt":"2025-12-19T09:26:32","guid":{"rendered":"https:\/\/baldumarket.lt\/product\/shirley-shik06-komoda-2d2s-szarozielony-antracyt-nadruk\/"},"modified":"2026-04-06T20:05:56","modified_gmt":"2026-04-06T17:05:56","slug":"shirley-shik06-komoda-2d2s-szarozielony-antracyt-nadruk","status":"publish","type":"product","link":"https:\/\/baldumarket.lt\/lt\/product\/shirley-shik06-komoda-2d2s-szarozielony-antracyt-nadruk\/","title":{"rendered":"Shirley SHIK06 \u2013 Komoda su 2 stal\u010diais, pilkai \u017ealia\/antracito spalvos\/ra\u0161tas"},"content":{"rendered":"<p>Praskaidrinkite savo interjer\u0105 unikalia \u2019Meble W\u00f3jcik\u201c komoda \u201eShirley SHIK06\u201c, kurioje dera i\u0161skirtinis stilius ir prakti\u0161kumas. Pagaminta eleganti\u0161kos pilkai \u017ealios ir antracito spalv\u0173 gamos, \u0161i komoda traukia ak\u012f moderniu, margintu dizainu. Ie\u0161kote baldo, kuris i\u0161siskirt\u0173 j\u016bs\u0173 svetain\u0117je, miegamajame ar prie\u0161kambaryje? \u201eShirley SHIK06\u201c \u2013 puikus pasirinkimas, \u012fne\u0161antis gaivumo ir modernumo \u012f bet kur\u012f kambar\u012f. Kai funkcionalumas dera su estetika, pasiekiame sprendim\u0105, kuris patenkins net ir reikliausius vartotojus. Pilkai \u017ealias korpusas ir fasadai kartu su antracito apdaila ne tik sukuria harmoning\u0105 spalv\u0173 gam\u0105, bet ir jauki\u0105 atmosfer\u0105. D\u0117l laminuotos plok\u0161t\u0117s naudojimo \u201eShirley SHIK06\u201c komoda yra itin patvari ir atspari pa\u017eeidimams, u\u017etikrinanti jos ilgaam\u017ei\u0161kum\u0105 ir nekintan\u010di\u0105 i\u0161vaizd\u0105 daugel\u012f met\u0173. Ta\u010diau \u201eShirley SHIK06\u201c si\u016blo daugiau nei vien gro\u017e\u012f! Patogios plastikin\u0117s ranken\u0117l\u0117s ir \u0161velnaus u\u017edarymo sistema paver\u010dia \u0161ios komodos naudojim\u0105 tikru malonumu. Du erdv\u016bs stal\u010diai ir erdvios spintel\u0117s suteikia puiki\u0105 viet\u0105 visiems j\u016bs\u0173 reikalingiausiems daiktams susid\u0117ti, padeda palaikyti tvark\u0105 ir organizuotum\u0105 j\u016bs\u0173 namuose. Pilno i\u0161traukimo rutuliniai guoliai u\u017etikrina lengv\u0105 prieig\u0105 prie stal\u010di\u0173 turinio, tod\u0117l kasdienis naudojimas yra nepaprastai patogus.<\/p>","protected":false},"excerpt":{"rendered":"<p>Plotis (cm): 158,2<br \/>\n\u016agis (cm): 84,8<br \/>\nGylis (cm): 40<\/p>","protected":false},"featured_media":162788,"comment_status":"open","ping_status":"open","template":"","meta":[],"product_brand":[],"product_cat":[9466,1173,4107],"product_tag":[],"class_list":{"0":"post-162787","1":"product","2":"type-product","3":"status-publish","4":"has-post-thumbnail","6":"product_cat-furniture-system-shirley-wojcik-meble","7":"product_cat-chests-of-drawers","8":"product_cat-meble-wojcik","10":"first","11":"instock","12":"purchasable","13":"product-type-simple"},"_links":{"self":[{"href":"https:\/\/baldumarket.lt\/lt\/wp-json\/wp\/v2\/product\/162787","targetHints":{"allow":["GET"]}}],"collection":[{"href":"https:\/\/baldumarket.lt\/lt\/wp-json\/wp\/v2\/product"}],"about":[{"href":"https:\/\/baldumarket.lt\/lt\/wp-json\/wp\/v2\/types\/product"}],"replies":[{"embeddable":true,"href":"https:\/\/baldumarket.lt\/lt\/wp-json\/wp\/v2\/comments?post=162787"}],"wp:featuredmedia":[{"embeddable":true,"href":"https:\/\/baldumarket.lt\/lt\/wp-json\/wp\/v2\/media\/162788"}],"wp:attachment":[{"href":"https:\/\/baldumarket.lt\/lt\/wp-json\/wp\/v2\/media?parent=162787"}],"wp:term":[{"taxonomy":"product_brand","embeddable":true,"href":"https:\/\/baldumarket.lt\/lt\/wp-json\/wp\/v2\/product_brand?post=162787"},{"taxonomy":"product_cat","embeddable":true,"href":"https:\/\/baldumarket.lt\/lt\/wp-json\/wp\/v2\/product_cat?post=162787"},{"taxonomy":"product_tag","embeddable":true,"href":"https:\/\/baldumarket.lt\/lt\/wp-json\/wp\/v2\/product_tag?post=162787"}],"curies":[{"name":"wp","href":"https:\/\/api.w.org\/{rel}","templated":true}]}}