{"id":162783,"date":"2025-12-19T12:26:24","date_gmt":"2025-12-19T09:26:24","guid":{"rendered":"https:\/\/baldumarket.lt\/product\/shirley-shir01-regal-2d1s-szarozielony-antracyt-nadruk\/"},"modified":"2026-04-06T20:05:56","modified_gmt":"2026-04-06T17:05:56","slug":"shirley-shir01-regal-2d1s-szarozielony-antracyt-nadruk","status":"publish","type":"product","link":"https:\/\/baldumarket.lt\/lt\/product\/shirley-shir01-regal-2d1s-szarozielony-antracyt-nadruk\/","title":{"rendered":"\u201eShirley SHIR01\u201c \u2013 2-D1S lentyna, pilka\/antracito spalvos\/ra\u0161tas"},"content":{"rendered":"<p>Marek Meble W\u00f3jcik sukurta knyg\u0173 lentyna \u201eShirley SHIR01\u201c \u2013 tai unikalus stiliaus ir funkcionalumo derinys, patraukiantis ak\u012f i\u0161 pirmo \u017evilgsnio. Pilkai \u017ealia spalva kartu su antracito akcentais suteikia jai modern\u0173 ir eleganti\u0161k\u0105 vaizd\u0105, puikiai tinkant\u012f bet kokiam \u0161iuolaikiniam interjerui. Intriguojantis ra\u0161tas ant fasad\u0173 i\u0161skiria \u0161i\u0105 lentyn\u0105 i\u0161 minios ir tarnauja kaip \u012fdomus dekoratyvinis elementas kambaryje.<\/p>\n<p>Ji puikiai tinka svetain\u0117ms, biurams, vaik\u0173 ar paaugli\u0173 kambariams, suteikdama gaivumo ir dinami\u0161kumo. \u0160i knyg\u0173 lentyna ne tik atrodo gra\u017eiai, bet ir yra ne\u012ftik\u0117tinai funkcionali. D\u0117l gerai apgalvoto suskirstymo \u012f lentynas, stal\u010di\u0173 ir dvigub\u0173 dur\u0173 galite lengvai susitvarkyti savo daiktus ir palaikyti tvark\u0105 namuose.<\/p>\n<p>Laminuoti fasadai ir korpusas yra atspar\u016bs kasdieniam d\u0117v\u0117jimuisi, tod\u0117l \u201eShirley SHIR01\u201c knyg\u0173 lentyna yra baldas, kuris tarnaus ilgus metus. \u0160velniai u\u017esidarantys vyriai ir pilno i\u0161traukimo stal\u010diai su rutuliniais guoliais u\u017etikrina komfort\u0105, o plastikin\u0117s rankenos suteikia modernumo. Tai puikus sprendimas tiems, kurie vertina estetik\u0105 ir prakti\u0161kum\u0105.<\/p>\n<p>Metalin\u0117s kojel\u0117s suteikia visai konstrukcijai stabilumo ir ilgaam\u017ei\u0161kumo, o lengvai surenkamas dizainas daro \u0161i\u0105 lentyn\u0173 sistem\u0105 patogiu pasirinkimu. Jei ie\u0161kote bald\u0173, kurie derint\u0173 estetik\u0105 ir funkcionalum\u0105, \u201eShirley SHIR01\u201c lentyn\u0173 sistema yra puikus pasirinkimas, suteikiantis j\u016bs\u0173 interjerui modernumo ir kasdienio prakti\u0161kumo.<\/p>","protected":false},"excerpt":{"rendered":"<p>Plotis (cm): 112,1<br \/>\n\u016agis (cm): 156<br \/>\nGylis (cm): 40<\/p>","protected":false},"featured_media":162784,"comment_status":"open","ping_status":"open","template":"","meta":[],"product_brand":[],"product_cat":[9466,4107,1177],"product_tag":[],"class_list":{"0":"post-162783","1":"product","2":"type-product","3":"status-publish","4":"has-post-thumbnail","6":"product_cat-furniture-system-shirley-wojcik-meble","7":"product_cat-meble-wojcik","8":"product_cat-wardrobes","10":"first","11":"instock","12":"purchasable","13":"product-type-simple"},"_links":{"self":[{"href":"https:\/\/baldumarket.lt\/lt\/wp-json\/wp\/v2\/product\/162783","targetHints":{"allow":["GET"]}}],"collection":[{"href":"https:\/\/baldumarket.lt\/lt\/wp-json\/wp\/v2\/product"}],"about":[{"href":"https:\/\/baldumarket.lt\/lt\/wp-json\/wp\/v2\/types\/product"}],"replies":[{"embeddable":true,"href":"https:\/\/baldumarket.lt\/lt\/wp-json\/wp\/v2\/comments?post=162783"}],"wp:featuredmedia":[{"embeddable":true,"href":"https:\/\/baldumarket.lt\/lt\/wp-json\/wp\/v2\/media\/162784"}],"wp:attachment":[{"href":"https:\/\/baldumarket.lt\/lt\/wp-json\/wp\/v2\/media?parent=162783"}],"wp:term":[{"taxonomy":"product_brand","embeddable":true,"href":"https:\/\/baldumarket.lt\/lt\/wp-json\/wp\/v2\/product_brand?post=162783"},{"taxonomy":"product_cat","embeddable":true,"href":"https:\/\/baldumarket.lt\/lt\/wp-json\/wp\/v2\/product_cat?post=162783"},{"taxonomy":"product_tag","embeddable":true,"href":"https:\/\/baldumarket.lt\/lt\/wp-json\/wp\/v2\/product_tag?post=162783"}],"curies":[{"name":"wp","href":"https:\/\/api.w.org\/{rel}","templated":true}]}}