{"id":162774,"date":"2025-12-19T12:26:05","date_gmt":"2025-12-19T09:26:05","guid":{"rendered":"https:\/\/baldumarket.lt\/product\/pozzi-pozz01-lozko-90x200-cm-szarozielony-dab-coast-evoke\/"},"modified":"2026-04-06T19:46:38","modified_gmt":"2026-04-06T16:46:38","slug":"pozzi-pozz01-lozko-90x200-cm-szarozielony-dab-coast-evoke","status":"publish","type":"product","link":"https:\/\/baldumarket.lt\/lt\/product\/pozzi-pozz01-lozko-90x200-cm-szarozielony-dab-coast-evoke\/","title":{"rendered":"Pozzi POZZ01 \u2013 Lova 90\u00d7200 cm, pilkai \u017ealia\/paj\u016brio stiliaus \u0105\u017euolas"},"content":{"rendered":"<p>U\u017etikrinkite maksimal\u0173 komfort\u0105 ir stiling\u0105 miegamojo dizain\u0105 su \u201eMeble W\u00f3jcik\u201c \u201ePozzi POZZ01\u201c lova. \u0160i i\u0161skirtin\u0117 90\u00d7200 cm lova \u017eavi eleganti\u0161ku pilkai \u017ealios ir kilmingo \u201eCoast Evoke\u201c \u0105\u017euolo deriniu, suteikdama interjerui modern\u0173 ir unikal\u0173 charakter\u012f. D\u0117l kruop\u0161taus darbo i\u0161 laminuotos plok\u0161t\u0117s, lova yra ne tik esteti\u0161kai patraukli, bet ir patvari bei lengvai pri\u017ei\u016brima. Stilinga ir funkcionali \u201ePozzi POZZ01\u201c lova puikiai tinka tiek jaunimo miegamiesiems, tiek skoningai dekoruotiems sve\u010di\u0173 kambariams. Neutral\u016bs pilkai \u017eali atspalviai ir klasikinis dizainas lengvai papildys \u012fvairius interjero stilius \u2013 nuo modernaus iki skandinavi\u0161ko. Kad ir kokias dekoracijas ir aksesuarus pasirinktum\u0117te, \u201ePozzi POZZ01\u201c lova visada bus eleganti\u0161kas j\u016bs\u0173 miegamojo pagrindas. Tvarkingas, minimalistinis dizainas leid\u017eia eksperimentuoti su patalyn\u0117s ir lovatiesi\u0173 spalvomis, sukuriant unikalias kompozicijas. Papildomas, pasirenkamas \u201eButterfly\u201c ap\u0161vietimas leis erdvei suteikti intymi\u0105 ir jauki\u0105 atmosfer\u0105.<\/p>","protected":false},"excerpt":{"rendered":"<p>Plotis (cm): 95,1<br \/>\n\u016agis (cm): 95,9<br \/>\nGylis (cm): 205,4<\/p>","protected":false},"featured_media":162775,"comment_status":"open","ping_status":"open","template":"","meta":[],"product_brand":[],"product_cat":[9493,505,4107],"product_tag":[],"class_list":{"0":"post-162774","1":"product","2":"type-product","3":"status-publish","4":"has-post-thumbnail","6":"product_cat-furniture-system-pozzi-wojcik-meble","7":"product_cat-bedroom-beds","8":"product_cat-meble-wojcik","10":"first","11":"instock","12":"purchasable","13":"product-type-simple"},"_links":{"self":[{"href":"https:\/\/baldumarket.lt\/lt\/wp-json\/wp\/v2\/product\/162774","targetHints":{"allow":["GET"]}}],"collection":[{"href":"https:\/\/baldumarket.lt\/lt\/wp-json\/wp\/v2\/product"}],"about":[{"href":"https:\/\/baldumarket.lt\/lt\/wp-json\/wp\/v2\/types\/product"}],"replies":[{"embeddable":true,"href":"https:\/\/baldumarket.lt\/lt\/wp-json\/wp\/v2\/comments?post=162774"}],"wp:featuredmedia":[{"embeddable":true,"href":"https:\/\/baldumarket.lt\/lt\/wp-json\/wp\/v2\/media\/162775"}],"wp:attachment":[{"href":"https:\/\/baldumarket.lt\/lt\/wp-json\/wp\/v2\/media?parent=162774"}],"wp:term":[{"taxonomy":"product_brand","embeddable":true,"href":"https:\/\/baldumarket.lt\/lt\/wp-json\/wp\/v2\/product_brand?post=162774"},{"taxonomy":"product_cat","embeddable":true,"href":"https:\/\/baldumarket.lt\/lt\/wp-json\/wp\/v2\/product_cat?post=162774"},{"taxonomy":"product_tag","embeddable":true,"href":"https:\/\/baldumarket.lt\/lt\/wp-json\/wp\/v2\/product_tag?post=162774"}],"curies":[{"name":"wp","href":"https:\/\/api.w.org\/{rel}","templated":true}]}}