{"id":162769,"date":"2025-12-19T12:25:54","date_gmt":"2025-12-19T09:25:54","guid":{"rendered":"https:\/\/baldumarket.lt\/product\/pozzi-pozz02-lozko-120x200-cm-szarozielony-dab-coast-evoke\/"},"modified":"2026-04-06T19:46:38","modified_gmt":"2026-04-06T16:46:38","slug":"pozzi-pozz02-lozko-120x200-cm-szarozielony-dab-coast-evoke","status":"publish","type":"product","link":"https:\/\/baldumarket.lt\/lt\/product\/pozzi-pozz02-lozko-120x200-cm-szarozielony-dab-coast-evoke\/","title":{"rendered":"Pozzi POZZ02 \u2013 Lova 120\u00d7200 cm, pilkai \u017ealia\/paj\u016brio stiliaus \u0105\u017euolas"},"content":{"rendered":"<p>\u201ePozzi POZZ02\u201c lova \u2013 tai stiliaus ir komforto esencija, puikiai papildanti modern\u0173 interjer\u0105. Eleganti\u0161ka pilkai \u017ealia spalva, derinama su rafinuotu \u201eCoast Evoke Oak\u201c \u0105\u017euolu, suteikia bet kuriam miegamajam unikal\u0173 charakter\u012f. Tai puikus pasirinkimas tiems, kurie vertina subtili\u0105 elegancij\u0105 su rafinuoto paprastumo prisilietimu. \u201ePozzi POZZ02\u201c lovos dizainas traukia ak\u012f harmoningu spalv\u0173 ir med\u017eiag\u0173 deriniu. Pilkai \u017ealio atspalvio laminuota lenta ne tik puikiai atrodo, bet ir lengvai valoma, tod\u0117l lova daugel\u012f met\u0173 i\u0161laikys neprilygstam\u0105 i\u0161vaizd\u0105. Subtil\u016bs, ta\u010diau ry\u0161k\u016bs spalv\u0173 akcentai paver\u010dia \u0161\u012f bald\u0105 bet kurio miegamojo traukos centru. \u201ePozzi POZZ02\u201c lovos funkcionalumas sukurtas galvojant apie kasdien\u012f komfort\u0105. 120 \u00d7 200 cm plotis suteikia pakankamai vietos patogiam nakties miegui, o tvirta laminuotos lentos konstrukcija u\u017etikrina ilgaam\u017ei\u0161kum\u0105. Nors r\u0117mas ir \u010diu\u017einys \u012f komplekt\u0105 ne\u012feina, galite juos pritaikyti pagal savo pageidavimus, o tai dar labiau padidina baldo funkcionalum\u0105.<\/p>","protected":false},"excerpt":{"rendered":"<p>Plotis (cm): 125,1<br \/>\n\u016agis (cm): 95,9<br \/>\nGylis (cm): 205,4<\/p>","protected":false},"featured_media":162770,"comment_status":"open","ping_status":"open","template":"","meta":[],"product_brand":[],"product_cat":[9493,505,4107],"product_tag":[],"class_list":{"0":"post-162769","1":"product","2":"type-product","3":"status-publish","4":"has-post-thumbnail","6":"product_cat-furniture-system-pozzi-wojcik-meble","7":"product_cat-bedroom-beds","8":"product_cat-meble-wojcik","10":"first","11":"instock","12":"purchasable","13":"product-type-simple"},"_links":{"self":[{"href":"https:\/\/baldumarket.lt\/lt\/wp-json\/wp\/v2\/product\/162769","targetHints":{"allow":["GET"]}}],"collection":[{"href":"https:\/\/baldumarket.lt\/lt\/wp-json\/wp\/v2\/product"}],"about":[{"href":"https:\/\/baldumarket.lt\/lt\/wp-json\/wp\/v2\/types\/product"}],"replies":[{"embeddable":true,"href":"https:\/\/baldumarket.lt\/lt\/wp-json\/wp\/v2\/comments?post=162769"}],"wp:featuredmedia":[{"embeddable":true,"href":"https:\/\/baldumarket.lt\/lt\/wp-json\/wp\/v2\/media\/162770"}],"wp:attachment":[{"href":"https:\/\/baldumarket.lt\/lt\/wp-json\/wp\/v2\/media?parent=162769"}],"wp:term":[{"taxonomy":"product_brand","embeddable":true,"href":"https:\/\/baldumarket.lt\/lt\/wp-json\/wp\/v2\/product_brand?post=162769"},{"taxonomy":"product_cat","embeddable":true,"href":"https:\/\/baldumarket.lt\/lt\/wp-json\/wp\/v2\/product_cat?post=162769"},{"taxonomy":"product_tag","embeddable":true,"href":"https:\/\/baldumarket.lt\/lt\/wp-json\/wp\/v2\/product_tag?post=162769"}],"curies":[{"name":"wp","href":"https:\/\/api.w.org\/{rel}","templated":true}]}}