{"id":162764,"date":"2025-12-19T12:25:43","date_gmt":"2025-12-19T09:25:43","guid":{"rendered":"https:\/\/baldumarket.lt\/product\/pozzi-pozz03-lozko-140x200-cm-szarozielony-dab-coast-evoke\/"},"modified":"2026-04-06T19:46:38","modified_gmt":"2026-04-06T16:46:38","slug":"pozzi-pozz03-lozko-140x200-cm-szarozielony-dab-coast-evoke","status":"publish","type":"product","link":"https:\/\/baldumarket.lt\/lt\/product\/pozzi-pozz03-lozko-140x200-cm-szarozielony-dab-coast-evoke\/","title":{"rendered":"Pozzi POZZ03 \u2013 Lova 140\u00d7200 cm, pilkai \u017ealia\/paj\u016brio stiliaus \u0105\u017euolas"},"content":{"rendered":"<p>Eleganti\u0161ka \u201eMeble W\u00f3jcik\u201c \u201ePozzi POZZ03\u201c lova \u2013 tai unikalus miegamojo dizaino elementas, kuriame derinamas modernus dizainas su klasikine elegancija. Pilk\u0161vai \u017ealia \u0161ios lovos spalva kartu su nat\u016braliu \u201eCoast Evoke\u201c \u0105\u017euolo medienos atspalviu sukuria harmoning\u0105 kompozicij\u0105, kuri puikiai papildys bet kok\u012f interjero dizain\u0105. \u201ePozzi\u201c lova \u2013 tai komforto ir stiliaus kvintesencija. Tvirta laminuota lenta garantuoja patvarum\u0105 ir stabilum\u0105, kartu suteikdama kambariui \u0161ilumos ir jaukumo. Unikali pilk\u0161vai \u017ealia priekin\u0117s dalies ir korpuso spalva pabr\u0117\u017eia modern\u0173 baldo charakter\u012f ir suteikia miegamajam rafinuot\u0105 i\u0161vaizd\u0105. Prakti\u0161ki lovos matmenys \u2013 140 \u00d7 200 cm \u2013 daro j\u0105 puikiu pasirinkimu tiek ma\u017eiems, tiek didesniems miegamiesiems. \u0160ios lovos funkcionalumas sukurtas atsi\u017evelgiant \u012f kasdien\u012f naudojim\u0105, u\u017etikrinant komfort\u0105 ir maksimal\u0173 atsipalaidavim\u0105 miego metu. Papildomai pasirenkamas 2 ta\u0161k\u0173 \u201eFlexi\u201c ap\u0161vietimas dar labiau i\u0161ry\u0161kina unikal\u0173 lovos dizain\u0105, sukurdamas jauki\u0105 ir jauki\u0105 atmosfer\u0105.<\/p>","protected":false},"excerpt":{"rendered":"<p>Plotis (cm): 145,1<br \/>\n\u016agis (cm): 95,9<br \/>\nGylis (cm): 205,4<\/p>","protected":false},"featured_media":162765,"comment_status":"open","ping_status":"open","template":"","meta":[],"product_brand":[],"product_cat":[9493,505,4107],"product_tag":[],"class_list":{"0":"post-162764","1":"product","2":"type-product","3":"status-publish","4":"has-post-thumbnail","6":"product_cat-furniture-system-pozzi-wojcik-meble","7":"product_cat-bedroom-beds","8":"product_cat-meble-wojcik","10":"first","11":"instock","12":"purchasable","13":"product-type-simple"},"_links":{"self":[{"href":"https:\/\/baldumarket.lt\/lt\/wp-json\/wp\/v2\/product\/162764","targetHints":{"allow":["GET"]}}],"collection":[{"href":"https:\/\/baldumarket.lt\/lt\/wp-json\/wp\/v2\/product"}],"about":[{"href":"https:\/\/baldumarket.lt\/lt\/wp-json\/wp\/v2\/types\/product"}],"replies":[{"embeddable":true,"href":"https:\/\/baldumarket.lt\/lt\/wp-json\/wp\/v2\/comments?post=162764"}],"wp:featuredmedia":[{"embeddable":true,"href":"https:\/\/baldumarket.lt\/lt\/wp-json\/wp\/v2\/media\/162765"}],"wp:attachment":[{"href":"https:\/\/baldumarket.lt\/lt\/wp-json\/wp\/v2\/media?parent=162764"}],"wp:term":[{"taxonomy":"product_brand","embeddable":true,"href":"https:\/\/baldumarket.lt\/lt\/wp-json\/wp\/v2\/product_brand?post=162764"},{"taxonomy":"product_cat","embeddable":true,"href":"https:\/\/baldumarket.lt\/lt\/wp-json\/wp\/v2\/product_cat?post=162764"},{"taxonomy":"product_tag","embeddable":true,"href":"https:\/\/baldumarket.lt\/lt\/wp-json\/wp\/v2\/product_tag?post=162764"}],"curies":[{"name":"wp","href":"https:\/\/api.w.org\/{rel}","templated":true}]}}