{"id":162760,"date":"2025-12-19T12:25:35","date_gmt":"2025-12-19T09:25:35","guid":{"rendered":"https:\/\/baldumarket.lt\/product\/pozzi-pozk04-komoda-2d2s-szarozielony-dab-coast-evoke\/"},"modified":"2026-04-06T19:46:38","modified_gmt":"2026-04-06T16:46:38","slug":"pozzi-pozk04-komoda-2d2s-szarozielony-dab-coast-evoke","status":"publish","type":"product","link":"https:\/\/baldumarket.lt\/lt\/product\/pozzi-pozk04-komoda-2d2s-szarozielony-dab-coast-evoke\/","title":{"rendered":"Pozzi POZK04 \u2013 2D2S komoda, pilkai \u017ealia\/pakrant\u0117s stiliaus \u0105\u017euolas"},"content":{"rendered":"<p>\u201eMeble W\u00f3jcik\u201c \u201ePozzi POZK04\u201c indauja \u2013 tai tobulas modernaus stiliaus ir funkcionalumo derinys. Eleganti\u0161ka pilkai \u017ealia spalva kartu su \u201eCoast Evoke\u201c \u0105\u017euolo akcentais suteikia interjerui unikal\u0173 charakter\u012f. Gra\u017eiai pagaminta indauja pasi\u017eymi minimalistiniu dizainu, kuris skland\u017eiai dera prie \u012fvairi\u0173 interjero dizain\u0173.<\/p>\n<p>D\u0117l kruop\u0161taus MDF ir laminato gamybos proceso \u0161i indauja yra i\u0161skirtinai tvirta ir maloni liesti. Be ranken\u0117li\u0173 veikianti atidarymo sistema, skirta atidaryti spustel\u0117jus, pabr\u0117\u017eia moderni\u0105, \u0161vari\u0105 jos i\u0161vaizd\u0105 ir u\u017etikrina patog\u0173 naudojim\u0105. Paprastas, ta\u010diau eleganti\u0161kas dizainas daro \u201ePozzi\u201c indauja ne tik gra\u017ei\u0105, bet ir prakti\u0161k\u0105.<\/p>\n<p>Komodos funkcionalumas pabr\u0117\u017eia jos erdvum\u0105 \u2013 joje lengvai susid\u0117site svarbiausius kasdienius daiktus. Du erdv\u016bs stal\u010diai ir dvi erdvios lentynos suteikia daug vietos drabu\u017eiams, aksesuarams ir dokumentams. Pilno i\u0161traukimo rutuliniai guoliai u\u017etikrina lengv\u0105 prieig\u0105 prie visko, kas yra viduje.<\/p>\n<p>Metalin\u0117s kojel\u0117s suteikia komodai modernumo ir u\u017etikrina stabilum\u0105 bei ilgaam\u017ei\u0161kum\u0105. Paprastos linijos ir unikali spalva daro \u201ePozzi POZK04\u201c komod\u0105 puikiai tinkan\u010dia svetainei, miegamajam ar biurui, tampan\u010dia stilingu ir funkcionaliu bet kokio interjero elementu. Komod\u0105 galima surinkti patiems, o tai dar labiau supaprastina jos naudojim\u0105.<\/p>\n<p>Jei ie\u0161kote bald\u0173, kurie derint\u0173 i\u0161skirtin\u012f dizain\u0105 ir prakti\u0161kum\u0105, \u201ePozzi POZK04\u201c komoda yra puikus pasirinkimas. Jos nesenstanti i\u0161vaizda ir auk\u0161tos kokyb\u0117s meistri\u0161kumas u\u017etikrins, kad ilgus metus d\u017eiaugsit\u0117s jos elegancija.<\/p>","protected":false},"excerpt":{"rendered":"<p>Plotis (cm): 78,2<br \/>\n\u016agis (cm): 105,2<br \/>\nGylis (cm): 40<\/p>","protected":false},"featured_media":162761,"comment_status":"open","ping_status":"open","template":"","meta":[],"product_brand":[],"product_cat":[9493,1173,4107],"product_tag":[],"class_list":{"0":"post-162760","1":"product","2":"type-product","3":"status-publish","4":"has-post-thumbnail","6":"product_cat-furniture-system-pozzi-wojcik-meble","7":"product_cat-chests-of-drawers","8":"product_cat-meble-wojcik","10":"first","11":"instock","12":"purchasable","13":"product-type-simple"},"_links":{"self":[{"href":"https:\/\/baldumarket.lt\/lt\/wp-json\/wp\/v2\/product\/162760","targetHints":{"allow":["GET"]}}],"collection":[{"href":"https:\/\/baldumarket.lt\/lt\/wp-json\/wp\/v2\/product"}],"about":[{"href":"https:\/\/baldumarket.lt\/lt\/wp-json\/wp\/v2\/types\/product"}],"replies":[{"embeddable":true,"href":"https:\/\/baldumarket.lt\/lt\/wp-json\/wp\/v2\/comments?post=162760"}],"wp:featuredmedia":[{"embeddable":true,"href":"https:\/\/baldumarket.lt\/lt\/wp-json\/wp\/v2\/media\/162761"}],"wp:attachment":[{"href":"https:\/\/baldumarket.lt\/lt\/wp-json\/wp\/v2\/media?parent=162760"}],"wp:term":[{"taxonomy":"product_brand","embeddable":true,"href":"https:\/\/baldumarket.lt\/lt\/wp-json\/wp\/v2\/product_brand?post=162760"},{"taxonomy":"product_cat","embeddable":true,"href":"https:\/\/baldumarket.lt\/lt\/wp-json\/wp\/v2\/product_cat?post=162760"},{"taxonomy":"product_tag","embeddable":true,"href":"https:\/\/baldumarket.lt\/lt\/wp-json\/wp\/v2\/product_tag?post=162760"}],"curies":[{"name":"wp","href":"https:\/\/api.w.org\/{rel}","templated":true}]}}