{"id":162755,"date":"2025-12-19T12:25:23","date_gmt":"2025-12-19T09:25:23","guid":{"rendered":"https:\/\/baldumarket.lt\/product\/pozzi-pozp01-polka-wiszaca-szarozielony\/"},"modified":"2026-04-06T19:46:28","modified_gmt":"2026-04-06T16:46:28","slug":"pozzi-pozp01-polka-wiszaca-szarozielony","status":"publish","type":"product","link":"https:\/\/baldumarket.lt\/lt\/product\/pozzi-pozp01-polka-wiszaca-szarozielony\/","title":{"rendered":"Pozzi POZP01 \u2013 pilkai \u017ealia pakabinama lentyna"},"content":{"rendered":"<p>Atraskite nauj\u0105 daikt\u0173 laikymo dimensij\u0105 su \u201eMeble W\u00f3jcik\u201c pakabinama lentyna \u201ePozzi POZP01\u201c. Modernus, pilkai \u017ealias dizainas leid\u017eia jai puikiai papildyti \u012fvairius interjero stilius. \u0160i lentyna yra ne tik prakti\u0161kas sprendimas erdvei organizuoti, bet ir stilingas papildymas, pabr\u0117\u0161iantis individual\u0173 j\u016bs\u0173 nam\u0173 charakter\u012f. Unikalus pilkai \u017ealias derinys leid\u017eia \u201ePozzi POZP01\u201c lentynai puikiai dera prie dabartini\u0173 interjero dizaino tendencij\u0173. Suteikite savo interjerui elegancijos ir modernumo neprarandant funkcionalumo. Subtilus spalv\u0173 derinys sukuria rami\u0105 ir harmoning\u0105 atmosfer\u0105, be to, tai universalus pasirinkimas \u012fvairiems kambariams. Laminuotas lentynos pavir\u0161ius garantuoja patvarum\u0105 ir atsparum\u0105 kasdieniam naudojimui. Puikiai tinka svetainei, miegamajam ar biurui \u2013 visur, kur jums reikia papildomos vietos knygoms, dekoracijoms ar kitiems smulkiems daiktams laikyti. Metodi\u0161kas daikt\u0173 i\u0161d\u0117stymas ant \u201ePozzi POZP01\u201c lentynos padeda palaikyti tvark\u0105 ir estetik\u0105.<\/p>","protected":false},"excerpt":{"rendered":"<p>Plotis (cm): 120<br \/>\n\u016agis (cm): 13,6<br \/>\nGylis (cm): 20<\/p>","protected":false},"featured_media":162756,"comment_status":"open","ping_status":"open","template":"","meta":[],"product_brand":[],"product_cat":[9493,1174,4107],"product_tag":[],"class_list":{"0":"post-162755","1":"product","2":"type-product","3":"status-publish","4":"has-post-thumbnail","6":"product_cat-furniture-system-pozzi-wojcik-meble","7":"product_cat-hanging-shelves","8":"product_cat-meble-wojcik","10":"first","11":"instock","12":"purchasable","13":"product-type-simple"},"_links":{"self":[{"href":"https:\/\/baldumarket.lt\/lt\/wp-json\/wp\/v2\/product\/162755","targetHints":{"allow":["GET"]}}],"collection":[{"href":"https:\/\/baldumarket.lt\/lt\/wp-json\/wp\/v2\/product"}],"about":[{"href":"https:\/\/baldumarket.lt\/lt\/wp-json\/wp\/v2\/types\/product"}],"replies":[{"embeddable":true,"href":"https:\/\/baldumarket.lt\/lt\/wp-json\/wp\/v2\/comments?post=162755"}],"wp:featuredmedia":[{"embeddable":true,"href":"https:\/\/baldumarket.lt\/lt\/wp-json\/wp\/v2\/media\/162756"}],"wp:attachment":[{"href":"https:\/\/baldumarket.lt\/lt\/wp-json\/wp\/v2\/media?parent=162755"}],"wp:term":[{"taxonomy":"product_brand","embeddable":true,"href":"https:\/\/baldumarket.lt\/lt\/wp-json\/wp\/v2\/product_brand?post=162755"},{"taxonomy":"product_cat","embeddable":true,"href":"https:\/\/baldumarket.lt\/lt\/wp-json\/wp\/v2\/product_cat?post=162755"},{"taxonomy":"product_tag","embeddable":true,"href":"https:\/\/baldumarket.lt\/lt\/wp-json\/wp\/v2\/product_tag?post=162755"}],"curies":[{"name":"wp","href":"https:\/\/api.w.org\/{rel}","templated":true}]}}