{"id":162750,"date":"2025-12-19T12:25:12","date_gmt":"2025-12-19T09:25:12","guid":{"rendered":"https:\/\/baldumarket.lt\/product\/pozzi-pozr01-regal-2-drzwiowy-szarozielony-dab-coast-evoke\/"},"modified":"2026-04-06T19:46:28","modified_gmt":"2026-04-06T16:46:28","slug":"pozzi-pozr01-regal-2-drzwiowy-szarozielony-dab-coast-evoke","status":"publish","type":"product","link":"https:\/\/baldumarket.lt\/lt\/product\/pozzi-pozr01-regal-2-drzwiowy-szarozielony-dab-coast-evoke\/","title":{"rendered":"Pozzi POZR01 \u2013 2 dur\u0173 lentyna pilkai \u017ealios \/ pakrant\u0117s \u0105\u017euolo spalvos"},"content":{"rendered":"<p>Atraskite elegancij\u0105 ir funkcionalum\u0105 su \u201eMeble W\u00f3jcik\u201c knyg\u0173 lentyna \u201ePozzi POZR01\u201c. \u0160i stilinga knyg\u0173 lentyna, kurioje derinamas pilkai \u017ealias korpusas ir \u201eCoast Evoke Oak\u201c fasadas, yra tikras bet kokio interjero akcentas. D\u0117l harmoningo spalv\u0173 derinio \u0161i lentyna skland\u017eiai dera tiek prie modernaus, tiek prie klasikinio interjero, suteikdama \u0161ilumos ir jaukumo. \u201ePozzi\u201c knyg\u0173 lentyna sukurta tiems, kurie vertina funkcionalum\u0105 ir prakti\u0161kum\u0105. Stumdoma priekin\u0117 sistema be ranken\u0117li\u0173 yra ne tik modernus sprendimas, bet ir maksimalus patogumas kasdieniam naudojimui. Ji leid\u017eia greitai ir lengvai atidaryti lentynas, taupant viet\u0105 interjere. Tvirta \u201ePozzi POZR01\u201c knyg\u0173 lentynos konstrukcija kyla i\u0161 auk\u0161tos kokyb\u0117s med\u017eiag\u0173 naudojimo. Laminuotos plok\u0161t\u0117s korpusas ir MDF fasadai garantuoja patvarum\u0105 ir ilgaam\u017ei\u0161kum\u0105, tod\u0117l gal\u0117site d\u017eiaugtis jos gro\u017eiu daugel\u012f met\u0173. Metalin\u0117s kojel\u0117s suteikia modernumo, pabr\u0117\u017eiant unikal\u0173 dizain\u0105.<\/p>","protected":false},"excerpt":{"rendered":"<p>Plotis (cm): 75<br \/>\n\u016agis (cm): 162,8<br \/>\nGylis (cm): 40<\/p>","protected":false},"featured_media":162751,"comment_status":"open","ping_status":"open","template":"","meta":[],"product_brand":[],"product_cat":[9493,4107,1177],"product_tag":[],"class_list":{"0":"post-162750","1":"product","2":"type-product","3":"status-publish","4":"has-post-thumbnail","6":"product_cat-furniture-system-pozzi-wojcik-meble","7":"product_cat-meble-wojcik","8":"product_cat-wardrobes","10":"first","11":"instock","12":"purchasable","13":"product-type-simple"},"_links":{"self":[{"href":"https:\/\/baldumarket.lt\/lt\/wp-json\/wp\/v2\/product\/162750","targetHints":{"allow":["GET"]}}],"collection":[{"href":"https:\/\/baldumarket.lt\/lt\/wp-json\/wp\/v2\/product"}],"about":[{"href":"https:\/\/baldumarket.lt\/lt\/wp-json\/wp\/v2\/types\/product"}],"replies":[{"embeddable":true,"href":"https:\/\/baldumarket.lt\/lt\/wp-json\/wp\/v2\/comments?post=162750"}],"wp:featuredmedia":[{"embeddable":true,"href":"https:\/\/baldumarket.lt\/lt\/wp-json\/wp\/v2\/media\/162751"}],"wp:attachment":[{"href":"https:\/\/baldumarket.lt\/lt\/wp-json\/wp\/v2\/media?parent=162750"}],"wp:term":[{"taxonomy":"product_brand","embeddable":true,"href":"https:\/\/baldumarket.lt\/lt\/wp-json\/wp\/v2\/product_brand?post=162750"},{"taxonomy":"product_cat","embeddable":true,"href":"https:\/\/baldumarket.lt\/lt\/wp-json\/wp\/v2\/product_cat?post=162750"},{"taxonomy":"product_tag","embeddable":true,"href":"https:\/\/baldumarket.lt\/lt\/wp-json\/wp\/v2\/product_tag?post=162750"}],"curies":[{"name":"wp","href":"https:\/\/api.w.org\/{rel}","templated":true}]}}