{"id":162745,"date":"2025-12-19T12:25:02","date_gmt":"2025-12-19T09:25:02","guid":{"rendered":"https:\/\/baldumarket.lt\/product\/pozzi-pozt01-stolik-kawowy-szarozielony-dab-coast-evoke\/"},"modified":"2026-04-06T19:46:28","modified_gmt":"2026-04-06T16:46:28","slug":"pozzi-pozt01-stolik-kawowy-szarozielony-dab-coast-evoke","status":"publish","type":"product","link":"https:\/\/baldumarket.lt\/lt\/product\/pozzi-pozt01-stolik-kawowy-szarozielony-dab-coast-evoke\/","title":{"rendered":"Pozzi POZT01 \u2013 pilkai \u017ealias \/ pakrant\u0117s stiliaus \u0105\u017euolo kavos staliukas"},"content":{"rendered":"<p>Pakelkite savo svetain\u0117s elegancij\u0105 ir funkcionalum\u0105 \u012f kit\u0105 lyg\u012f su \u201ePozzi POZT01\u201c kavos staliuku. Unikalus pilkai \u017ealios ir \u201eCoast Evoke\u201c \u0105\u017euolo derinys suteikia \u0161ilumos ir modernaus stiliaus. Tai puikus pasirinkimas tiems, kurie vertina rafinuot\u0105 dizain\u0105 ir prakti\u0161kum\u0105. Stilinga \u201ePozzi POZT01\u201c kavos staliuko i\u0161vaizda paver\u010dia j\u012f bet kurios svetain\u0117s traukos centru. Subtilus pilkos spalvos atspalvis harmoningai papildo nat\u016brali\u0105 \u0105\u017euolo apdailos i\u0161vaizd\u0105, sukurdamas i\u0161skirtinai mading\u0105 ir universal\u0173 bald\u0105. Tai puikus sprendimas visiems, norintiems suteikti savo interjerui elegancijos neprarandant komforto. \u201ePozzi POZT01\u201c kavos staliuko funkcionalumas yra b\u016btinas kasdieniam naudojimui. Erdvus stalvir\u0161is suteikia pakankamai vietos kavos puodeliams, knygoms, dekoracijoms ar net ne\u0161iojamajam kompiuteriui, tod\u0117l jis yra nepakei\u010diamas pagalbininkas j\u016bs\u0173 poilsio akimirkoms. Tvirta laminuota plok\u0161t\u0117 u\u017etikrina patvarum\u0105 ir lengv\u0105 valym\u0105, u\u017etikrindama ilgamet\u012f naudojim\u0105.<\/p>","protected":false},"excerpt":{"rendered":"<p>Plotis (cm): 100<br \/>\n\u016agis (cm): 41,2<br \/>\nGylis (cm): 60<\/p>","protected":false},"featured_media":162746,"comment_status":"open","ping_status":"open","template":"","meta":[],"product_brand":[],"product_cat":[9493,866,4107],"product_tag":[],"class_list":{"0":"post-162745","1":"product","2":"type-product","3":"status-publish","4":"has-post-thumbnail","6":"product_cat-furniture-system-pozzi-wojcik-meble","7":"product_cat-coffee-tables","8":"product_cat-meble-wojcik","10":"first","11":"instock","12":"purchasable","13":"product-type-simple"},"_links":{"self":[{"href":"https:\/\/baldumarket.lt\/lt\/wp-json\/wp\/v2\/product\/162745","targetHints":{"allow":["GET"]}}],"collection":[{"href":"https:\/\/baldumarket.lt\/lt\/wp-json\/wp\/v2\/product"}],"about":[{"href":"https:\/\/baldumarket.lt\/lt\/wp-json\/wp\/v2\/types\/product"}],"replies":[{"embeddable":true,"href":"https:\/\/baldumarket.lt\/lt\/wp-json\/wp\/v2\/comments?post=162745"}],"wp:featuredmedia":[{"embeddable":true,"href":"https:\/\/baldumarket.lt\/lt\/wp-json\/wp\/v2\/media\/162746"}],"wp:attachment":[{"href":"https:\/\/baldumarket.lt\/lt\/wp-json\/wp\/v2\/media?parent=162745"}],"wp:term":[{"taxonomy":"product_brand","embeddable":true,"href":"https:\/\/baldumarket.lt\/lt\/wp-json\/wp\/v2\/product_brand?post=162745"},{"taxonomy":"product_cat","embeddable":true,"href":"https:\/\/baldumarket.lt\/lt\/wp-json\/wp\/v2\/product_cat?post=162745"},{"taxonomy":"product_tag","embeddable":true,"href":"https:\/\/baldumarket.lt\/lt\/wp-json\/wp\/v2\/product_tag?post=162745"}],"curies":[{"name":"wp","href":"https:\/\/api.w.org\/{rel}","templated":true}]}}