{"id":162741,"date":"2025-12-19T12:24:53","date_gmt":"2025-12-19T09:24:53","guid":{"rendered":"https:\/\/baldumarket.lt\/product\/pozzi-pozb01-biurko-2-szuflady-szarozielony-dab-coast-evoke\/"},"modified":"2026-04-06T19:46:28","modified_gmt":"2026-04-06T16:46:28","slug":"pozzi-pozb01-biurko-2-szuflady-szarozielony-dab-coast-evoke","status":"publish","type":"product","link":"https:\/\/baldumarket.lt\/lt\/product\/pozzi-pozb01-biurko-2-szuflady-szarozielony-dab-coast-evoke\/","title":{"rendered":"Pozzi POZB01 \u2013 ra\u0161omasis stalas su 2 stal\u010diais pilkai \u017ealios \/ pakrant\u0117s \u0105\u017euolo spalvos"},"content":{"rendered":"<p>\u201ePozzi POZB01\u201c ra\u0161omasis stalas \u2013 puikus pasirinkimas tiems, kurie vertina estetikos ir funkcionalumo derin\u012f. Unikali pilkai \u017ealia spalva kartu su eleganti\u0161ka \u201eCoast Evoke Oak\u201c apdaila suteiks bet kokiam interjerui modern\u0173 ir stiling\u0105 charakter\u012f. \u0160is stalas neabejotinai taps i\u0161skirtine j\u016bs\u0173 biuro ar svetain\u0117s puo\u0161mena, patraukdamas ak\u012f savo unikaliu dizainu.<\/p>\n<p>Su \u0161ia gra\u017eia, subtilia, bet eleganti\u0161ka spalva suteikite savo interjerui harmonijos ir ramyb\u0117s. Stalui panaudotos med\u017eiagos garantuoja jo patvarum\u0105 ir atsparum\u0105 pa\u017eeidimams, tod\u0117l gal\u0117site m\u0117gautis jo \u017eavesiu ilgus metus. Laminuota MDF plok\u0161t\u0117 derina klasikin\u012f stili\u0173 su modernumu, puikiai tinkanti bet kokiam interjerui.<\/p>\n<p>\u0160io stalo funkcionalumas ir dizainas yra pagirtini. Du plat\u016bs stal\u010diai suteikia daug vietos dokumentams ir biuro reikmenims laikyti, tod\u0117l j\u016bs\u0173 darbo vieta bus tvarkinga. Paspaudus atidarymo mechanizmas suteikia elegancijos ir patogumo, tod\u0117l nereikia ranken\u0173. Pilno i\u0161traukimo stal\u010di\u0173 b\u0117geliai su rutuliniais guoliais u\u017etikrina skland\u0173 stal\u010di\u0173 atidarym\u0105, dar labiau padidinant komfort\u0105.<\/p>\n<p>Sukurkite jauki\u0105 ir \u012fkvepian\u010di\u0105 darbo viet\u0105 su \u201ePozzi POZB01\u201c stalu. Tokios detal\u0117s kaip metalin\u0117s kojel\u0117s suteikia elegancijos, o tvirta konstrukcija u\u017etikrina stabilum\u0105 ir patikimum\u0105. Savaranki\u0161ko surinkimo rinkinys leid\u017eia greitai ir lengvai surinkti, tod\u0117l beveik i\u0161 karto gal\u0117site d\u017eiaugtis nauju, stilingu baldu savo namuose.<\/p>","protected":false},"excerpt":{"rendered":"<p>Plotis (cm): 120<br \/>\n\u016agis (cm): 76,4<br \/>\nGylis (cm): 58<\/p>","protected":false},"featured_media":162742,"comment_status":"open","ping_status":"open","template":"","meta":[],"product_brand":[],"product_cat":[9493,1312,4107],"product_tag":[],"class_list":{"0":"post-162741","1":"product","2":"type-product","3":"status-publish","4":"has-post-thumbnail","6":"product_cat-furniture-system-pozzi-wojcik-meble","7":"product_cat-desks","8":"product_cat-meble-wojcik","10":"first","11":"instock","12":"purchasable","13":"product-type-simple"},"_links":{"self":[{"href":"https:\/\/baldumarket.lt\/lt\/wp-json\/wp\/v2\/product\/162741","targetHints":{"allow":["GET"]}}],"collection":[{"href":"https:\/\/baldumarket.lt\/lt\/wp-json\/wp\/v2\/product"}],"about":[{"href":"https:\/\/baldumarket.lt\/lt\/wp-json\/wp\/v2\/types\/product"}],"replies":[{"embeddable":true,"href":"https:\/\/baldumarket.lt\/lt\/wp-json\/wp\/v2\/comments?post=162741"}],"wp:featuredmedia":[{"embeddable":true,"href":"https:\/\/baldumarket.lt\/lt\/wp-json\/wp\/v2\/media\/162742"}],"wp:attachment":[{"href":"https:\/\/baldumarket.lt\/lt\/wp-json\/wp\/v2\/media?parent=162741"}],"wp:term":[{"taxonomy":"product_brand","embeddable":true,"href":"https:\/\/baldumarket.lt\/lt\/wp-json\/wp\/v2\/product_brand?post=162741"},{"taxonomy":"product_cat","embeddable":true,"href":"https:\/\/baldumarket.lt\/lt\/wp-json\/wp\/v2\/product_cat?post=162741"},{"taxonomy":"product_tag","embeddable":true,"href":"https:\/\/baldumarket.lt\/lt\/wp-json\/wp\/v2\/product_tag?post=162741"}],"curies":[{"name":"wp","href":"https:\/\/api.w.org\/{rel}","templated":true}]}}