{"id":162729,"date":"2025-12-19T12:24:25","date_gmt":"2025-12-19T09:24:25","guid":{"rendered":"https:\/\/baldumarket.lt\/product\/pozzi-pozk01-komoda-1-drzwiowa-szarozielony-dab-coast-evoke\/"},"modified":"2026-04-06T19:46:28","modified_gmt":"2026-04-06T16:46:28","slug":"pozzi-pozk01-komoda-1-drzwiowa-szarozielony-dab-coast-evoke","status":"publish","type":"product","link":"https:\/\/baldumarket.lt\/lt\/product\/pozzi-pozk01-komoda-1-drzwiowa-szarozielony-dab-coast-evoke\/","title":{"rendered":"Pozzi POZK01 \u2013 pilkai \u017ealia \/ pakrant\u0117s \u0105\u017euolo spalvos komoda su 1 durimis"},"content":{"rendered":"<p>Atraskite i\u0161skirtin\u0119 elegancij\u0105, kuri\u0105 j\u016bs\u0173 interjerui suteikia \u201eMeble W\u00f3jcik\u201c komoda \u201ePozzi POZK01\u201c. Subtilus pilk\u0161vai \u017ealias korpusas dera su nat\u016braliu \u0105\u017euolo (Coast Evoke Oak) atspalviu, sukurdamas rami\u0105 ir stiling\u0105 atmosfer\u0105 bet kuriame kambaryje. \u0160i komoda, puikiai tinkanti svetainei, miegamajam ar prie\u0161kambariui, tikrai patrauks ak\u012f ir sustiprins j\u016bs\u0173 dekoro charakter\u012f. Unikalus spalv\u0173 ir med\u017eiag\u0173 derinys leid\u017eia \u201ePozzi POZK01\u201c komodai ne tik atrodyti nuostabiai, bet ir suteikti j\u016bs\u0173 interjerui \u0161ilumos bei jaukumo. Laminuotos plok\u0161t\u0117s apdaila ir tvirtas MDF fasadas u\u017etikrina patvarum\u0105 ir tvirtum\u0105, tod\u0117l gal\u0117site m\u0117gautis jos \u017eavesiu daugel\u012f met\u0173. Be ranken\u0117li\u0173 fasado sistema suteikia modernumo ir minimalistinio poj\u016b\u010dio, atitinkan\u010dio naujausias interjero dizaino tendencijas. \u201ePozzi POZK01\u201c komoda pasi\u017eymi ne tik i\u0161skirtiniu dizainu, bet ir prakti\u0161kumu kasdieniame naudojime. Gerai apgalvota stumdoma fasado sistema leid\u017eia lengvai pasiekti vid\u0173, o erdvus dizainas leid\u017eia patogiai laikyti b\u016btiniausius daiktus. D\u0117l to kiekvienas elementas ras savo viet\u0105, o j\u016bs \u012fgysite organizuot\u0105 erdv\u0119 ir harmonij\u0105 savo namuose.<\/p>","protected":false},"excerpt":{"rendered":"<p>Plotis (cm): 75<br \/>\n\u016agis (cm): 105,2<br \/>\nGylis (cm): 40<\/p>","protected":false},"featured_media":162730,"comment_status":"open","ping_status":"open","template":"","meta":[],"product_brand":[],"product_cat":[9493,1173,4107],"product_tag":[],"class_list":{"0":"post-162729","1":"product","2":"type-product","3":"status-publish","4":"has-post-thumbnail","6":"product_cat-furniture-system-pozzi-wojcik-meble","7":"product_cat-chests-of-drawers","8":"product_cat-meble-wojcik","10":"first","11":"instock","12":"purchasable","13":"product-type-simple"},"_links":{"self":[{"href":"https:\/\/baldumarket.lt\/lt\/wp-json\/wp\/v2\/product\/162729","targetHints":{"allow":["GET"]}}],"collection":[{"href":"https:\/\/baldumarket.lt\/lt\/wp-json\/wp\/v2\/product"}],"about":[{"href":"https:\/\/baldumarket.lt\/lt\/wp-json\/wp\/v2\/types\/product"}],"replies":[{"embeddable":true,"href":"https:\/\/baldumarket.lt\/lt\/wp-json\/wp\/v2\/comments?post=162729"}],"wp:featuredmedia":[{"embeddable":true,"href":"https:\/\/baldumarket.lt\/lt\/wp-json\/wp\/v2\/media\/162730"}],"wp:attachment":[{"href":"https:\/\/baldumarket.lt\/lt\/wp-json\/wp\/v2\/media?parent=162729"}],"wp:term":[{"taxonomy":"product_brand","embeddable":true,"href":"https:\/\/baldumarket.lt\/lt\/wp-json\/wp\/v2\/product_brand?post=162729"},{"taxonomy":"product_cat","embeddable":true,"href":"https:\/\/baldumarket.lt\/lt\/wp-json\/wp\/v2\/product_cat?post=162729"},{"taxonomy":"product_tag","embeddable":true,"href":"https:\/\/baldumarket.lt\/lt\/wp-json\/wp\/v2\/product_tag?post=162729"}],"curies":[{"name":"wp","href":"https:\/\/api.w.org\/{rel}","templated":true}]}}