{"id":162723,"date":"2025-12-19T12:24:09","date_gmt":"2025-12-19T09:24:09","guid":{"rendered":"https:\/\/baldumarket.lt\/product\/pozzi-pozk02-komoda-2-drzwiowa-szarozielony-dab-coast-evoke\/"},"modified":"2026-04-06T19:46:28","modified_gmt":"2026-04-06T16:46:28","slug":"pozzi-pozk02-komoda-2-drzwiowa-szarozielony-dab-coast-evoke","status":"publish","type":"product","link":"https:\/\/baldumarket.lt\/lt\/product\/pozzi-pozk02-komoda-2-drzwiowa-szarozielony-dab-coast-evoke\/","title":{"rendered":"Pozzi POZK02 \u2013 dviej\u0173 dur\u0173 komoda pilkai \u017ealios \/ pakrant\u0117s \u0105\u017euolo spalvos"},"content":{"rendered":"<p>Su \u201eMeble W\u00f3jcik\u201c komoda \u201ePozzi POZK02\u201c pakelkite savo interjer\u0105 \u012f auk\u0161tesn\u012f elegancijos lyg\u012f. \u0160i dviej\u0173 dur\u0173 komoda spinduliuoja moderniu stiliumi d\u0117l unikalaus pilkai \u017ealio korpuso ir \u201eCoast Evoke Oak\u201c fasad\u0173 spalv\u0173 derinio. \u0160is derinys puikiai tinka svetainei, miegamajam ar prie\u0161kambariui, suteikiant interjerui unikal\u0173 ir nesenstant\u012f charakter\u012f. Tvirta laminuotos plok\u0161t\u0117s ir MDF fasad\u0173 konstrukcija u\u017etikrina patvarum\u0105 ir tvirtum\u0105, tod\u0117l tai idealus sprendimas tiems, kurie vertina auk\u0161t\u0105 kokyb\u0119 ir stili\u0173. Baldai turi sistem\u0105 be ranken\u0117li\u0173, kuri dar labiau sustiprina eleganti\u0161k\u0105 ir moderni\u0105 i\u0161vaizd\u0105 bei palengvina kasdien\u012f naudojim\u0105. Metalin\u0117s kojel\u0117s suteikia baldui stabilumo ir unikal\u0173, industrin\u012f akcent\u0105. Komoda \u201ePozzi POZK02\u201c sukurta atsi\u017evelgiant \u012f funkcionalum\u0105. Stumdomi fasadai leid\u017eia dar lengviau ir patogiau pasiekti laikomus daiktus. Tai puikus sprendimas drabu\u017eiams, dokumentams ir kitiems b\u016btiniausiems daiktams laikyti, padedantis palaikyti tvark\u0105 bet kuriame kambaryje. D\u0117l savo matmen\u0173 (111,6 cm plo\u010dio, 105,2 cm auk\u0161\u010dio ir 40 cm gylio) komoda suteikia pakankamai erdv\u0117s neu\u017eimdama per daug vietos.<\/p>","protected":false},"excerpt":{"rendered":"<p>Plotis (cm): 111,6<br \/>\n\u016agis (cm): 105,2<br \/>\nGylis (cm): 40<\/p>","protected":false},"featured_media":162724,"comment_status":"open","ping_status":"open","template":"","meta":[],"product_brand":[],"product_cat":[9493,1173,4107],"product_tag":[],"class_list":{"0":"post-162723","1":"product","2":"type-product","3":"status-publish","4":"has-post-thumbnail","6":"product_cat-furniture-system-pozzi-wojcik-meble","7":"product_cat-chests-of-drawers","8":"product_cat-meble-wojcik","10":"first","11":"instock","12":"purchasable","13":"product-type-simple"},"_links":{"self":[{"href":"https:\/\/baldumarket.lt\/lt\/wp-json\/wp\/v2\/product\/162723","targetHints":{"allow":["GET"]}}],"collection":[{"href":"https:\/\/baldumarket.lt\/lt\/wp-json\/wp\/v2\/product"}],"about":[{"href":"https:\/\/baldumarket.lt\/lt\/wp-json\/wp\/v2\/types\/product"}],"replies":[{"embeddable":true,"href":"https:\/\/baldumarket.lt\/lt\/wp-json\/wp\/v2\/comments?post=162723"}],"wp:featuredmedia":[{"embeddable":true,"href":"https:\/\/baldumarket.lt\/lt\/wp-json\/wp\/v2\/media\/162724"}],"wp:attachment":[{"href":"https:\/\/baldumarket.lt\/lt\/wp-json\/wp\/v2\/media?parent=162723"}],"wp:term":[{"taxonomy":"product_brand","embeddable":true,"href":"https:\/\/baldumarket.lt\/lt\/wp-json\/wp\/v2\/product_brand?post=162723"},{"taxonomy":"product_cat","embeddable":true,"href":"https:\/\/baldumarket.lt\/lt\/wp-json\/wp\/v2\/product_cat?post=162723"},{"taxonomy":"product_tag","embeddable":true,"href":"https:\/\/baldumarket.lt\/lt\/wp-json\/wp\/v2\/product_tag?post=162723"}],"curies":[{"name":"wp","href":"https:\/\/api.w.org\/{rel}","templated":true}]}}