{"id":162717,"date":"2025-12-19T12:23:55","date_gmt":"2025-12-19T09:23:55","guid":{"rendered":"https:\/\/baldumarket.lt\/product\/fano-fans01-szafa-1d2s-kaszmir-dab-karmel\/"},"modified":"2026-04-06T18:42:48","modified_gmt":"2026-04-06T15:42:48","slug":"fano-fans01-szafa-1d2s-kaszmir-dab-karmel","status":"publish","type":"product","link":"https:\/\/baldumarket.lt\/lt\/product\/fano-fans01-szafa-1d2s-kaszmir-dab-karmel\/","title":{"rendered":"Fano FANS01 \u2013 Drabu\u017ein\u0117 1D2S Ka\u0161myro\/Karamel\u0117s \u0105\u017euolo spalvos"},"content":{"rendered":"<p>Fano FANS01 spinta \u2013 tai tobulas klasikos ir modernumo derinys, suteikiantis j\u016bs\u0173 interjerui elegancijos ir stiliaus. Ka\u0161myro spalvos priekin\u0117 dalis ir karamelinio \u0105\u017euolo akcentai sukuria harmoning\u0105 kompozicij\u0105, traukia ak\u012f ir suteikia erdvei unikal\u0173 charakter\u012f. \u0160is nesenstantis spalv\u0173 derinys leis spintai puikiai der\u0117ti tiek moderniame, tiek tradici\u0161kesniame interjere. \u0160ios spintos funkcionalumas ir naudojimo paprastumas yra auk\u0161\u010diausio lygio. Tikslus laminuotos plok\u0161t\u0117s darbas garantuoja ne tik estetin\u012f patrauklum\u0105, bet ir ilgaam\u017ei\u0161kum\u0105 bei atsparum\u0105 kasdieniam naudojimui. D\u0117l pasl\u0117pt\u0173 vyri\u0173 ir pilno i\u0161traukimo rutulini\u0173 guoli\u0173 b\u0117geli\u0173 stal\u010di\u0173 ir dur\u0173 naudojimas yra sklandus ir patogus, tod\u0117l lengviau palaikyti tvark\u0105. Unikalus Fano FANS01 spintos dizainas taip pat atsi\u017evelgia \u012f praktinius kasdienio gyvenimo aspektus. Erdvi vidin\u0117 erdv\u0117, kurios plotis yra 72,8 cm, o gylis \u2013 40 cm, leid\u017eia laikyti \u012fvairius daiktus \u2013 nuo drabu\u017ei\u0173 iki patalyn\u0117s ir aksesuar\u0173. 205 cm auk\u0161tis leid\u017eia optimaliai i\u0161naudoti erdv\u0119 kambaryje, o dirbtin\u0117s kojel\u0117s suteikia stabilumo ir modernaus akcento.<\/p>","protected":false},"excerpt":{"rendered":"<p>Plotis (cm): 72,8<br \/>\n\u016agis (cm): 205<br \/>\nGylis (cm): 40<\/p>","protected":false},"featured_media":162718,"comment_status":"open","ping_status":"open","template":"","meta":[],"product_brand":[],"product_cat":[9479,4107,1177],"product_tag":[],"class_list":{"0":"post-162717","1":"product","2":"type-product","3":"status-publish","4":"has-post-thumbnail","6":"product_cat-furniture-system-fano-wojcik-meble","7":"product_cat-meble-wojcik","8":"product_cat-wardrobes","10":"first","11":"instock","12":"purchasable","13":"product-type-simple"},"_links":{"self":[{"href":"https:\/\/baldumarket.lt\/lt\/wp-json\/wp\/v2\/product\/162717","targetHints":{"allow":["GET"]}}],"collection":[{"href":"https:\/\/baldumarket.lt\/lt\/wp-json\/wp\/v2\/product"}],"about":[{"href":"https:\/\/baldumarket.lt\/lt\/wp-json\/wp\/v2\/types\/product"}],"replies":[{"embeddable":true,"href":"https:\/\/baldumarket.lt\/lt\/wp-json\/wp\/v2\/comments?post=162717"}],"wp:featuredmedia":[{"embeddable":true,"href":"https:\/\/baldumarket.lt\/lt\/wp-json\/wp\/v2\/media\/162718"}],"wp:attachment":[{"href":"https:\/\/baldumarket.lt\/lt\/wp-json\/wp\/v2\/media?parent=162717"}],"wp:term":[{"taxonomy":"product_brand","embeddable":true,"href":"https:\/\/baldumarket.lt\/lt\/wp-json\/wp\/v2\/product_brand?post=162717"},{"taxonomy":"product_cat","embeddable":true,"href":"https:\/\/baldumarket.lt\/lt\/wp-json\/wp\/v2\/product_cat?post=162717"},{"taxonomy":"product_tag","embeddable":true,"href":"https:\/\/baldumarket.lt\/lt\/wp-json\/wp\/v2\/product_tag?post=162717"}],"curies":[{"name":"wp","href":"https:\/\/api.w.org\/{rel}","templated":true}]}}