{"id":162711,"date":"2025-12-19T12:23:41","date_gmt":"2025-12-19T09:23:41","guid":{"rendered":"https:\/\/baldumarket.lt\/product\/fano-fans02-szafa-2d2s-kaszmir-dab-karmel\/"},"modified":"2026-04-06T18:42:48","modified_gmt":"2026-04-06T15:42:48","slug":"fano-fans02-szafa-2d2s-kaszmir-dab-karmel","status":"publish","type":"product","link":"https:\/\/baldumarket.lt\/lt\/product\/fano-fans02-szafa-2d2s-kaszmir-dab-karmel\/","title":{"rendered":"Fano FANS02 \u2013 Drabu\u017ein\u0117 2D2S Ka\u0161myro\/Karamel\u0117s \u0105\u017euolo spalvos"},"content":{"rendered":"<p>\u201eFano FANS02\u201c \u2013 tai spinta, kuri d\u0117l savo eleganti\u0161ko ir modernaus dizaino patenkins net i\u0161rankiausi\u0105 skon\u012f. Spalv\u0173 gama, kurioje dera subtilus ka\u0161myras su \u0161iltu karamelinio \u0105\u017euolo atspalviu, daro \u0161i\u0105 spint\u0105 puikiai tinkan\u010di\u0105 tiek klasikiniam, tiek moderniam interjerui. \u0160ios spintos elegancija ir stilius pabr\u0117\u017eia unikal\u0173 bet kurio kambario, kuriame ji pastatyta, charakter\u012f. D\u0117l gerai apgalvoto dizaino \u201eFano FANS02\u201c spinta pasi\u017eymi auk\u0161\u010diausio lygio funkcionalumu. Pamatykite, kaip ji sutvarkys j\u016bs\u0173 spint\u0105 ir supaprastins kasdien\u012f gyvenim\u0105. Interjeras sukurtas taip, kad maksimaliai padidint\u0173 daikt\u0173 laikymo erdv\u0119. Metaliniai b\u0117geliai ir pilno i\u0161traukimo stal\u010diai ant rutulini\u0173 guoli\u0173 b\u0117geli\u0173 suteikia patogi\u0105 ir lengv\u0105 prieig\u0105 prie kiekvieno daikto. Pasirinkdami \u201eFano FANS02\u201c spint\u0105, investuojate \u012f gamin\u012f, pagamint\u0105 i\u0161 auk\u0161tos kokyb\u0117s med\u017eiag\u0173, kurios u\u017etikrina patvarum\u0105 ir atsparum\u0105 kasdieniam naudojimui. Laminuota plok\u0161t\u0117, naudojama fasadams ir korpusui, ne tik atrodo eleganti\u0161kai, bet ir yra lengvai valoma. Tvirti vyriai garantuoja skland\u0173 ir tyl\u0173 dur\u0173 atidarym\u0105, o tai padidina naudojimo patogum\u0105.<\/p>","protected":false},"excerpt":{"rendered":"<p>Plotis (cm): 120<br \/>\n\u016agis (cm): 205<br \/>\nGylis (cm): 60<\/p>","protected":false},"featured_media":162712,"comment_status":"open","ping_status":"open","template":"","meta":[],"product_brand":[],"product_cat":[9479,4107,1177],"product_tag":[],"class_list":{"0":"post-162711","1":"product","2":"type-product","3":"status-publish","4":"has-post-thumbnail","6":"product_cat-furniture-system-fano-wojcik-meble","7":"product_cat-meble-wojcik","8":"product_cat-wardrobes","10":"first","11":"instock","12":"purchasable","13":"product-type-simple"},"_links":{"self":[{"href":"https:\/\/baldumarket.lt\/lt\/wp-json\/wp\/v2\/product\/162711","targetHints":{"allow":["GET"]}}],"collection":[{"href":"https:\/\/baldumarket.lt\/lt\/wp-json\/wp\/v2\/product"}],"about":[{"href":"https:\/\/baldumarket.lt\/lt\/wp-json\/wp\/v2\/types\/product"}],"replies":[{"embeddable":true,"href":"https:\/\/baldumarket.lt\/lt\/wp-json\/wp\/v2\/comments?post=162711"}],"wp:featuredmedia":[{"embeddable":true,"href":"https:\/\/baldumarket.lt\/lt\/wp-json\/wp\/v2\/media\/162712"}],"wp:attachment":[{"href":"https:\/\/baldumarket.lt\/lt\/wp-json\/wp\/v2\/media?parent=162711"}],"wp:term":[{"taxonomy":"product_brand","embeddable":true,"href":"https:\/\/baldumarket.lt\/lt\/wp-json\/wp\/v2\/product_brand?post=162711"},{"taxonomy":"product_cat","embeddable":true,"href":"https:\/\/baldumarket.lt\/lt\/wp-json\/wp\/v2\/product_cat?post=162711"},{"taxonomy":"product_tag","embeddable":true,"href":"https:\/\/baldumarket.lt\/lt\/wp-json\/wp\/v2\/product_tag?post=162711"}],"curies":[{"name":"wp","href":"https:\/\/api.w.org\/{rel}","templated":true}]}}