{"id":162699,"date":"2025-12-19T12:23:14","date_gmt":"2025-12-19T09:23:14","guid":{"rendered":"https:\/\/baldumarket.lt\/product\/fano-fanz02-lozko-120x200-cm-kaszmir\/"},"modified":"2026-04-06T18:42:48","modified_gmt":"2026-04-06T15:42:48","slug":"fano-fanz02-lozko-120x200-cm-kaszmir","status":"publish","type":"product","link":"https:\/\/baldumarket.lt\/lt\/product\/fano-fanz02-lozko-120x200-cm-kaszmir\/","title":{"rendered":"Fano FANZ02 \u2013 Lova 120\u00d7200 cm Ka\u0161myras"},"content":{"rendered":"<p>\u201eFano FANZ02\u201c \u2013 tai lova, kuri j\u016bs\u0173 miegamajam suteiks i\u0161skirtinio stiliaus ir elegancijos. Ka\u0161myro ir karamelinio \u0105\u017euolo spalvos leid\u017eia derinti klasikin\u012f ir modern\u0173 stili\u0173. Subtilus laminuotos lentos apdaila suteikia lovai subtilumo, sukurdama i\u0161skirtinai skoning\u0105 bendr\u0105 vaizd\u0105. \u201eFano FANZ02\u201c lovos dizainas paver\u010dia j\u0105 bet kurio miegamojo traukos centru. Paprastos linijos ir kruop\u0161\u010diai atrinktos detal\u0117s pabr\u0117\u017eia romanti\u0161k\u0105 atmosfer\u0105, o interjerui suteikia \u0161ilumos ir harmonijos. Ka\u0161myro ir karamelinio \u0105\u017euolo derinys sukuria unikal\u0173 kontrast\u0105, kuris patraukia ak\u012f. \u201eFano FANZ02\u201c pasi\u017eymi ne tik gra\u017eia i\u0161vaizda, bet ir dideliu funkcionalumu. Ideal\u016bs lovos matmenys suteikia daug erdv\u0117s patogiam miegui, o tvirta laminuotos lentos konstrukcija garantuoja ilgaam\u017ei\u0161kum\u0105. Nesvarbu, ar jums labiau patinka minimalistinis, ar puo\u0161nesnis interjeras, \u0161i lova tikrai pateisins j\u016bs\u0173 l\u016bkes\u010dius.<\/p>","protected":false},"excerpt":{"rendered":"<p>Plotis (cm): 125,1<br \/>\n\u016agis (cm): 95,9<br \/>\nGylis (cm): 205,4<\/p>","protected":false},"featured_media":162700,"comment_status":"open","ping_status":"open","template":"","meta":[],"product_brand":[],"product_cat":[9479,505,4107],"product_tag":[],"class_list":{"0":"post-162699","1":"product","2":"type-product","3":"status-publish","4":"has-post-thumbnail","6":"product_cat-furniture-system-fano-wojcik-meble","7":"product_cat-bedroom-beds","8":"product_cat-meble-wojcik","10":"first","11":"instock","12":"purchasable","13":"product-type-simple"},"_links":{"self":[{"href":"https:\/\/baldumarket.lt\/lt\/wp-json\/wp\/v2\/product\/162699","targetHints":{"allow":["GET"]}}],"collection":[{"href":"https:\/\/baldumarket.lt\/lt\/wp-json\/wp\/v2\/product"}],"about":[{"href":"https:\/\/baldumarket.lt\/lt\/wp-json\/wp\/v2\/types\/product"}],"replies":[{"embeddable":true,"href":"https:\/\/baldumarket.lt\/lt\/wp-json\/wp\/v2\/comments?post=162699"}],"wp:featuredmedia":[{"embeddable":true,"href":"https:\/\/baldumarket.lt\/lt\/wp-json\/wp\/v2\/media\/162700"}],"wp:attachment":[{"href":"https:\/\/baldumarket.lt\/lt\/wp-json\/wp\/v2\/media?parent=162699"}],"wp:term":[{"taxonomy":"product_brand","embeddable":true,"href":"https:\/\/baldumarket.lt\/lt\/wp-json\/wp\/v2\/product_brand?post=162699"},{"taxonomy":"product_cat","embeddable":true,"href":"https:\/\/baldumarket.lt\/lt\/wp-json\/wp\/v2\/product_cat?post=162699"},{"taxonomy":"product_tag","embeddable":true,"href":"https:\/\/baldumarket.lt\/lt\/wp-json\/wp\/v2\/product_tag?post=162699"}],"curies":[{"name":"wp","href":"https:\/\/api.w.org\/{rel}","templated":true}]}}