{"id":162694,"date":"2025-12-19T12:23:03","date_gmt":"2025-12-19T09:23:03","guid":{"rendered":"https:\/\/baldumarket.lt\/product\/fano-fank03-komoda-2-drzwiowa-kaszmir-dab-karmel\/"},"modified":"2026-04-06T18:42:39","modified_gmt":"2026-04-06T15:42:39","slug":"fano-fank03-komoda-2-drzwiowa-kaszmir-dab-karmel","status":"publish","type":"product","link":"https:\/\/baldumarket.lt\/lt\/product\/fano-fank03-komoda-2-drzwiowa-kaszmir-dab-karmel\/","title":{"rendered":"Fano FANK03 \u2013 2 dur\u0173 komoda, ka\u0161myro\/karamel\u0117s \u0105\u017euolo spalvos"},"content":{"rendered":"<p>Atraskite elegancij\u0105 ir prakti\u0161kum\u0105 viename su \u201eMeble W\u00f3jcik\u201c komoda \u201eFano FANK03\u201c. \u0160i dviej\u0173 dur\u0173 ka\u0161myro ir karamelinio \u0105\u017euolo komoda \u2013 puikus pasirinkimas modernaus interjero m\u0117g\u0117jams. Subtili, ta\u010diau rafinuota jos i\u0161vaizda puikiai dera su \u012fvairiais i\u0161d\u0117stymais, suteikdama jiems unikal\u0173 charakter\u012f. Komoda \u201eFano FANK03\u201c yra ne tik gra\u017eus, bet ir i\u0161skirtinai funkcionalus baldas. Du erdv\u016bs skyriai leid\u017eia patogiai laikyti \u012fvairius kasdienius daiktus, padeda palaikyti tvark\u0105 interjere. Tai sustiprins bet kokio interjero harmonij\u0105 ir elegancij\u0105. Laminuota plok\u0161t\u0117, naudojama fasadams ir korpusui, u\u017etikrina patvarum\u0105 ir lengv\u0105 prie\u017ei\u016br\u0105, kartu pabr\u0117\u017edama modern\u0173 baldo charakter\u012f. Plastikin\u0117s kojel\u0117s suteikia subtilumo ir daro komod\u0105 stabili\u0105 bei patvari\u0105. Puikiai subalansuota komodos konstrukcija garantuoja jos ilgaam\u017ei\u0161kum\u0105.<\/p>","protected":false},"excerpt":{"rendered":"<p>Plotis (cm): 150<br \/>\n\u016agis (cm): 84,8<br \/>\nGylis (cm): 40<\/p>","protected":false},"featured_media":162695,"comment_status":"open","ping_status":"open","template":"","meta":[],"product_brand":[],"product_cat":[9479,1173,4107],"product_tag":[],"class_list":{"0":"post-162694","1":"product","2":"type-product","3":"status-publish","4":"has-post-thumbnail","6":"product_cat-furniture-system-fano-wojcik-meble","7":"product_cat-chests-of-drawers","8":"product_cat-meble-wojcik","10":"first","11":"instock","12":"purchasable","13":"product-type-simple"},"_links":{"self":[{"href":"https:\/\/baldumarket.lt\/lt\/wp-json\/wp\/v2\/product\/162694","targetHints":{"allow":["GET"]}}],"collection":[{"href":"https:\/\/baldumarket.lt\/lt\/wp-json\/wp\/v2\/product"}],"about":[{"href":"https:\/\/baldumarket.lt\/lt\/wp-json\/wp\/v2\/types\/product"}],"replies":[{"embeddable":true,"href":"https:\/\/baldumarket.lt\/lt\/wp-json\/wp\/v2\/comments?post=162694"}],"wp:featuredmedia":[{"embeddable":true,"href":"https:\/\/baldumarket.lt\/lt\/wp-json\/wp\/v2\/media\/162695"}],"wp:attachment":[{"href":"https:\/\/baldumarket.lt\/lt\/wp-json\/wp\/v2\/media?parent=162694"}],"wp:term":[{"taxonomy":"product_brand","embeddable":true,"href":"https:\/\/baldumarket.lt\/lt\/wp-json\/wp\/v2\/product_brand?post=162694"},{"taxonomy":"product_cat","embeddable":true,"href":"https:\/\/baldumarket.lt\/lt\/wp-json\/wp\/v2\/product_cat?post=162694"},{"taxonomy":"product_tag","embeddable":true,"href":"https:\/\/baldumarket.lt\/lt\/wp-json\/wp\/v2\/product_tag?post=162694"}],"curies":[{"name":"wp","href":"https:\/\/api.w.org\/{rel}","templated":true}]}}