{"id":162689,"date":"2025-12-19T12:22:52","date_gmt":"2025-12-19T09:22:52","guid":{"rendered":"https:\/\/baldumarket.lt\/product\/fano-fanr01-regal-wiszacy-kaszmir\/"},"modified":"2026-04-06T18:42:39","modified_gmt":"2026-04-06T15:42:39","slug":"fano-fanr01-regal-wiszacy-kaszmir","status":"publish","type":"product","link":"https:\/\/baldumarket.lt\/lt\/product\/fano-fanr01-regal-wiszacy-kaszmir\/","title":{"rendered":"Fano FANR01 \u2013 ka\u0161myro pakabinama lentyna"},"content":{"rendered":"<p>Kvie\u010diame atrasti eleganti\u0161k\u0105 ir funkcionali\u0105 pakabinam\u0105 lentyn\u0105 \u201eFano FANR01\u201c i\u0161 garsaus prek\u0117s \u017eenklo \u201eMeble W\u00f3jcik\u201c. \u0160is unikalus baldas \u017eavi tiek estetiniu patrauklumu, tiek prakti\u0161kumu kasdieniame naudojime. Ka\u0161myro korpusas kartu su karamelinio \u0105\u017euolo elementais sukuria unikali\u0105 kompozicij\u0105, kuri puikiai papildys tiek modern\u0173, tiek klasikin\u012f interjer\u0105. Pakabinama lentyna \u201eFano FANR01\u201c yra ne tik gra\u017eus dekoratyvinis elementas, bet ir itin funkcionalus daikt\u0173 laikymo sprendimas. D\u0117l apgalvoto dizaino ji idealiai tinka svetain\u0117ms, miegamiesiems ir biurams. Kruop\u0161\u010diai i\u0161d\u0117stytos lentynos leid\u017eia efektyviai eksponuoti knygas, dekoracijas ar augalus, praturtindamos interjer\u0105 papildomu estetiniu aspektu. 120 cm auk\u0161\u010dio ir 40 cm plo\u010dio lentyna yra ne tik erdvi, bet ir u\u017eima minimaliai sienos ploto, tod\u0117l puikiai tinka net ir ma\u017eesniems interjerams. Ka\u0161myro korpusas ir karamelinio \u0105\u017euolo detal\u0117s suteikia elegancijos, o laminuota plok\u0161t\u0117 u\u017etikrina bald\u0173 ilgaam\u017ei\u0161kum\u0105 ilgus metus.<\/p>","protected":false},"excerpt":{"rendered":"<p>Plotis (cm): 40<br \/>\n\u016agis (cm): 120<br \/>\nGylis (cm): 40<\/p>","protected":false},"featured_media":162690,"comment_status":"open","ping_status":"open","template":"","meta":[],"product_brand":[],"product_cat":[9479,4107,1987],"product_tag":[],"class_list":{"0":"post-162689","1":"product","2":"type-product","3":"status-publish","4":"has-post-thumbnail","6":"product_cat-furniture-system-fano-wojcik-meble","7":"product_cat-meble-wojcik","8":"product_cat-shelving-units","10":"first","11":"instock","12":"purchasable","13":"product-type-simple"},"_links":{"self":[{"href":"https:\/\/baldumarket.lt\/lt\/wp-json\/wp\/v2\/product\/162689","targetHints":{"allow":["GET"]}}],"collection":[{"href":"https:\/\/baldumarket.lt\/lt\/wp-json\/wp\/v2\/product"}],"about":[{"href":"https:\/\/baldumarket.lt\/lt\/wp-json\/wp\/v2\/types\/product"}],"replies":[{"embeddable":true,"href":"https:\/\/baldumarket.lt\/lt\/wp-json\/wp\/v2\/comments?post=162689"}],"wp:featuredmedia":[{"embeddable":true,"href":"https:\/\/baldumarket.lt\/lt\/wp-json\/wp\/v2\/media\/162690"}],"wp:attachment":[{"href":"https:\/\/baldumarket.lt\/lt\/wp-json\/wp\/v2\/media?parent=162689"}],"wp:term":[{"taxonomy":"product_brand","embeddable":true,"href":"https:\/\/baldumarket.lt\/lt\/wp-json\/wp\/v2\/product_brand?post=162689"},{"taxonomy":"product_cat","embeddable":true,"href":"https:\/\/baldumarket.lt\/lt\/wp-json\/wp\/v2\/product_cat?post=162689"},{"taxonomy":"product_tag","embeddable":true,"href":"https:\/\/baldumarket.lt\/lt\/wp-json\/wp\/v2\/product_tag?post=162689"}],"curies":[{"name":"wp","href":"https:\/\/api.w.org\/{rel}","templated":true}]}}