{"id":162684,"date":"2025-12-19T12:22:41","date_gmt":"2025-12-19T09:22:41","guid":{"rendered":"https:\/\/baldumarket.lt\/product\/fano-fanr02-regal-niski-kaszmir\/"},"modified":"2026-04-06T18:42:39","modified_gmt":"2026-04-06T15:42:39","slug":"fano-fanr02-regal-niski-kaszmir","status":"publish","type":"product","link":"https:\/\/baldumarket.lt\/lt\/product\/fano-fanr02-regal-niski-kaszmir\/","title":{"rendered":"Fano FANR02 \u2013 \u017eema ka\u0161myro lentyna"},"content":{"rendered":"<p>Su \u201eMeble W\u00f3jcik\u201c \u017eema knyg\u0173 lentyna \u201eFano FANR02\u201c suteikite savo interjerui elegancijos ir funkcionalumo. Kompakti\u0161ki matmenys ir modernus dizainas leid\u017eia jai puikiai tinka bet kokioje erdv\u0117je, nepriklausomai nuo dyd\u017eio. Unikali ka\u0161myro spalva kartu su nat\u016braliu karameliniu \u0105\u017euolu sukuria harmonij\u0105, kuri patenkins net ir i\u0161rankiausius stiliaus entuziastus. \u201eFano FANR02\u201c knyg\u0173 lentyna yra daugiau nei baldas \u2013 tai tikras bet kurio kambario akcentas. Paprastumas ir elegancija pavers j\u0105 nepakei\u010diamu j\u016bs\u0173 svetain\u0117s, miegamojo ar biuro elementu. Esteti\u0161kas spalv\u0173 ir tekst\u016br\u0173 derinys suteiks j\u016bs\u0173 interjerui \u0161ilumos ir jaukumo, kartu pabr\u0117\u017edamas modern\u0173 jo charakter\u012f. Ta\u010diau \u201eFano FANR02\u201c knyg\u0173 lentyna yra daugiau nei tik i\u0161vaizda. Jos funkcionalumas jus nustebins kiekvien\u0105 dien\u0105. D\u0117l tvirtos laminuotos plok\u0161t\u0117s konstrukcijos tai puikus pasirinkimas knygoms, dekoracijoms ar kasdieniams daiktams, kuriuos visada norite tur\u0117ti po ranka, laikyti. Plastikin\u0117s kojel\u0117s u\u017etikrina stabilum\u0105 ir apsaugo grindis nuo \u012fbr\u0117\u017eim\u0173.<\/p>","protected":false},"excerpt":{"rendered":"<p>Plotis (cm): 40<br \/>\n\u016agis (cm): 64,1<br \/>\nGylis (cm): 40<\/p>","protected":false},"featured_media":162685,"comment_status":"open","ping_status":"open","template":"","meta":[],"product_brand":[],"product_cat":[9479,4107,1987],"product_tag":[],"class_list":{"0":"post-162684","1":"product","2":"type-product","3":"status-publish","4":"has-post-thumbnail","6":"product_cat-furniture-system-fano-wojcik-meble","7":"product_cat-meble-wojcik","8":"product_cat-shelving-units","10":"first","11":"instock","12":"purchasable","13":"product-type-simple"},"_links":{"self":[{"href":"https:\/\/baldumarket.lt\/lt\/wp-json\/wp\/v2\/product\/162684","targetHints":{"allow":["GET"]}}],"collection":[{"href":"https:\/\/baldumarket.lt\/lt\/wp-json\/wp\/v2\/product"}],"about":[{"href":"https:\/\/baldumarket.lt\/lt\/wp-json\/wp\/v2\/types\/product"}],"replies":[{"embeddable":true,"href":"https:\/\/baldumarket.lt\/lt\/wp-json\/wp\/v2\/comments?post=162684"}],"wp:featuredmedia":[{"embeddable":true,"href":"https:\/\/baldumarket.lt\/lt\/wp-json\/wp\/v2\/media\/162685"}],"wp:attachment":[{"href":"https:\/\/baldumarket.lt\/lt\/wp-json\/wp\/v2\/media?parent=162684"}],"wp:term":[{"taxonomy":"product_brand","embeddable":true,"href":"https:\/\/baldumarket.lt\/lt\/wp-json\/wp\/v2\/product_brand?post=162684"},{"taxonomy":"product_cat","embeddable":true,"href":"https:\/\/baldumarket.lt\/lt\/wp-json\/wp\/v2\/product_cat?post=162684"},{"taxonomy":"product_tag","embeddable":true,"href":"https:\/\/baldumarket.lt\/lt\/wp-json\/wp\/v2\/product_tag?post=162684"}],"curies":[{"name":"wp","href":"https:\/\/api.w.org\/{rel}","templated":true}]}}