{"id":162681,"date":"2025-12-19T12:22:35","date_gmt":"2025-12-19T09:22:35","guid":{"rendered":"https:\/\/baldumarket.lt\/product\/grano-cnat03-stol-rozkladany-dab-viking\/"},"modified":"2026-04-06T19:19:14","modified_gmt":"2026-04-06T16:19:14","slug":"grano-cnat03-stol-rozkladany-dab-viking","status":"publish","type":"product","link":"https:\/\/baldumarket.lt\/lt\/product\/grano-cnat03-stol-rozkladany-dab-viking\/","title":{"rendered":"Grano CNAT03 \u2013 Viking \u0105\u017euolo i\u0161traukiamas stalas"},"content":{"rendered":"<p>Atraskite neprilygstam\u0105 elegancij\u0105 ir funkcionalum\u0105 su \u201eMeble W\u00f3jcik\u201c i\u0161skleid\u017eiamu \u201eGrano CNAT03\u201c stalu. \u0160is viking\u0173 \u0105\u017euolo stalas \u2013 tai tobulas stiliaus ir prakti\u0161kumo derinys, kuris papuo\u0161 bet kok\u012f interjer\u0105. Tvirta konstrukcija ir gamtos \u012fkv\u0117pta estetika suteiks j\u016bs\u0173 namams \u0161ilumos ir harmonijos.<\/p>\n<p>\u201eViking\u201c \u0105\u017euolo MDF stalvir\u0161is spinduliuoja nat\u016braliu gro\u017eiu ir patvarumu, tod\u0117l idealiai tinka kasdieniam naudojimui. \u0160is stalas pasi\u017eymi moderniu dizainu, kuris skland\u017eiai dera tiek su klasikiniu, tiek su moderniu interjeru. D\u0117l eleganti\u0161ko paprastumo jis tampa bet kurio valgomojo ar svetain\u0117s traukos centru.<\/p>\n<p>D\u0117l sinchronizuoto b\u0117gelio \u201eGrano CNAT03\u201c galima lengvai ir greitai i\u0161pl\u0117sti pagal j\u016bs\u0173 poreikius. Tai puikus sprendimas didesniems \u0161eimos susib\u016brimams ar draug\u0173 susib\u016brimams, u\u017etikrinant, kad visada b\u016bsite pasiruo\u0161\u0119 netik\u0117tumams. Sulankstytas stalas yra 160 cm plo\u010dio ir gali b\u016bti i\u0161pl\u0117stas iki 200 cm, tod\u0117l visiems namuose yra erdv\u0117s ir patogumo.<\/p>\n<p>\u201eGrano CNAT03\u201c stalas yra sukurtas savaranki\u0161kam surinkimui, tod\u0117l galite visi\u0161kai kontroliuoti montavimo proces\u0105 ir pasitenkinti kurdami savo bald\u0105. Jo modulin\u0117 konstrukcija, apsaugota laminuota plok\u0161te, u\u017etikrina patvarum\u0105 ir atsparum\u0105 kasdieniam naudojimui.<\/p>\n<p>Su \u201eGrano CNAT03\u201c i\u0161skleid\u017eiamu stalu suteikite savo namams i\u0161skirtinio stiliaus ir funkcionalumo. Tai investicija, kuri daugel\u012f met\u0173 u\u017etikrins komfort\u0105 ir elegancij\u0105. Stilinga i\u0161vaizda ir patikimas funkcionalumas pavers j\u012f i\u0161skirtinai vertingu j\u016bs\u0173 interjero papildymu.<\/p>","protected":false},"excerpt":{"rendered":"<p>Plotis (cm): 160\u2013200<br \/>\n\u016agis (cm): 75,5<br \/>\nGylis (cm): 90<\/p>","protected":false},"featured_media":162682,"comment_status":"open","ping_status":"open","template":"","meta":[],"product_brand":[],"product_cat":[9482,4107,1934],"product_tag":[],"class_list":{"0":"post-162681","1":"product","2":"type-product","3":"status-publish","4":"has-post-thumbnail","6":"product_cat-furniture-system-grano-wojcik-meble","7":"product_cat-meble-wojcik","8":"product_cat-tables","10":"first","11":"instock","12":"purchasable","13":"product-type-simple"},"_links":{"self":[{"href":"https:\/\/baldumarket.lt\/lt\/wp-json\/wp\/v2\/product\/162681","targetHints":{"allow":["GET"]}}],"collection":[{"href":"https:\/\/baldumarket.lt\/lt\/wp-json\/wp\/v2\/product"}],"about":[{"href":"https:\/\/baldumarket.lt\/lt\/wp-json\/wp\/v2\/types\/product"}],"replies":[{"embeddable":true,"href":"https:\/\/baldumarket.lt\/lt\/wp-json\/wp\/v2\/comments?post=162681"}],"wp:featuredmedia":[{"embeddable":true,"href":"https:\/\/baldumarket.lt\/lt\/wp-json\/wp\/v2\/media\/162682"}],"wp:attachment":[{"href":"https:\/\/baldumarket.lt\/lt\/wp-json\/wp\/v2\/media?parent=162681"}],"wp:term":[{"taxonomy":"product_brand","embeddable":true,"href":"https:\/\/baldumarket.lt\/lt\/wp-json\/wp\/v2\/product_brand?post=162681"},{"taxonomy":"product_cat","embeddable":true,"href":"https:\/\/baldumarket.lt\/lt\/wp-json\/wp\/v2\/product_cat?post=162681"},{"taxonomy":"product_tag","embeddable":true,"href":"https:\/\/baldumarket.lt\/lt\/wp-json\/wp\/v2\/product_tag?post=162681"}],"curies":[{"name":"wp","href":"https:\/\/api.w.org\/{rel}","templated":true}]}}