{"id":162675,"date":"2025-12-19T12:22:22","date_gmt":"2025-12-19T09:22:22","guid":{"rendered":"https:\/\/baldumarket.lt\/product\/fano-fanb02-biurko-2-szuflady-dab-karmel\/"},"modified":"2026-04-06T18:42:39","modified_gmt":"2026-04-06T15:42:39","slug":"fano-fanb02-biurko-2-szuflady-dab-karmel","status":"publish","type":"product","link":"https:\/\/baldumarket.lt\/lt\/product\/fano-fanb02-biurko-2-szuflady-dab-karmel\/","title":{"rendered":"Fano FANB02 \u2013 dviej\u0173 stal\u010di\u0173 ra\u0161omasis stalas karamelinio \u0105\u017euolo spalvos"},"content":{"rendered":"<p>\u201eFano FANB02\u201c ra\u0161omasis stalas \u2013 tai tikra estetikos ir funkcionalumo simfonija, suteiksianti j\u016bs\u0173 interjerui unikalaus \u017eavesio. Karamel\u0117s spalvos \u0105\u017euolo apdaila spinduliuoja \u0161ilum\u0105 ir elegancij\u0105, puikiai papildydama tiek modern\u0173, tiek klasikin\u012f interjer\u0105. D\u0117l elegancijos ir paprastos formos jis puikiai tinka beveik bet kokiam interjerui, suteikdamas jaukumo ir charakterio. Du prakti\u0161ki stalo stal\u010diai u\u017etikrina i\u0161skirtin\u012f funkcionalum\u0105 ir komfort\u0105. Stal\u010diai skland\u017eiai juda d\u0117l pilno i\u0161traukimo rutulini\u0173 guoli\u0173 b\u0117geli\u0173, leid\u017eian\u010di\u0173 lengvai pasiekti visus juose laikomus daiktus. Tai ideali vieta laikyti svarbius dokumentus, u\u017era\u0161\u0173 knygeles ar kitus b\u016btinus biuro reikmenis, padedan\u010dius palaikyti tvark\u0105 j\u016bs\u0173 darbo pavir\u0161iuje. Tvirtai pagaminta laminuota plok\u0161t\u0117 daro \u201eFano FANB02\u201c atspar\u0173 pa\u017eeidimams ir lengvai valom\u0105. Eleganti\u0161kas karamelin\u0117s spalvos \u0105\u017euolo priekis kartu su tvirtu korpusu sukuria darni\u0105 visum\u0105, kuri patraukia d\u0117mes\u012f ir pabr\u0117\u017eia auk\u0161t\u0105 meistri\u0161kumo kokyb\u0119. D\u0117l paprasto surinkimo stal\u0105 galite lengvai surinkti patys ir per trump\u0105 laik\u0105 m\u0117gautis rezultatu.<\/p>","protected":false},"excerpt":{"rendered":"<p>Plotis (cm): 120<br \/>\n\u016agis (cm): 13<br \/>\nGylis (cm): 40<\/p>","protected":false},"featured_media":162676,"comment_status":"open","ping_status":"open","template":"","meta":[],"product_brand":[],"product_cat":[9479,1043,4107],"product_tag":[],"class_list":{"0":"post-162675","1":"product","2":"type-product","3":"status-publish","4":"has-post-thumbnail","6":"product_cat-furniture-system-fano-wojcik-meble","7":"product_cat-extras","8":"product_cat-meble-wojcik","10":"first","11":"instock","12":"purchasable","13":"product-type-simple"},"_links":{"self":[{"href":"https:\/\/baldumarket.lt\/lt\/wp-json\/wp\/v2\/product\/162675","targetHints":{"allow":["GET"]}}],"collection":[{"href":"https:\/\/baldumarket.lt\/lt\/wp-json\/wp\/v2\/product"}],"about":[{"href":"https:\/\/baldumarket.lt\/lt\/wp-json\/wp\/v2\/types\/product"}],"replies":[{"embeddable":true,"href":"https:\/\/baldumarket.lt\/lt\/wp-json\/wp\/v2\/comments?post=162675"}],"wp:featuredmedia":[{"embeddable":true,"href":"https:\/\/baldumarket.lt\/lt\/wp-json\/wp\/v2\/media\/162676"}],"wp:attachment":[{"href":"https:\/\/baldumarket.lt\/lt\/wp-json\/wp\/v2\/media?parent=162675"}],"wp:term":[{"taxonomy":"product_brand","embeddable":true,"href":"https:\/\/baldumarket.lt\/lt\/wp-json\/wp\/v2\/product_brand?post=162675"},{"taxonomy":"product_cat","embeddable":true,"href":"https:\/\/baldumarket.lt\/lt\/wp-json\/wp\/v2\/product_cat?post=162675"},{"taxonomy":"product_tag","embeddable":true,"href":"https:\/\/baldumarket.lt\/lt\/wp-json\/wp\/v2\/product_tag?post=162675"}],"curies":[{"name":"wp","href":"https:\/\/api.w.org\/{rel}","templated":true}]}}