{"id":162670,"date":"2025-12-19T12:22:10","date_gmt":"2025-12-19T09:22:10","guid":{"rendered":"https:\/\/baldumarket.lt\/product\/fano-fanb03-biurko-1-szuflada-kaszmir-dab-karmel\/"},"modified":"2026-04-06T18:42:39","modified_gmt":"2026-04-06T15:42:39","slug":"fano-fanb03-biurko-1-szuflada-kaszmir-dab-karmel","status":"publish","type":"product","link":"https:\/\/baldumarket.lt\/lt\/product\/fano-fanb03-biurko-1-szuflada-kaszmir-dab-karmel\/","title":{"rendered":"Fano FANB03 \u2013 ra\u0161omasis stalas su 1 stal\u010diumi, ka\u0161myro\/karamel\u0117s \u0105\u017euolo spalvos"},"content":{"rendered":"<p>\u201eFano FANB03\u201c ra\u0161omasis stalas \u2013 puikus sprendimas tiems, kurie vertina stili\u0173 ir funkcionalum\u0105. \u0160is baldas, suteikiantis elegancijos bet kokiam interjerui, puikiai der\u0117s tiek prie modernaus, tiek prie klasikinio interjero. Ka\u0161myro ir karamelinio \u0105\u017euolo derinys sukuria darni\u0105 visum\u0105, kuri traukia d\u0117mes\u012f ir suteikia erdvei unikal\u0173 charakter\u012f. Pagamintas i\u0161 auk\u0161tos kokyb\u0117s med\u017eiag\u0173, \u201eFano FANB03\u201c ra\u0161omasis stalas u\u017etikrina patvarum\u0105 ir ilgaam\u017ei\u0161kum\u0105. Laminuota ka\u0161myro priekin\u0117 panel\u0117 ir ka\u0161myro bei karamelinio \u0105\u017euolo derinys suteikia stalui ne tik esteti\u0161k\u0105 i\u0161vaizd\u0105, bet ir atsparum\u0105 kasdieniam d\u0117v\u0117jimuisi. Sukurtas galvojant apie patogum\u0105, stalas puikiai tinka nam\u0173 biurui, jaunimo kambariui ar darbo kambariui. Prakti\u0161kas stal\u010dius, esantis stalo centre, leid\u017eia laikyti visus b\u016btiniausius daiktus, tod\u0117l lengviau palaikyti tvark\u0105 ant stalo. Pilno i\u0161traukimo rutuliniai guoliai u\u017etikrina maksimal\u0173 patogum\u0105 ir skland\u0173 pri\u0117jim\u0105 prie stal\u010diaus turinio. Tai puikus sprendimas tiems, kuriems reikia vietos dokumentams, biuro reikmenims ar kitiems smulkiems daiktams.<\/p>","protected":false},"excerpt":{"rendered":"<p>Plotis (cm): 120<br \/>\n\u016agis (cm): 76<br \/>\nGylis (cm): 50<\/p>","protected":false},"featured_media":162671,"comment_status":"open","ping_status":"open","template":"","meta":[],"product_brand":[],"product_cat":[9479,1312,4107],"product_tag":[],"class_list":{"0":"post-162670","1":"product","2":"type-product","3":"status-publish","4":"has-post-thumbnail","6":"product_cat-furniture-system-fano-wojcik-meble","7":"product_cat-desks","8":"product_cat-meble-wojcik","10":"first","11":"instock","12":"purchasable","13":"product-type-simple"},"_links":{"self":[{"href":"https:\/\/baldumarket.lt\/lt\/wp-json\/wp\/v2\/product\/162670","targetHints":{"allow":["GET"]}}],"collection":[{"href":"https:\/\/baldumarket.lt\/lt\/wp-json\/wp\/v2\/product"}],"about":[{"href":"https:\/\/baldumarket.lt\/lt\/wp-json\/wp\/v2\/types\/product"}],"replies":[{"embeddable":true,"href":"https:\/\/baldumarket.lt\/lt\/wp-json\/wp\/v2\/comments?post=162670"}],"wp:featuredmedia":[{"embeddable":true,"href":"https:\/\/baldumarket.lt\/lt\/wp-json\/wp\/v2\/media\/162671"}],"wp:attachment":[{"href":"https:\/\/baldumarket.lt\/lt\/wp-json\/wp\/v2\/media?parent=162670"}],"wp:term":[{"taxonomy":"product_brand","embeddable":true,"href":"https:\/\/baldumarket.lt\/lt\/wp-json\/wp\/v2\/product_brand?post=162670"},{"taxonomy":"product_cat","embeddable":true,"href":"https:\/\/baldumarket.lt\/lt\/wp-json\/wp\/v2\/product_cat?post=162670"},{"taxonomy":"product_tag","embeddable":true,"href":"https:\/\/baldumarket.lt\/lt\/wp-json\/wp\/v2\/product_tag?post=162670"}],"curies":[{"name":"wp","href":"https:\/\/api.w.org\/{rel}","templated":true}]}}