{"id":162666,"date":"2025-12-19T12:22:01","date_gmt":"2025-12-19T09:22:01","guid":{"rendered":"https:\/\/baldumarket.lt\/product\/grano-grngk3-szafka-na-buty-3d-dab-viking\/"},"modified":"2026-04-06T19:19:14","modified_gmt":"2026-04-06T16:19:14","slug":"grano-grngk3-szafka-na-buty-3d-dab-viking","status":"publish","type":"product","link":"https:\/\/baldumarket.lt\/lt\/product\/grano-grngk3-szafka-na-buty-3d-dab-viking\/","title":{"rendered":"Grano GRNGK3 \u2013 3D viking\u0173 \u0105\u017euolo bat\u0173 spintel\u0117"},"content":{"rendered":"<p>Pristatome eleganti\u0161k\u0105 \u201eGrano GRNGK3\u201c \u2013 3D bat\u0173 spintel\u0119 \u2013 bald\u0105, kuris s\u0117kmingai papildys bet kok\u012f interjer\u0105. Unikalus \u201eViking Oak\u201c atspalvis suteikia spintelei nat\u016bralumo ir \u0161ilumos, kuri puikiai papildys tiek klasikin\u012f, tiek modern\u0173 interjer\u0105. \u0160i bat\u0173 spintel\u0117 yra ne tik funkcionali, bet ir unikalus dekoratyvinis elementas, kuris pagerins j\u016bs\u0173 prie\u0161kambario stili\u0173.<\/p>\n<p>D\u0117l kompakti\u0161k\u0173 matmen\u0173 (plotis 53,9 cm, auk\u0161tis 115,9 cm, gylis 30,4 cm) spintel\u0117 tiks net ir ma\u017eiausiuose koridoriuose ir suteiks daug vietos daiktams susid\u0117ti. Trij\u0173 dureli\u0173 konstrukcija su plastikin\u0117mis rankenomis leid\u017eia lengvai pasiekti vid\u0173, prakti\u0161kai sutvarkyti batus ir kitus smulkius daiktus. Spintel\u0117 turi dviej\u0173 eili\u0173 pasukam\u0105 pagrind\u0105, kuris dar labiau padidina jos funkcionalum\u0105.<\/p>\n<p>Pagaminta i\u0161 auk\u0161tos kokyb\u0117s med\u017eiag\u0173, su MDF fasadais ir laminuotos plok\u0161t\u0117s korpusu, \u201eGrano GRNGK3\u201c spintel\u0117 pasi\u017eymi patvarumu ir atsparumu kasdieniam d\u0117v\u0117jimuisi. Tvirta konstrukcija ir rafinuotos detal\u0117s daro j\u0105 patikimu pasirinkimu ilgus metus. Be to, plastikin\u0117s kojel\u0117s u\u017etikrina stabilum\u0105 ir apsaugo grindis nuo \u012fbr\u0117\u017eim\u0173.<\/p>\n<p>\u201eGrano GRNGK3\u201c bat\u0173 spintel\u0117 \u2013 puikus pasirinkimas tiems, kurie vertina funkcionalum\u0105 ir estetik\u0105. Puikiai tinka sutvarkyti prie\u0161kambar\u012f, joje lengvai tilps j\u016bs\u0173 m\u0117gstamiausios bat\u0173 poros, jos nei\u0161sibarstys. Tai atlaisvins vietos ir pagerins j\u016bs\u0173 prie\u0161kambario estetin\u012f patrauklum\u0105.<\/p>\n<p>Si\u016blome savaranki\u0161ko surinkimo gamin\u012f, leid\u017eiant\u012f jums visi\u0161kai kontroliuoti proces\u0105 ir pasitenkinim\u0105 kuriant savo k\u016brin\u012f. I\u0161bandykite \u201eGrano GRNGK3\u201c bat\u0173 spintel\u0119 ir m\u0117gaukit\u0117s tvarkingu ir gra\u017eiu interjeru savo namuose!<\/p>","protected":false},"excerpt":{"rendered":"<p>Plotis (cm): 53,9<br \/>\n\u016agis (cm): 115,9<br \/>\nGylis (cm): 30,4<\/p>","protected":false},"featured_media":162667,"comment_status":"open","ping_status":"open","template":"","meta":[],"product_brand":[],"product_cat":[9482,4107,1997],"product_tag":[],"class_list":{"0":"post-162666","1":"product","2":"type-product","3":"status-publish","4":"has-post-thumbnail","6":"product_cat-furniture-system-grano-wojcik-meble","7":"product_cat-meble-wojcik","8":"product_cat-shoe-cabinets","10":"first","11":"instock","12":"purchasable","13":"product-type-simple"},"_links":{"self":[{"href":"https:\/\/baldumarket.lt\/lt\/wp-json\/wp\/v2\/product\/162666","targetHints":{"allow":["GET"]}}],"collection":[{"href":"https:\/\/baldumarket.lt\/lt\/wp-json\/wp\/v2\/product"}],"about":[{"href":"https:\/\/baldumarket.lt\/lt\/wp-json\/wp\/v2\/types\/product"}],"replies":[{"embeddable":true,"href":"https:\/\/baldumarket.lt\/lt\/wp-json\/wp\/v2\/comments?post=162666"}],"wp:featuredmedia":[{"embeddable":true,"href":"https:\/\/baldumarket.lt\/lt\/wp-json\/wp\/v2\/media\/162667"}],"wp:attachment":[{"href":"https:\/\/baldumarket.lt\/lt\/wp-json\/wp\/v2\/media?parent=162666"}],"wp:term":[{"taxonomy":"product_brand","embeddable":true,"href":"https:\/\/baldumarket.lt\/lt\/wp-json\/wp\/v2\/product_brand?post=162666"},{"taxonomy":"product_cat","embeddable":true,"href":"https:\/\/baldumarket.lt\/lt\/wp-json\/wp\/v2\/product_cat?post=162666"},{"taxonomy":"product_tag","embeddable":true,"href":"https:\/\/baldumarket.lt\/lt\/wp-json\/wp\/v2\/product_tag?post=162666"}],"curies":[{"name":"wp","href":"https:\/\/api.w.org\/{rel}","templated":true}]}}