{"id":162662,"date":"2025-12-19T12:21:53","date_gmt":"2025-12-19T09:21:53","guid":{"rendered":"https:\/\/baldumarket.lt\/product\/grano-grngk2-szafka-na-buty-4d-dab-viking\/"},"modified":"2026-04-06T19:19:14","modified_gmt":"2026-04-06T16:19:14","slug":"grano-grngk2-szafka-na-buty-4d-dab-viking","status":"publish","type":"product","link":"https:\/\/baldumarket.lt\/lt\/product\/grano-grngk2-szafka-na-buty-4d-dab-viking\/","title":{"rendered":"Grano GRNGK2 \u2013 4D bat\u0173 spintel\u0117 Viking \u0105\u017euolas"},"content":{"rendered":"<p>\u201eMeble W\u00f3jcik\u201c \u201eGrano GRNGK2\u201c bat\u0173 spintel\u0117 \u2013 puikus pasirinkimas tiems, kurie vertina elegancij\u0105 ir funkcionalum\u0105 savo interjere. Pagaminta i\u0161 gra\u017eaus viking\u0173 \u0105\u017euolo atspalvio, ji traukia d\u0117mes\u012f ir suteikia jaukumo bet kuriam kambariui. Klasikinis dizainas kartu su moderniomis med\u017eiagomis puikiai tinka \u012fvairiems interjero stiliams \u2013 nuo skandinavi\u0161ko iki industrinio.<\/p>\n<p>\u201eGrano GRNGK2\u201c si\u016blo prakti\u0161kus bat\u0173 laikymo sprendimus, sukurtus siekiant maksimaliai i\u0161naudoti turim\u0105 erdv\u0119. Reguliuojamos plastikin\u0117s rankenos ir dviej\u0173 eili\u0173 pasukamas mechanizmas \u2013 tai detal\u0117s, kurios supaprastina kasdien\u012f naudojim\u0105 ir palaiko tvark\u0105. Kiekviena bat\u0173 pora tur\u0117s savo skirt\u0105 viet\u0105, tod\u0117l gal\u0117site greitai ir patogiai rasti reikiam\u0105 avalyn\u0119.<\/p>\n<p>Tvirta MDF ir laminuotos plok\u0161t\u0117s konstrukcija garantuoja ilgaam\u017ei\u0161kum\u0105 ir tvirtum\u0105, b\u016btinus intensyviam kasdieniam naudojimui. I\u0161 auk\u0161tos kokyb\u0117s med\u017eiag\u0173, toki\u0173 kaip \u201eGrano GRNGK2\u201c, pagaminti baldai ne tik suteikia elegancijos j\u016bs\u0173 interjerui, bet ir u\u017etikrina gaminio ilgaam\u017ei\u0161kum\u0105. D\u0117l stabili\u0173 kojeli\u0173 spintel\u0117 tvirtai laikosi savo vietoje, o tai dar labiau padidina jos funkcionalum\u0105.<\/p>\n<p>Surinkimas pats yra paprastas ir intuityvus, tod\u0117l galite greitai sukurti stiling\u0105 ir prakti\u0161k\u0105 savo interjero papildym\u0105. Puikus d\u0117mesys detal\u0117ms ir kruop\u0161tus meistri\u0161kumas paver\u010dia \u201eGrano GRNGK2\u201c ne tik funkcionaliu baldu, bet ir prie\u0161kambario puo\u0161mena. Verta investuoti \u012f gaminius, kurie derina estetik\u0105 ir prakti\u0161kum\u0105, o \u201eMeble W\u00f3jcik\u201c bat\u0173 spintel\u0117 yra puikus pavyzdys.<\/p>","protected":false},"excerpt":{"rendered":"<p>Plotis (cm): 53,9<br \/>\n\u016agis (cm): 149,7<br \/>\nGylis (cm): 30,4<\/p>","protected":false},"featured_media":162663,"comment_status":"open","ping_status":"open","template":"","meta":[],"product_brand":[],"product_cat":[9482,4107,1997],"product_tag":[],"class_list":{"0":"post-162662","1":"product","2":"type-product","3":"status-publish","4":"has-post-thumbnail","6":"product_cat-furniture-system-grano-wojcik-meble","7":"product_cat-meble-wojcik","8":"product_cat-shoe-cabinets","10":"first","11":"instock","12":"purchasable","13":"product-type-simple"},"_links":{"self":[{"href":"https:\/\/baldumarket.lt\/lt\/wp-json\/wp\/v2\/product\/162662","targetHints":{"allow":["GET"]}}],"collection":[{"href":"https:\/\/baldumarket.lt\/lt\/wp-json\/wp\/v2\/product"}],"about":[{"href":"https:\/\/baldumarket.lt\/lt\/wp-json\/wp\/v2\/types\/product"}],"replies":[{"embeddable":true,"href":"https:\/\/baldumarket.lt\/lt\/wp-json\/wp\/v2\/comments?post=162662"}],"wp:featuredmedia":[{"embeddable":true,"href":"https:\/\/baldumarket.lt\/lt\/wp-json\/wp\/v2\/media\/162663"}],"wp:attachment":[{"href":"https:\/\/baldumarket.lt\/lt\/wp-json\/wp\/v2\/media?parent=162662"}],"wp:term":[{"taxonomy":"product_brand","embeddable":true,"href":"https:\/\/baldumarket.lt\/lt\/wp-json\/wp\/v2\/product_brand?post=162662"},{"taxonomy":"product_cat","embeddable":true,"href":"https:\/\/baldumarket.lt\/lt\/wp-json\/wp\/v2\/product_cat?post=162662"},{"taxonomy":"product_tag","embeddable":true,"href":"https:\/\/baldumarket.lt\/lt\/wp-json\/wp\/v2\/product_tag?post=162662"}],"curies":[{"name":"wp","href":"https:\/\/api.w.org\/{rel}","templated":true}]}}