{"id":162658,"date":"2025-12-19T12:21:45","date_gmt":"2025-12-19T09:21:45","guid":{"rendered":"https:\/\/baldumarket.lt\/product\/grano-grngk1-komoda-2d1s-dab-viking-szary-kosmos\/"},"modified":"2026-04-06T19:19:14","modified_gmt":"2026-04-06T16:19:14","slug":"grano-grngk1-komoda-2d1s-dab-viking-szary-kosmos","status":"publish","type":"product","link":"https:\/\/baldumarket.lt\/lt\/product\/grano-grngk1-komoda-2d1s-dab-viking-szary-kosmos\/","title":{"rendered":"Grano GRNGK1 \u2013 Komoda 2D1S Viking Oak\/Space Grey"},"content":{"rendered":"<p>\u201eGrano GRNGK1\u201c komoda \u2013 tai unikalus baldas, kuris bet kokiam interjerui suteiks elegancijos ir funkcionalumo. Stilingas, Viking\u0173 \u0105\u017euolo ir kosmin\u0117s pilkos spalv\u0173 dizainas traukia ak\u012f ir sukuria \u0161ilt\u0105, jauki\u0105 atmosfer\u0105. Tai puikus sprendimas tiems, kurie vertina modern\u0173 dizain\u0105 ir ilgaam\u017ei\u0161kum\u0105.<\/p>\n<p>\u201eGrano\u201c komoda puikiai tinka tiek svetainei, tiek miegamajam, nes si\u016blo daug vietos daiktams susid\u0117ti. D\u0117l i\u0161manaus i\u0161planavimo \u2013 dviej\u0173 dureli\u0173 ir vieno stal\u010diaus \u2013 galite patogiai susitvarkyti savo daiktus. \u0160iuolaiki\u0161kos plastikin\u0117s rankenos ir \u0161velniai u\u017esidarantys vyriai u\u017etikrina auk\u0161\u010diausi\u0105 komforto lyg\u012f.<\/p>\n<p>Pagaminta i\u0161 auk\u0161tos kokyb\u0117s med\u017eiag\u0173, toki\u0173 kaip MDF ir laminuota plok\u0161t\u0117, \u201eGrano\u201c komoda derina patvarum\u0105 ir estetik\u0105. Eleganti\u0161ka viking\u0173 \u0105\u017euolo ir kosmin\u0117s pilkos spalvos priekin\u0117 apdaila suteiks j\u016bs\u0173 interjerui prabangos. Tvirta konstrukcija ir d\u0117mesys detal\u0117ms u\u017etikrina, kad \u0161i komoda tarnaus daugel\u012f met\u0173.<\/p>\n<p>Nesvarbu, ar j\u0105 naudosite drabu\u017eiams, dokumentams ar kitiems smulkiems daiktams laikyti, \u201eGrano\u201c komoda pad\u0117s palaikyti tvark\u0105 ir harmonij\u0105 j\u016bs\u0173 namuose. Lengvas surinkimas \u201epasidaryk pats\u201c rei\u0161kia, kad gal\u0117site greitai ir lengvai d\u017eiaugtis nauju baldu. \u012esijunkite \u012f savo interjer\u0105 \u201eGrano\u201c komod\u0105 ir m\u0117gaukit\u0117s funkcionaliu, stilingu baldu, kuris pateisins visus j\u016bs\u0173 l\u016bkes\u010dius!<\/p>","protected":false},"excerpt":{"rendered":"<p>Plotis (cm): 92,8<br \/>\n\u016agis (cm): 100,2<br \/>\nGylis (cm): 38<\/p>","protected":false},"featured_media":162659,"comment_status":"open","ping_status":"open","template":"","meta":[],"product_brand":[],"product_cat":[9482,1173,4107],"product_tag":[],"class_list":{"0":"post-162658","1":"product","2":"type-product","3":"status-publish","4":"has-post-thumbnail","6":"product_cat-furniture-system-grano-wojcik-meble","7":"product_cat-chests-of-drawers","8":"product_cat-meble-wojcik","10":"first","11":"instock","12":"purchasable","13":"product-type-simple"},"_links":{"self":[{"href":"https:\/\/baldumarket.lt\/lt\/wp-json\/wp\/v2\/product\/162658","targetHints":{"allow":["GET"]}}],"collection":[{"href":"https:\/\/baldumarket.lt\/lt\/wp-json\/wp\/v2\/product"}],"about":[{"href":"https:\/\/baldumarket.lt\/lt\/wp-json\/wp\/v2\/types\/product"}],"replies":[{"embeddable":true,"href":"https:\/\/baldumarket.lt\/lt\/wp-json\/wp\/v2\/comments?post=162658"}],"wp:featuredmedia":[{"embeddable":true,"href":"https:\/\/baldumarket.lt\/lt\/wp-json\/wp\/v2\/media\/162659"}],"wp:attachment":[{"href":"https:\/\/baldumarket.lt\/lt\/wp-json\/wp\/v2\/media?parent=162658"}],"wp:term":[{"taxonomy":"product_brand","embeddable":true,"href":"https:\/\/baldumarket.lt\/lt\/wp-json\/wp\/v2\/product_brand?post=162658"},{"taxonomy":"product_cat","embeddable":true,"href":"https:\/\/baldumarket.lt\/lt\/wp-json\/wp\/v2\/product_cat?post=162658"},{"taxonomy":"product_tag","embeddable":true,"href":"https:\/\/baldumarket.lt\/lt\/wp-json\/wp\/v2\/product_tag?post=162658"}],"curies":[{"name":"wp","href":"https:\/\/api.w.org\/{rel}","templated":true}]}}