{"id":162654,"date":"2025-12-19T12:21:37","date_gmt":"2025-12-19T09:21:37","guid":{"rendered":"https:\/\/baldumarket.lt\/product\/grano-grngd1-lawka-2-drzwiowa-dab-viking\/"},"modified":"2026-04-06T19:19:14","modified_gmt":"2026-04-06T16:19:14","slug":"grano-grngd1-lawka-2-drzwiowa-dab-viking","status":"publish","type":"product","link":"https:\/\/baldumarket.lt\/lt\/product\/grano-grngd1-lawka-2-drzwiowa-dab-viking\/","title":{"rendered":"Grano GRNGD1 \u2013 2 suolas Viking Oak spalvos"},"content":{"rendered":"<p>\u201eGrano GRNGD1\u201c suolas \u2013 puikus pasirinkimas ie\u0161kantiems ne tik prakti\u0161ko, bet ir stilingo savo nam\u0173 akcento. Eleganti\u0161kas dizainas ir universali viking\u0173 \u0105\u017euolo spalva puikiai dera prie \u012fvairi\u0173 interjero dizain\u0173, suteikia unikalaus \u017eavesio ir \u0161ilumos. \u0160is baldas neabejotinai pritrauks d\u0117mes\u012f ir taps pagrindiniu dekoro elementu.<\/p>\n<p>\u201eGrano GRNGD1\u201c suoliuko estetika \u2013 tai tobulas modernumo ir klasikin\u0117s med\u017eio apdailos derinys. Pagamintas i\u0161 auk\u0161tos kokyb\u0117s MDF ir laminato, jis \u017eavi savo tvirtumu ir ilgaam\u017ei\u0161kumu. D\u0117l to suoliukas ne tik atrodo gra\u017eiai, bet ir yra labai patvarus bei atsparus kasdieniam naudojimui, u\u017etikrinantis ilgaam\u017ei\u0161kum\u0105 ir pasitenkinim\u0105.<\/p>\n<p>\u0160io baldo funkcionalumas neatsiejamas nuo estetikos \u2013 \u201eGrano\u201c suoliuko dviduris dizainas suteikia daug vietos daiktams susid\u0117ti, kuri ne\u012fkainojama kasdieniame gyvenime. Nesvarbu, ar jums reikia vietos batams, tekstil\u0117s gaminiams, ar kitiems aksesuarams, \u0161is suoliukas leid\u017eia eleganti\u0161kai palaikyti tvark\u0105 ir sutvarkyti erdv\u0119. \u0160velnaus u\u017edarymo vyriai yra papildomas privalumas, suteikiantis patogumo naudojantis.<\/p>\n<p>Minimalistin\u0117s plastikin\u0117s rankenos puikiai papildo bendr\u0105 dizain\u0105, pabr\u0117\u017edamos modern\u0173 baldo charakter\u012f. Kojel\u0117s, taip pat pagamintos i\u0161 patvaraus plastiko, u\u017etikrina suoliuko stabilum\u0105 ir apsaugo grindis nuo \u012fbr\u0117\u017eim\u0173. Surinkimas yra paprastas ir intuityvus, tod\u0117l \u201eGrano GRNGD1\u201c suoliukas greitai ir lengvai papildys j\u016bs\u0173 interjer\u0105.<\/p>\n<p>\u201eGrano GRNGD1\u201c suolas \u2013 puikus sprendimas tiems, kurie vertina ne tik prakti\u0161kum\u0105, bet ir eleganti\u0161k\u0105 bei apgalvot\u0105 dizain\u0105. Jis suteiks j\u016bs\u0173 interjerui nauj\u0105 dimensij\u0105, o j\u016bs m\u0117gausit\u0117s komfortu ir tvarka kiekvien\u0105 dien\u0105. Rinkit\u0117s kokyb\u0119 ir stili\u0173, kurie atlaikys laiko i\u0161bandym\u0105.<\/p>","protected":false},"excerpt":{"rendered":"<p>Plotis (cm): 92,8<br \/>\n\u016agis (cm): 51<br \/>\nGylis (cm): 38<\/p>","protected":false},"featured_media":162655,"comment_status":"open","ping_status":"open","template":"","meta":[],"product_brand":[],"product_cat":[9482,4107,1997],"product_tag":[],"class_list":{"0":"post-162654","1":"product","2":"type-product","3":"status-publish","4":"has-post-thumbnail","6":"product_cat-furniture-system-grano-wojcik-meble","7":"product_cat-meble-wojcik","8":"product_cat-shoe-cabinets","10":"first","11":"instock","12":"purchasable","13":"product-type-simple"},"_links":{"self":[{"href":"https:\/\/baldumarket.lt\/lt\/wp-json\/wp\/v2\/product\/162654","targetHints":{"allow":["GET"]}}],"collection":[{"href":"https:\/\/baldumarket.lt\/lt\/wp-json\/wp\/v2\/product"}],"about":[{"href":"https:\/\/baldumarket.lt\/lt\/wp-json\/wp\/v2\/types\/product"}],"replies":[{"embeddable":true,"href":"https:\/\/baldumarket.lt\/lt\/wp-json\/wp\/v2\/comments?post=162654"}],"wp:featuredmedia":[{"embeddable":true,"href":"https:\/\/baldumarket.lt\/lt\/wp-json\/wp\/v2\/media\/162655"}],"wp:attachment":[{"href":"https:\/\/baldumarket.lt\/lt\/wp-json\/wp\/v2\/media?parent=162654"}],"wp:term":[{"taxonomy":"product_brand","embeddable":true,"href":"https:\/\/baldumarket.lt\/lt\/wp-json\/wp\/v2\/product_brand?post=162654"},{"taxonomy":"product_cat","embeddable":true,"href":"https:\/\/baldumarket.lt\/lt\/wp-json\/wp\/v2\/product_cat?post=162654"},{"taxonomy":"product_tag","embeddable":true,"href":"https:\/\/baldumarket.lt\/lt\/wp-json\/wp\/v2\/product_tag?post=162654"}],"curies":[{"name":"wp","href":"https:\/\/api.w.org\/{rel}","templated":true}]}}