{"id":162648,"date":"2025-12-19T12:21:26","date_gmt":"2025-12-19T09:21:26","guid":{"rendered":"https:\/\/baldumarket.lt\/product\/grano-grngs01l-bielizniarka-1-drzwiowa-lewa-dab-viking-szary-kosmos\/"},"modified":"2026-04-06T19:19:05","modified_gmt":"2026-04-06T16:19:05","slug":"grano-grngs01l-bielizniarka-1-drzwiowa-lewa-dab-viking-szary-kosmos","status":"publish","type":"product","link":"https:\/\/baldumarket.lt\/lt\/product\/grano-grngs01l-bielizniarka-1-drzwiowa-lewa-dab-viking-szary-kosmos\/","title":{"rendered":"Grano GRNGS01L \u2013 1 dur\u0173 komoda kair\u0117je, Viking \u0105\u017euolo\/kosmin\u0117s pilkos spalvos"},"content":{"rendered":"<p>\u201eGrano GRNGS01L\u201c patalyn\u0117s spinta \u2013 puikus sprendimas tiems, kurie vertina stiling\u0105 ir funkcional\u0173 interjero dizain\u0105. Pagaminta i\u0161 moderni\u0173 med\u017eiag\u0173, toki\u0173 kaip MDF ir laminuota plok\u0161t\u0117, \u0161i spinta suteikia namams elegancijos ir paver\u010dia daikt\u0173 laikym\u0105 malonumu.<\/p>\n<p>Patrauklus \u201eViking Oak\u201c ir \u201eSpace Gray\u201c spalv\u0173 derinys suteikia patalyn\u0117s spintai unikal\u0173 charakter\u012f, kuris tikrai patrauks ak\u012f. \u0160viesus \u0105\u017euolo atspalvis puikiai dera su tamsiais akcentais, sukurdamas harmoning\u0105 visum\u0105, tinkan\u010di\u0105 tiek klasikiniam, tiek moderniam interjerui.<\/p>\n<p>\u201eGrano GRNGS01L\u201c yra prakti\u0161kas ir skirtas kasdieniam naudojimui. 195 cm auk\u0161\u010dio, 58 cm plo\u010dio ir 38 cm gylio spintel\u0117 suteikia daug vietos drabu\u017eiams, patalynei ir kitiems nam\u0173 apyvokos reikmenims laikyti. D\u0117l tyli\u0173 vyri\u0173 ir tvirt\u0173 ranken\u0173 ja naudotis patogu ir saugu.<\/p>\n<p>Papildomas privalumas yra galimyb\u0117 surinkti baldus savaranki\u0161kai, nes juos galima suasmeninti ir pritaikyti prie j\u016bs\u0173 poreiki\u0173. \u201eW\u00f3jcik Furniture\u201c pasir\u016bpino kiekviena detale, pristatydama produkt\u0105, kuris pateisina net ir reikliausi\u0173 klient\u0173 l\u016bkes\u010dius. Rinkit\u0117s \u201eGrano GRNGS01L\u201c ir m\u0117gaukit\u0117s gra\u017eiu bei funkcionaliu interjeru kiekvien\u0105 dien\u0105.<\/p>","protected":false},"excerpt":{"rendered":"<p>Plotis (cm): 58<br \/>\n\u016agis (cm): 195<br \/>\nGylis (cm): 38<\/p>","protected":false},"featured_media":162649,"comment_status":"open","ping_status":"open","template":"","meta":[],"product_brand":[],"product_cat":[9482,4107,1177],"product_tag":[],"class_list":{"0":"post-162648","1":"product","2":"type-product","3":"status-publish","4":"has-post-thumbnail","6":"product_cat-furniture-system-grano-wojcik-meble","7":"product_cat-meble-wojcik","8":"product_cat-wardrobes","10":"first","11":"instock","12":"purchasable","13":"product-type-simple"},"_links":{"self":[{"href":"https:\/\/baldumarket.lt\/lt\/wp-json\/wp\/v2\/product\/162648","targetHints":{"allow":["GET"]}}],"collection":[{"href":"https:\/\/baldumarket.lt\/lt\/wp-json\/wp\/v2\/product"}],"about":[{"href":"https:\/\/baldumarket.lt\/lt\/wp-json\/wp\/v2\/types\/product"}],"replies":[{"embeddable":true,"href":"https:\/\/baldumarket.lt\/lt\/wp-json\/wp\/v2\/comments?post=162648"}],"wp:featuredmedia":[{"embeddable":true,"href":"https:\/\/baldumarket.lt\/lt\/wp-json\/wp\/v2\/media\/162649"}],"wp:attachment":[{"href":"https:\/\/baldumarket.lt\/lt\/wp-json\/wp\/v2\/media?parent=162648"}],"wp:term":[{"taxonomy":"product_brand","embeddable":true,"href":"https:\/\/baldumarket.lt\/lt\/wp-json\/wp\/v2\/product_brand?post=162648"},{"taxonomy":"product_cat","embeddable":true,"href":"https:\/\/baldumarket.lt\/lt\/wp-json\/wp\/v2\/product_cat?post=162648"},{"taxonomy":"product_tag","embeddable":true,"href":"https:\/\/baldumarket.lt\/lt\/wp-json\/wp\/v2\/product_tag?post=162648"}],"curies":[{"name":"wp","href":"https:\/\/api.w.org\/{rel}","templated":true}]}}