{"id":162644,"date":"2025-12-19T12:21:18","date_gmt":"2025-12-19T09:21:18","guid":{"rendered":"https:\/\/baldumarket.lt\/product\/grano-grngp1-panel-wieszak-dab-viking\/"},"modified":"2026-04-06T19:19:05","modified_gmt":"2026-04-06T16:19:05","slug":"grano-grngp1-panel-wieszak-dab-viking","status":"publish","type":"product","link":"https:\/\/baldumarket.lt\/lt\/product\/grano-grngp1-panel-wieszak-dab-viking\/","title":{"rendered":"Grano GRNGP1 \u2013 Viking \u0105\u017euolo pakabinimo plok\u0161t\u0117"},"content":{"rendered":"<p>Atraskite elegancij\u0105 ir funkcionalum\u0105, kur\u012f si\u016blo garsaus \u201eMeble W\u00f3jcik\u201c prek\u0117s \u017eenklo \u201eGrano GRNGP1\u201c kabykla paltams. \u0160is unikalus baldas puikiai derina modern\u0173 dizain\u0105 ir prakti\u0161kum\u0105, puikiai papildydamas bet kok\u012f interjer\u0105. Korpusas ir fasadai, pagaminti i\u0161 viking\u0173 \u0105\u017euolo, suteiks j\u016bs\u0173 kambariui \u0161ilt\u0105, nat\u016bral\u0173 charakter\u012f, kuris tikrai patrauks ak\u012f.<\/p>\n<p>\u201eGrano GRNGP1\u201c \u2013 puikus pasirinkimas tiems, kurie vertina komfort\u0105 ir estetik\u0105. Palt\u0173 kabykla suteikia daug vietos vir\u0161utiniams drabu\u017eiams, tod\u0117l j\u016bs\u0173 prie\u0161kambaris visada bus tvarkingas ir organizuotas. Metalinis b\u0117gelis ir tvirti plastikiniai pakabos garantuoja patvarum\u0105 ir tvirtum\u0105 ilgus metus, tod\u0117l tai yra ilgalaik\u0117 investicija.<\/p>\n<p>Korpusas pagamintas i\u0161 laminuotos plok\u0161t\u0117s, o priekin\u0117s dalys \u2013 i\u0161 MDF plok\u0161t\u0117s, tod\u0117l baldas atsparus \u012fbr\u0117\u017eimams ir pa\u017eeidimams, tod\u0117l puikiai tinka \u0161eimoms su vaikais. Surinkimas patiems leid\u017eia pritaikyti kabykl\u0105 pagal savo poreikius ir erdv\u0119, kurioje planuojate j\u0105 \u012frengti. D\u0117l to \u201eGrano GRNGP1\u201c yra i\u0161skirtinai prakti\u0161kas sprendimas, kuris gali tapti neatsiejama j\u016bs\u0173 nam\u0173 dalimi.<\/p>\n<p>Estetika ir funkcionalumas yra pagrindiniai \u0161ios kabyklos privalumai. Ji palengvins kasdien\u012f valym\u0105, o j\u016bs\u0173 prie\u0161kambaris atrodys eleganti\u0161kai ir tvarkingai. Rinkit\u0117s \u201eGrano GRNGP1\u201c ir m\u0117gaukit\u0117s gra\u017eiai suprojektuotu interjeru, kuris visada paliks puik\u0173 pirm\u0105j\u012f \u012fsp\u016bd\u012f.<\/p>","protected":false},"excerpt":{"rendered":"<p>Plotis (cm): 92,8<br \/>\n\u016agis (cm): 101<br \/>\nGylis (cm): 32,5<\/p>","protected":false},"featured_media":162645,"comment_status":"open","ping_status":"open","template":"","meta":[],"product_brand":[],"product_cat":[9482,1931,4107],"product_tag":[],"class_list":{"0":"post-162644","1":"product","2":"type-product","3":"status-publish","4":"has-post-thumbnail","6":"product_cat-furniture-system-grano-wojcik-meble","7":"product_cat-hangers","8":"product_cat-meble-wojcik","10":"first","11":"instock","12":"purchasable","13":"product-type-simple"},"_links":{"self":[{"href":"https:\/\/baldumarket.lt\/lt\/wp-json\/wp\/v2\/product\/162644","targetHints":{"allow":["GET"]}}],"collection":[{"href":"https:\/\/baldumarket.lt\/lt\/wp-json\/wp\/v2\/product"}],"about":[{"href":"https:\/\/baldumarket.lt\/lt\/wp-json\/wp\/v2\/types\/product"}],"replies":[{"embeddable":true,"href":"https:\/\/baldumarket.lt\/lt\/wp-json\/wp\/v2\/comments?post=162644"}],"wp:featuredmedia":[{"embeddable":true,"href":"https:\/\/baldumarket.lt\/lt\/wp-json\/wp\/v2\/media\/162645"}],"wp:attachment":[{"href":"https:\/\/baldumarket.lt\/lt\/wp-json\/wp\/v2\/media?parent=162644"}],"wp:term":[{"taxonomy":"product_brand","embeddable":true,"href":"https:\/\/baldumarket.lt\/lt\/wp-json\/wp\/v2\/product_brand?post=162644"},{"taxonomy":"product_cat","embeddable":true,"href":"https:\/\/baldumarket.lt\/lt\/wp-json\/wp\/v2\/product_cat?post=162644"},{"taxonomy":"product_tag","embeddable":true,"href":"https:\/\/baldumarket.lt\/lt\/wp-json\/wp\/v2\/product_tag?post=162644"}],"curies":[{"name":"wp","href":"https:\/\/api.w.org\/{rel}","templated":true}]}}