{"id":162640,"date":"2025-12-19T12:21:10","date_gmt":"2025-12-19T09:21:10","guid":{"rendered":"https:\/\/baldumarket.lt\/product\/grano-grngl1-lustro-wiszace-dab-viking-dab-viking\/"},"modified":"2026-04-06T19:19:05","modified_gmt":"2026-04-06T16:19:05","slug":"grano-grngl1-lustro-wiszace-dab-viking-dab-viking","status":"publish","type":"product","link":"https:\/\/baldumarket.lt\/lt\/product\/grano-grngl1-lustro-wiszace-dab-viking-dab-viking\/","title":{"rendered":"Grano GRNGL1 \u2013 Viking Oak pakabinamas veidrodis \/ Viking Oak"},"content":{"rendered":"<p>Atraskite minimalistinio dizaino gro\u017e\u012f su pakabinamu veidrod\u017eiu \u201eGrano GRNGL1\u201c viking\u0173 \u0105\u017euolo spalvos. \u0160is veidrodis \u2013 tikras \u201eW\u00f3jcik Meble\u201c prek\u0117s \u017eenklo perlas, suteikiantis elegancijos ir modernumo bet kokiam interjerui. D\u0117l nat\u016bralaus \u0105\u017euolo atspalvi\u0173 veidrodis harmoningai der\u0117s prie \u012fvairi\u0173 interjero stili\u0173 \u2013 nuo klasikinio iki modernesnio.<\/p>\n<p>Pakabinamas veidrodis \u201eGrano GRNGL1\u201c sukurtas tiems, kurie vertina ir estetik\u0105, ir funkcionalum\u0105. Sta\u010diakamp\u0117 forma ir eleganti\u0161kas, laminuotas korpusas daro j\u012f ne tik prakti\u0161ku, bet ir stilingu sienos puo\u0161mena. Be to, \u201eViking Oak\u201c spalva suteikia bet kokiam kambariui \u0161ilt\u0105, jauk\u0173 charakter\u012f, \u012fne\u0161dama ramyb\u0117s ir harmonijos.<\/p>\n<p>Jis puikiai tiks \u012fvairiuose kambariuose \u2013 nuo miegamojo, prie\u0161kambario iki vonios kambario. D\u0117l universalaus stiliaus \u201eGrano GRNGL1\u201c puikiai papildys bet koki\u0105 erdv\u0119, pabr\u0117\u017edamas jos individual\u0173 charakter\u012f. \u0160is veidrodis taip pat puikus sprendimas ma\u017eesniems interjerams, vizualiai padidindamas erdv\u0119 ir suteikdamas gylio.<\/p>\n<p>Lengvas surinkimas ir tvirta MDF konstrukcija garantuoja patvarum\u0105 ir saug\u0173 naudojim\u0105 daugel\u012f met\u0173. Savaranki\u0161kas surinkimas yra lengvas net ir ma\u017eiau patyrusiems vartotojams, o tai yra papildomas \u0161io modelio privalumas. \u201eGrano GRNGL1\u201c veidrodis yra unikalus stiliaus ir prakti\u0161kumo derinys, kuris pakeis bet kok\u012f interjer\u0105, suteikdamas jam elegancijos ir unikalaus charakterio.<\/p>\n<p>Pasirinkdami \u201eMeble W\u00f3jcik\u201c \u201eGrano GRNGL1\u201c veidrod\u012f, investuojate \u012f gamin\u012f, kuris apjungia funkcionalum\u0105 ir unikali\u0105, nat\u016brali\u0105 i\u0161vaizd\u0105. \u012esitikinkite patys, kiek daug j\u016bs\u0173 namuose gali padaryti tinkamai parinktas veidrodis!<\/p>","protected":false},"excerpt":{"rendered":"<p>Plotis (cm): 92,8<br \/>\n\u016agis (cm): 72,7<br \/>\nGylis (cm): 3,6<\/p>","protected":false},"featured_media":162641,"comment_status":"open","ping_status":"open","template":"","meta":[],"product_brand":[],"product_cat":[9482,4107,1108],"product_tag":[],"class_list":{"0":"post-162640","1":"product","2":"type-product","3":"status-publish","4":"has-post-thumbnail","6":"product_cat-furniture-system-grano-wojcik-meble","7":"product_cat-meble-wojcik","8":"product_cat-mirrors","10":"first","11":"instock","12":"purchasable","13":"product-type-simple"},"_links":{"self":[{"href":"https:\/\/baldumarket.lt\/lt\/wp-json\/wp\/v2\/product\/162640","targetHints":{"allow":["GET"]}}],"collection":[{"href":"https:\/\/baldumarket.lt\/lt\/wp-json\/wp\/v2\/product"}],"about":[{"href":"https:\/\/baldumarket.lt\/lt\/wp-json\/wp\/v2\/types\/product"}],"replies":[{"embeddable":true,"href":"https:\/\/baldumarket.lt\/lt\/wp-json\/wp\/v2\/comments?post=162640"}],"wp:featuredmedia":[{"embeddable":true,"href":"https:\/\/baldumarket.lt\/lt\/wp-json\/wp\/v2\/media\/162641"}],"wp:attachment":[{"href":"https:\/\/baldumarket.lt\/lt\/wp-json\/wp\/v2\/media?parent=162640"}],"wp:term":[{"taxonomy":"product_brand","embeddable":true,"href":"https:\/\/baldumarket.lt\/lt\/wp-json\/wp\/v2\/product_brand?post=162640"},{"taxonomy":"product_cat","embeddable":true,"href":"https:\/\/baldumarket.lt\/lt\/wp-json\/wp\/v2\/product_cat?post=162640"},{"taxonomy":"product_tag","embeddable":true,"href":"https:\/\/baldumarket.lt\/lt\/wp-json\/wp\/v2\/product_tag?post=162640"}],"curies":[{"name":"wp","href":"https:\/\/api.w.org\/{rel}","templated":true}]}}