{"id":162636,"date":"2025-12-19T12:21:01","date_gmt":"2025-12-19T09:21:01","guid":{"rendered":"https:\/\/baldumarket.lt\/product\/grano-grnp01-polka-wiszaca-szary-kosmos-dab-viking\/"},"modified":"2026-04-06T19:19:05","modified_gmt":"2026-04-06T16:19:05","slug":"grano-grnp01-polka-wiszaca-szary-kosmos-dab-viking","status":"publish","type":"product","link":"https:\/\/baldumarket.lt\/lt\/product\/grano-grnp01-polka-wiszaca-szary-kosmos-dab-viking\/","title":{"rendered":"Grano GRNP01 \u2013 pakabinama lentyna, pilka\/vikingo \u0105\u017euolas"},"content":{"rendered":"<p>\u201eGrano GRNP01\u201c \u2013 pilkos\/vikingo \u0105\u017euolo spalvos sienin\u0117 lentyna \u2013 puikus pasirinkimas ie\u0161kantiems eleganti\u0161ko ir funkcionalaus sprendimo savo interjerui. Rafinuotas dizainas derina modern\u0173 stili\u0173 su klasikiniais akcentais, sukurdamas harmoning\u0105 visum\u0105, kuri papuo\u0161 bet kur\u012f kambar\u012f.<\/p>\n<p>Nuostabi \u201eSpace Gray\u201c spalva puikiai papildo nat\u016bral\u0173 \u201eViking Oak\u201c \u0105\u017euolo atspalv\u012f, suteikdama lentynai unikalaus charakterio. \u0160is spalv\u0173 derinys daro lentyn\u0105 ne tik prakti\u0161k\u0105, bet ir esteti\u0161kai patraukli\u0105, puikiai tinkan\u010di\u0105 tiek moderniam, tiek tradiciniam interjerui.<\/p>\n<p>\u012esivaizduokite \u0161i\u0105 lentyn\u0105 savo svetain\u0117je \u2013 ji taps pagrindine sienos puo\u0161mena ir kartu suteiks naudingos vietos knygoms, dekoracijoms ar augalams. D\u0117l laminuotos plok\u0161t\u0117s, naudojamos lentynai, galime b\u016bti tikri, kad ji yra patvari ir lengvai valoma, tod\u0117l idealiai tinka kasdien\u0117ms erdv\u0117ms.<\/p>\n<p>\u0160ios lentynos funkcionalumas neatsiejamas nuo estetikos. Savaranki\u0161kas surinkimas leid\u017eia j\u0105 visi\u0161kai pritaikyti pagal savo poreikius ir pageidavimus. \u201eGrano GRNP01\u201c lentyna yra daugiau nei tik daikt\u0173 laikymo vieta \u2013 tai elementas, kuris paveiks j\u016bs\u0173 nam\u0173 charakter\u012f, suteikdamas jiems unikal\u0173 stili\u0173.<\/p>","protected":false},"excerpt":{"rendered":"<p>Plotis (cm): 117,6<br \/>\n\u016agis (cm): 19,6<br \/>\nGylis (cm): 21,9<\/p>","protected":false},"featured_media":162637,"comment_status":"open","ping_status":"open","template":"","meta":[],"product_brand":[],"product_cat":[9482,1174,4107],"product_tag":[],"class_list":{"0":"post-162636","1":"product","2":"type-product","3":"status-publish","4":"has-post-thumbnail","6":"product_cat-furniture-system-grano-wojcik-meble","7":"product_cat-hanging-shelves","8":"product_cat-meble-wojcik","10":"first","11":"instock","12":"purchasable","13":"product-type-simple"},"_links":{"self":[{"href":"https:\/\/baldumarket.lt\/lt\/wp-json\/wp\/v2\/product\/162636","targetHints":{"allow":["GET"]}}],"collection":[{"href":"https:\/\/baldumarket.lt\/lt\/wp-json\/wp\/v2\/product"}],"about":[{"href":"https:\/\/baldumarket.lt\/lt\/wp-json\/wp\/v2\/types\/product"}],"replies":[{"embeddable":true,"href":"https:\/\/baldumarket.lt\/lt\/wp-json\/wp\/v2\/comments?post=162636"}],"wp:featuredmedia":[{"embeddable":true,"href":"https:\/\/baldumarket.lt\/lt\/wp-json\/wp\/v2\/media\/162637"}],"wp:attachment":[{"href":"https:\/\/baldumarket.lt\/lt\/wp-json\/wp\/v2\/media?parent=162636"}],"wp:term":[{"taxonomy":"product_brand","embeddable":true,"href":"https:\/\/baldumarket.lt\/lt\/wp-json\/wp\/v2\/product_brand?post=162636"},{"taxonomy":"product_cat","embeddable":true,"href":"https:\/\/baldumarket.lt\/lt\/wp-json\/wp\/v2\/product_cat?post=162636"},{"taxonomy":"product_tag","embeddable":true,"href":"https:\/\/baldumarket.lt\/lt\/wp-json\/wp\/v2\/product_tag?post=162636"}],"curies":[{"name":"wp","href":"https:\/\/api.w.org\/{rel}","templated":true}]}}