{"id":162633,"date":"2025-12-19T12:20:55","date_gmt":"2025-12-19T09:20:55","guid":{"rendered":"https:\/\/baldumarket.lt\/product\/grano-grnk03-komoda-4d2s-dab-viking-szary-kosmos\/"},"modified":"2026-04-06T19:19:05","modified_gmt":"2026-04-06T16:19:05","slug":"grano-grnk03-komoda-4d2s-dab-viking-szary-kosmos","status":"publish","type":"product","link":"https:\/\/baldumarket.lt\/lt\/product\/grano-grnk03-komoda-4d2s-dab-viking-szary-kosmos\/","title":{"rendered":"Grano GRNK03 \u2013 Komoda 4D2S Viking Oak\/Space Gray"},"content":{"rendered":"<p>\u201eMeble W\u00f3jcik\u201c komoda \u201eGrano GRNK03\u201c \u2013 puikus pasirinkimas tiems, kurie vertina eleganti\u0161k\u0105 dizain\u0105 ir funkcionalum\u0105 viename. Pagaminta i\u0161 auk\u0161\u010diausios kokyb\u0117s med\u017eiag\u0173, \u012fskaitant MDF ir laminuot\u0105 plok\u0161t\u0119, \u0161i \u201eViking Oak\u201c ir \u201eSpace Gray\u201c spalv\u0173 komoda suteiks \u0161ilumos ir modernumo bet kokiam interjerui. Harmoningas spalv\u0173 ir tekst\u016br\u0173 derinys paver\u010dia \u0161\u012f bald\u0105 ak\u012f traukian\u010diu ir bet kurio kambario traukos centru.<\/p>\n<p>\u201eGrano GRNK03\u201c yra ne tik eleganti\u0161ka, bet ir prakti\u0161ka. Komoda turi keturias dureles ir du stal\u010dius, tod\u0117l yra daug vietos daiktams susid\u0117ti. Patogios plastikin\u0117s ranken\u0117l\u0117s ir \u0161velniai u\u017esidarantys vyriai bei b\u0117geliai daro \u0161i\u0105 komod\u0105 nepaprastai patogi\u0105. Kiekviena detal\u0117 buvo kruop\u0161\u010diai apgalvota, kad kasdienis naudojimas b\u016bt\u0173 malonus.<\/p>\n<p>\u0160ios komodos funkcionalumas leid\u017eia j\u0105 naudoti \u012fvairiems tikslams \u2013 nuo svetain\u0117s iki miegamojo ar darbo kambario. Joje galite laikyti drabu\u017eius, dokumentus ir dekoratyvinius aksesuarus. D\u0117l pilno i\u0161traukimo stal\u010di\u0173 viskas, ko jums reikia, visada bus ranka pasiekiama. \u0160is baldas derina komfort\u0105 ir estetik\u0105, tapdamas nepakei\u010diamu j\u016bs\u0173 nam\u0173 elementu.<\/p>\n<p>Paprastas, ta\u010diau modernus \u201eGrano GRNK03\u201c komodos dizainas puikiai tinka \u012fvairiems interjero stiliams. Ji puikiai tiks tiek minimalistiniame, tiek klasikiniame interjere. D\u0117l tvirtos konstrukcijos ir d\u0117mesio detal\u0117ms \u0161is baldas tarnaus jums daugel\u012f met\u0173, i\u0161laikydamas nepriekai\u0161ting\u0105 i\u0161vaizd\u0105.<\/p>\n<p>\u201eGrano GRNK03\u201c komod\u0105 taip pat galima surinkti savaranki\u0161kai, taip sutaupant laiko ir i\u0161laid\u0173, susijusi\u0173 su papildoma prie\u017ei\u016bra. Tai puikus pasirinkimas visiems, ie\u0161kantiems elegancijos, modernumo ir funkcionalumo derinio viename stilingame balde. Papuo\u0161kite savo namus komoda, kuri taps puikaus skonio ir prakti\u0161kumo simboliu.<\/p>","protected":false},"excerpt":{"rendered":"<p>Plotis (cm): 185,3<br \/>\n\u016agis (cm): 86<br \/>\nGylis (cm): 40,9<\/p>","protected":false},"featured_media":162634,"comment_status":"open","ping_status":"open","template":"","meta":[],"product_brand":[],"product_cat":[9482,1173,4107],"product_tag":[],"class_list":{"0":"post-162633","1":"product","2":"type-product","3":"status-publish","4":"has-post-thumbnail","6":"product_cat-furniture-system-grano-wojcik-meble","7":"product_cat-chests-of-drawers","8":"product_cat-meble-wojcik","10":"first","11":"instock","12":"purchasable","13":"product-type-simple"},"_links":{"self":[{"href":"https:\/\/baldumarket.lt\/lt\/wp-json\/wp\/v2\/product\/162633","targetHints":{"allow":["GET"]}}],"collection":[{"href":"https:\/\/baldumarket.lt\/lt\/wp-json\/wp\/v2\/product"}],"about":[{"href":"https:\/\/baldumarket.lt\/lt\/wp-json\/wp\/v2\/types\/product"}],"replies":[{"embeddable":true,"href":"https:\/\/baldumarket.lt\/lt\/wp-json\/wp\/v2\/comments?post=162633"}],"wp:featuredmedia":[{"embeddable":true,"href":"https:\/\/baldumarket.lt\/lt\/wp-json\/wp\/v2\/media\/162634"}],"wp:attachment":[{"href":"https:\/\/baldumarket.lt\/lt\/wp-json\/wp\/v2\/media?parent=162633"}],"wp:term":[{"taxonomy":"product_brand","embeddable":true,"href":"https:\/\/baldumarket.lt\/lt\/wp-json\/wp\/v2\/product_brand?post=162633"},{"taxonomy":"product_cat","embeddable":true,"href":"https:\/\/baldumarket.lt\/lt\/wp-json\/wp\/v2\/product_cat?post=162633"},{"taxonomy":"product_tag","embeddable":true,"href":"https:\/\/baldumarket.lt\/lt\/wp-json\/wp\/v2\/product_tag?post=162633"}],"curies":[{"name":"wp","href":"https:\/\/api.w.org\/{rel}","templated":true}]}}