{"id":162628,"date":"2025-12-19T12:20:45","date_gmt":"2025-12-19T09:20:45","guid":{"rendered":"https:\/\/baldumarket.lt\/product\/grano-grnk02-komoda-3-drzwiowa-dab-viking-szary-kosmos\/"},"modified":"2026-04-06T19:19:05","modified_gmt":"2026-04-06T16:19:05","slug":"grano-grnk02-komoda-3-drzwiowa-dab-viking-szary-kosmos","status":"publish","type":"product","link":"https:\/\/baldumarket.lt\/lt\/product\/grano-grnk02-komoda-3-drzwiowa-dab-viking-szary-kosmos\/","title":{"rendered":"Grano GRNK02 \u2013 komoda su 3 durimis, viking\u0173 \u0105\u017euolo\/kosmin\u0117s pilkos spalvos"},"content":{"rendered":"<p>Atraskite elegancij\u0105 ir funkcionalum\u0105 viename \u2013 \u201eGrano GRNK02\u201c indauja yra puikus pasirinkimas bet kokiam interjerui. \u0160i trij\u0173 dur\u0173 \u201eMeble W\u00f3jcik\u201c indauja derina modern\u0173 dizain\u0105 su klasikiniu \u017eavesiu, tod\u0117l ji tampa meistri\u0161ku akcentu j\u016bs\u0173 namuose. Pagaminta i\u0161 auk\u0161tos kokyb\u0117s med\u017eiag\u0173, toki\u0173 kaip MDF ir laminuota plok\u0161t\u0117, ji u\u017etikrina patvarum\u0105 ir tvirtum\u0105 ilgus metus. Unikali \u201eViking Oak\u201c ir \u201eSpace Gray\u201c apdaila suteikia indaujai prabangi\u0105 i\u0161vaizd\u0105. \u0160vies\u016bs medienos tonai puikiai papildo pilkus akcentus, sukurdami harmoning\u0105 kompozicij\u0105. \u0160i estetika leid\u017eia indaujai der\u0117ti tiek prie modernaus, tiek prie tradici\u0161kesnio interjero, suteikdama jai unikalaus charakterio. \u0160ios indaujas yra idealus sprendimas daiktams laikyti. Gerai apgalvotas interjeras leid\u017eia patogiai organizuoti daiktus, u\u017etikrinant, kad kiekvienas daiktas ras savo viet\u0105. Su pasirenkamu \u201eSquare\u201c ap\u0161vietimu galite dar labiau i\u0161ry\u0161kinti m\u0117gstamiausias dekoracijas arba pademonstruoti eleganti\u0161kus stalo \u012frankius. Visa tai yra ranka pasiekiama, u\u017edaryta u\u017e dureli\u0173 su tylaus u\u017edarymo sistema, u\u017etikrinan\u010dia patog\u0173 naudojim\u0105.<\/p>","protected":false},"excerpt":{"rendered":"<p>Plotis (cm): 157<br \/>\n\u016agis (cm): 86<br \/>\nGylis (cm): 40,9<\/p>","protected":false},"featured_media":162629,"comment_status":"open","ping_status":"open","template":"","meta":[],"product_brand":[],"product_cat":[9482,1173,4107],"product_tag":[],"class_list":{"0":"post-162628","1":"product","2":"type-product","3":"status-publish","4":"has-post-thumbnail","6":"product_cat-furniture-system-grano-wojcik-meble","7":"product_cat-chests-of-drawers","8":"product_cat-meble-wojcik","10":"first","11":"instock","12":"purchasable","13":"product-type-simple"},"_links":{"self":[{"href":"https:\/\/baldumarket.lt\/lt\/wp-json\/wp\/v2\/product\/162628","targetHints":{"allow":["GET"]}}],"collection":[{"href":"https:\/\/baldumarket.lt\/lt\/wp-json\/wp\/v2\/product"}],"about":[{"href":"https:\/\/baldumarket.lt\/lt\/wp-json\/wp\/v2\/types\/product"}],"replies":[{"embeddable":true,"href":"https:\/\/baldumarket.lt\/lt\/wp-json\/wp\/v2\/comments?post=162628"}],"wp:featuredmedia":[{"embeddable":true,"href":"https:\/\/baldumarket.lt\/lt\/wp-json\/wp\/v2\/media\/162629"}],"wp:attachment":[{"href":"https:\/\/baldumarket.lt\/lt\/wp-json\/wp\/v2\/media?parent=162628"}],"wp:term":[{"taxonomy":"product_brand","embeddable":true,"href":"https:\/\/baldumarket.lt\/lt\/wp-json\/wp\/v2\/product_brand?post=162628"},{"taxonomy":"product_cat","embeddable":true,"href":"https:\/\/baldumarket.lt\/lt\/wp-json\/wp\/v2\/product_cat?post=162628"},{"taxonomy":"product_tag","embeddable":true,"href":"https:\/\/baldumarket.lt\/lt\/wp-json\/wp\/v2\/product_tag?post=162628"}],"curies":[{"name":"wp","href":"https:\/\/api.w.org\/{rel}","templated":true}]}}