{"id":162625,"date":"2025-12-19T12:20:39","date_gmt":"2025-12-19T09:20:39","guid":{"rendered":"https:\/\/baldumarket.lt\/product\/grano-grnk01-komoda-3d1s-dab-viking-szary-kosmos\/"},"modified":"2026-04-06T19:19:05","modified_gmt":"2026-04-06T16:19:05","slug":"grano-grnk01-komoda-3d1s-dab-viking-szary-kosmos","status":"publish","type":"product","link":"https:\/\/baldumarket.lt\/lt\/product\/grano-grnk01-komoda-3d1s-dab-viking-szary-kosmos\/","title":{"rendered":"Grano GRNK01 \u2013 3D1S komoda, Viking \u0105\u017euolas\/kosmin\u0117 pilka"},"content":{"rendered":"<p>Ie\u0161kote eleganti\u0161ko baldo, kuris suteikt\u0173 \u017eavesio j\u016bs\u0173 interjerui? \u201eGrano GRNK01\u201c komoda \u2013 puikus sprendimas! Unikalus viking\u0173 \u0105\u017euolo ir kosmin\u0117s pilkos spalv\u0173 derinys suteikia jai modern\u0173 charakter\u012f, kuris puikiai papildys bet kur\u012f kambar\u012f. \u0160i komoda tikrai trauks ak\u012f ir d\u017eiugins savo i\u0161vaizda.<\/p>\n<p>Ta\u010diau \u0161i\u0105 komod\u0105 i\u0161skirtin\u0119 daro ne tik i\u0161vaizda. \u201eGrano GRNK01\u201c pagaminta i\u0161 auk\u0161tos kokyb\u0117s med\u017eiag\u0173, toki\u0173 kaip laminuotas korpusas ir MDF fasadas, u\u017etikrinan\u010di\u0173 patvarum\u0105 ir tvirtum\u0105 ilgus metus. Plastikin\u0117s rankenos ir \u0161velnaus u\u017edarymo mechanizmas leid\u017eia naudotis \u0161ia komoda nepaprastai patogiai ir tyliai.<\/p>\n<p>Funkcionalumas yra svarbiausias kasdienio bald\u0173 naudojimo elementas, ir \u201eGrano GRNK01\u201c komoda puikiai atitinka \u0161\u012f princip\u0105. D\u0117l gili\u0173 ir erdvi\u0173 stal\u010di\u0173 bei erdvi\u0173 lentyn\u0173 galite lengvai susid\u0117ti visus savo daiktus ir palaikyti tvark\u0105 kambaryje. Kiekvienas elementas buvo sukurtas atsi\u017evelgiant \u012f j\u016bs\u0173 patogum\u0105 ir prakti\u0161kum\u0105.<\/p>\n<p>Stilingas dizainas ir gerai apgalvota konstrukcija paver\u010dia \u201eMeble W\u00f3jcik\u201c komod\u0105 \u201eGrano GRNK01\u201c nuostabiu j\u016bs\u0173 svetain\u0117s, miegamojo ar prie\u0161kambario papildymu. Surinkimas paprastas ir be r\u016bpes\u010di\u0173, tod\u0117l gal\u0117site greitai m\u0117gautis nauju pirkiniu. \u012ene\u0161kite \u012f savo namus modernumo ir elegancijos su \u201eGrano GRNK01\u201c komoda!<\/p>","protected":false},"excerpt":{"rendered":"<p>Plotis (cm): 157<br \/>\n\u016agis (cm): 86<br \/>\nGylis (cm): 40,9<\/p>","protected":false},"featured_media":162626,"comment_status":"open","ping_status":"open","template":"","meta":[],"product_brand":[],"product_cat":[9482,1173,4107],"product_tag":[],"class_list":{"0":"post-162625","1":"product","2":"type-product","3":"status-publish","4":"has-post-thumbnail","6":"product_cat-furniture-system-grano-wojcik-meble","7":"product_cat-chests-of-drawers","8":"product_cat-meble-wojcik","10":"first","11":"instock","12":"purchasable","13":"product-type-simple"},"_links":{"self":[{"href":"https:\/\/baldumarket.lt\/lt\/wp-json\/wp\/v2\/product\/162625","targetHints":{"allow":["GET"]}}],"collection":[{"href":"https:\/\/baldumarket.lt\/lt\/wp-json\/wp\/v2\/product"}],"about":[{"href":"https:\/\/baldumarket.lt\/lt\/wp-json\/wp\/v2\/types\/product"}],"replies":[{"embeddable":true,"href":"https:\/\/baldumarket.lt\/lt\/wp-json\/wp\/v2\/comments?post=162625"}],"wp:featuredmedia":[{"embeddable":true,"href":"https:\/\/baldumarket.lt\/lt\/wp-json\/wp\/v2\/media\/162626"}],"wp:attachment":[{"href":"https:\/\/baldumarket.lt\/lt\/wp-json\/wp\/v2\/media?parent=162625"}],"wp:term":[{"taxonomy":"product_brand","embeddable":true,"href":"https:\/\/baldumarket.lt\/lt\/wp-json\/wp\/v2\/product_brand?post=162625"},{"taxonomy":"product_cat","embeddable":true,"href":"https:\/\/baldumarket.lt\/lt\/wp-json\/wp\/v2\/product_cat?post=162625"},{"taxonomy":"product_tag","embeddable":true,"href":"https:\/\/baldumarket.lt\/lt\/wp-json\/wp\/v2\/product_tag?post=162625"}],"curies":[{"name":"wp","href":"https:\/\/api.w.org\/{rel}","templated":true}]}}