{"id":162621,"date":"2025-12-19T12:20:31","date_gmt":"2025-12-19T09:20:31","guid":{"rendered":"https:\/\/baldumarket.lt\/product\/grano-grnv01r-witryna-1-drzwiowa-dab-viking-szary-kosmos\/"},"modified":"2026-04-06T19:19:05","modified_gmt":"2026-04-06T16:19:05","slug":"grano-grnv01r-witryna-1-drzwiowa-dab-viking-szary-kosmos","status":"publish","type":"product","link":"https:\/\/baldumarket.lt\/lt\/product\/grano-grnv01r-witryna-1-drzwiowa-dab-viking-szary-kosmos\/","title":{"rendered":"Grano GRNV01R \u2013 1 dur\u0173 vitrina Viking Oak\/Space Grey"},"content":{"rendered":"<p>\u201eGrano GRNV01R\u201c vitrina \u2013 puikus baldas ie\u0161kantiems stiling\u0173 ir funkcionali\u0173 sprendim\u0173 savo namams. Pagaminta i\u0161 viking\u0173 \u0105\u017euolo medienos ir eleganti\u0161kos kosmin\u0117s pilkos spalvos derinio, ji pritrauks bet kurio modernaus interjero entuziasto ak\u012f. Auk\u0161ta kokyb\u0117 ir rafinuota apdaila suteikia bet kokiam interjerui klas\u0117s ir skandinavi\u0161ko \u017eavesio.<\/p>\n<p>D\u0117l savo plono dizaino, siekian\u010dio 195 cm auk\u0161t\u012f, \u201eGrano GRNV01R\u201c suteikia daug vietos m\u0117gstamiausiems dekoracijoms, knygoms ir stalo \u012frankiams laikyti. D\u0117l apgalvoto dizaino visus daiktus gal\u0117site i\u0161d\u0117styti stilingai ir tvarkingai. Jis puikiai tinka svetain\u0117ms, valgomiesiems ir net biurams, suteikdamas bet kuriai erdvei elegancijos ir lengvumo.<\/p>\n<p>Centrin\u0117 vitrinos detal\u0117 \u2013 gr\u016bdinto pilko \u201eAntisol\u201c stiklo priekin\u0117 dalis, kuri ne tik suteikia modernumo, bet ir apsaugo viduje laikomus daiktus. Stiklin\u0117s lentynos \u2013 puiki vieta eksponuoti brangiausius aksesuarus ir dekoracijas. Papildomas ap\u0161vietimas leis vitrinai atrodyti nuostabiai net ir sutemus, sukurdamas maloni\u0105 ir jauki\u0105 atmosfer\u0105.<\/p>\n<p>Didelis \u201eGrano GRNV01R\u201c funkcionalumas derinamas su i\u0161skirtine estetika. \u0160velniai u\u017esidarantys vyriai u\u017etikrina skland\u0173 ir tyl\u0173 dureli\u0173 u\u017edarym\u0105, taip padidindami komfort\u0105. Nors vitrin\u0105 reikia surinkti pa\u010diam, j\u0105 lengva surinkti d\u0117ka ai\u0161ki\u0173 instrukcij\u0173, tod\u0117l ji greitai ir lengvai papildys j\u016bs\u0173 interjer\u0105.<\/p>\n<p>Pasirinkdami \u201eGrano GRNV01R\u201c vitrin\u0105, investuojate \u012f bald\u0105, kuriame derinamas auk\u0161tos kokyb\u0117s meistri\u0161kumas ir madinga i\u0161vaizda. Tai suteiks bet kuriam kambariui stiliaus ir unikalumo. Pasir\u016bpinkite savo interjeru su \u201eMeble W\u00f3jcik\u201c ir m\u0117gaukit\u0117s gro\u017eiu kiekvien\u0105 dien\u0105.<\/p>","protected":false},"excerpt":{"rendered":"<p>Plotis (cm): 58<br \/>\n\u016agis (cm): 195<br \/>\nGylis (cm): 37,4<\/p>","protected":false},"featured_media":162622,"comment_status":"open","ping_status":"open","template":"","meta":[],"product_brand":[],"product_cat":[9482,4107,2006],"product_tag":[],"class_list":{"0":"post-162621","1":"product","2":"type-product","3":"status-publish","4":"has-post-thumbnail","6":"product_cat-furniture-system-grano-wojcik-meble","7":"product_cat-meble-wojcik","8":"product_cat-vitrines","10":"first","11":"instock","12":"purchasable","13":"product-type-simple"},"_links":{"self":[{"href":"https:\/\/baldumarket.lt\/lt\/wp-json\/wp\/v2\/product\/162621","targetHints":{"allow":["GET"]}}],"collection":[{"href":"https:\/\/baldumarket.lt\/lt\/wp-json\/wp\/v2\/product"}],"about":[{"href":"https:\/\/baldumarket.lt\/lt\/wp-json\/wp\/v2\/types\/product"}],"replies":[{"embeddable":true,"href":"https:\/\/baldumarket.lt\/lt\/wp-json\/wp\/v2\/comments?post=162621"}],"wp:featuredmedia":[{"embeddable":true,"href":"https:\/\/baldumarket.lt\/lt\/wp-json\/wp\/v2\/media\/162622"}],"wp:attachment":[{"href":"https:\/\/baldumarket.lt\/lt\/wp-json\/wp\/v2\/media?parent=162621"}],"wp:term":[{"taxonomy":"product_brand","embeddable":true,"href":"https:\/\/baldumarket.lt\/lt\/wp-json\/wp\/v2\/product_brand?post=162621"},{"taxonomy":"product_cat","embeddable":true,"href":"https:\/\/baldumarket.lt\/lt\/wp-json\/wp\/v2\/product_cat?post=162621"},{"taxonomy":"product_tag","embeddable":true,"href":"https:\/\/baldumarket.lt\/lt\/wp-json\/wp\/v2\/product_tag?post=162621"}],"curies":[{"name":"wp","href":"https:\/\/api.w.org\/{rel}","templated":true}]}}