{"id":162616,"date":"2025-12-19T12:20:20","date_gmt":"2025-12-19T09:20:20","guid":{"rendered":"https:\/\/baldumarket.lt\/product\/grano-grnv01l-witryna-1-drzwiowa-dab-viking-szary-kosmos\/"},"modified":"2026-04-06T19:18:55","modified_gmt":"2026-04-06T16:18:55","slug":"grano-grnv01l-witryna-1-drzwiowa-dab-viking-szary-kosmos","status":"publish","type":"product","link":"https:\/\/baldumarket.lt\/lt\/product\/grano-grnv01l-witryna-1-drzwiowa-dab-viking-szary-kosmos\/","title":{"rendered":"Grano GRNV01L \u2013 1 dur\u0173 vitrina Viking Oak\/Space Grey"},"content":{"rendered":"<p>\u201eGrano GRNV01L\u201c vitrina \u2013 tai tobulas modernaus elegancijos ir funkcionalumo derinys, \u017eavintis unikaliu stiliumi. Viking\u0173 \u0105\u017euolo ir kosmin\u0117s pilkos spalvos puikiai dera su \u0161iuolaikin\u0117mis interjero dizaino tendencijomis, suteikdamos kambariui unikal\u0173 charakter\u012f. \u0160is ak\u012f traukiantis baldas puikiai tinka tiek svetainei, tiek valgomajam. Kruop\u0161tus meistri\u0161kumas ir auk\u0161tos kokyb\u0117s med\u017eiagos garantuoja patvarum\u0105 ir eleganti\u0161k\u0105 i\u0161vaizd\u0105 ilgus metus. MDF priekin\u0117 dalis ir laminuotos plok\u0161t\u0117s korpusas \u2013 tobulas estetikos ir funkcionalumo derinys. Gr\u016bdinto \u201eAntisol\u201c stiklo priekin\u0117 dalis ir stiklin\u0117s lentynos sukuria i\u0161skirtinai stiling\u0105 ir modern\u0173 vaizd\u0105. \u201eGrano GRNV01L\u201c vitrinos prakti\u0161kum\u0105 dar labiau sustiprina vien\u0173 dureli\u0173 konstrukcija su \u0161velnaus u\u017edarymo mechanizmu, kuris padidina komfort\u0105 ir apsaugo nuo atsitiktinio u\u017esitrenkimo. Papildomas vieno ta\u0161ko kvadratinis ap\u0161vietimas sukuria unikali\u0105 atmosfer\u0105, pabr\u0117\u017edamas viduje eksponuojam\u0173 daikt\u0173 gro\u017e\u012f. Visk\u0105 u\u017ebaigia eleganti\u0161kos plastikin\u0117s rankenos, kurios papildo modern\u0173 baldo dizain\u0105.<\/p>","protected":false},"excerpt":{"rendered":"<p>Plotis (cm): 58<br \/>\n\u016agis (cm): 195<br \/>\nGylis (cm): 37,4<\/p>","protected":false},"featured_media":162617,"comment_status":"open","ping_status":"open","template":"","meta":[],"product_brand":[],"product_cat":[9482,4107,2006],"product_tag":[],"class_list":{"0":"post-162616","1":"product","2":"type-product","3":"status-publish","4":"has-post-thumbnail","6":"product_cat-furniture-system-grano-wojcik-meble","7":"product_cat-meble-wojcik","8":"product_cat-vitrines","10":"first","11":"instock","12":"purchasable","13":"product-type-simple"},"_links":{"self":[{"href":"https:\/\/baldumarket.lt\/lt\/wp-json\/wp\/v2\/product\/162616","targetHints":{"allow":["GET"]}}],"collection":[{"href":"https:\/\/baldumarket.lt\/lt\/wp-json\/wp\/v2\/product"}],"about":[{"href":"https:\/\/baldumarket.lt\/lt\/wp-json\/wp\/v2\/types\/product"}],"replies":[{"embeddable":true,"href":"https:\/\/baldumarket.lt\/lt\/wp-json\/wp\/v2\/comments?post=162616"}],"wp:featuredmedia":[{"embeddable":true,"href":"https:\/\/baldumarket.lt\/lt\/wp-json\/wp\/v2\/media\/162617"}],"wp:attachment":[{"href":"https:\/\/baldumarket.lt\/lt\/wp-json\/wp\/v2\/media?parent=162616"}],"wp:term":[{"taxonomy":"product_brand","embeddable":true,"href":"https:\/\/baldumarket.lt\/lt\/wp-json\/wp\/v2\/product_brand?post=162616"},{"taxonomy":"product_cat","embeddable":true,"href":"https:\/\/baldumarket.lt\/lt\/wp-json\/wp\/v2\/product_cat?post=162616"},{"taxonomy":"product_tag","embeddable":true,"href":"https:\/\/baldumarket.lt\/lt\/wp-json\/wp\/v2\/product_tag?post=162616"}],"curies":[{"name":"wp","href":"https:\/\/api.w.org\/{rel}","templated":true}]}}