{"id":162612,"date":"2025-12-19T12:20:12","date_gmt":"2025-12-19T09:20:12","guid":{"rendered":"https:\/\/baldumarket.lt\/product\/grano-grnt01-stolik-1s-dab-viking\/"},"modified":"2026-04-06T19:18:55","modified_gmt":"2026-04-06T16:18:55","slug":"grano-grnt01-stolik-1s-dab-viking","status":"publish","type":"product","link":"https:\/\/baldumarket.lt\/lt\/product\/grano-grnt01-stolik-1s-dab-viking\/","title":{"rendered":"Grano GRNT01 \u2013 1S stalas Viking Oak"},"content":{"rendered":"<p>\u201eMeble W\u00f3jcik\u201c \u201eGrano GRNT01\u201c kavos staliukas yra eleganti\u0161kas ir funkcionalus j\u016bs\u0173 interjero papildymas, suteikiantis bet kuriai erdvei nat\u016bralaus med\u017eio \u017eavesio ir \u0161ilumos. \u0160is itin kruop\u0161\u010diai pagamintas baldas pasi\u017eymi stilinga viking\u0173 \u0105\u017euolo apdaila, kuri spinduliuoja nesenstant\u012f dizain\u0105 ir skland\u017eiai dera prie \u012fvairi\u0173 interjer\u0173.<\/p>\n<p>D\u0117l kompakti\u0161k\u0173 matmen\u0173 \u2013 75 cm plo\u010dio, 100 cm auk\u0161\u010dio ir 45,6 cm gylio \u2013 \u201eGrano GRNT01\u201c stalas idealiai tinka ma\u017eiems ir vidutinio dyd\u017eio kambariams, tuo pa\u010diu suteikdamas prakti\u0161kos erdv\u0117s. Jis puikiai tinka kaip kavos staliukas, \u0161oninis staliukas svetain\u0117je arba funkcionali lentyna miegamajame.<\/p>\n<p>Baldas pagamintas i\u0161 tvirt\u0173 med\u017eiag\u0173 \u2013 korpusas i\u0161 laminuotos plok\u0161t\u0117s, o priekis \u2013 i\u0161 MDF \u2013 tod\u0117l yra patvarus ir atsparus kasdieniam naudojimui. Be to, pilno i\u0161traukimo rutuliniai guoliai u\u017etikrina skland\u0173 ir patog\u0173 stal\u010di\u0173 veikim\u0105, suteikdami lengv\u0105 prieig\u0105 prie laikom\u0173 daikt\u0173.<\/p>\n<p>D\u0117l savaranki\u0161ko surinkimo galite greitai ir lengvai surinkti baldus, pritaikydami juos savo poreikiams. Rafinuota apdaila, \u012fskaitant stilingas plastikines rankenas ir kojeles, pabr\u0117\u017eia modern\u0173 stalo charakter\u012f, tod\u0117l jis yra stilingas ir funkcionalus bet kokio interjero papildymas.<\/p>","protected":false},"excerpt":{"rendered":"<p>Plotis (cm): 75<br \/>\n\u016agis (cm): 100<br \/>\nGylis (cm): 45,6<\/p>","protected":false},"featured_media":162613,"comment_status":"open","ping_status":"open","template":"","meta":[],"product_brand":[],"product_cat":[9482,866,4107],"product_tag":[],"class_list":{"0":"post-162612","1":"product","2":"type-product","3":"status-publish","4":"has-post-thumbnail","6":"product_cat-furniture-system-grano-wojcik-meble","7":"product_cat-coffee-tables","8":"product_cat-meble-wojcik","10":"first","11":"instock","12":"purchasable","13":"product-type-simple"},"_links":{"self":[{"href":"https:\/\/baldumarket.lt\/lt\/wp-json\/wp\/v2\/product\/162612","targetHints":{"allow":["GET"]}}],"collection":[{"href":"https:\/\/baldumarket.lt\/lt\/wp-json\/wp\/v2\/product"}],"about":[{"href":"https:\/\/baldumarket.lt\/lt\/wp-json\/wp\/v2\/types\/product"}],"replies":[{"embeddable":true,"href":"https:\/\/baldumarket.lt\/lt\/wp-json\/wp\/v2\/comments?post=162612"}],"wp:featuredmedia":[{"embeddable":true,"href":"https:\/\/baldumarket.lt\/lt\/wp-json\/wp\/v2\/media\/162613"}],"wp:attachment":[{"href":"https:\/\/baldumarket.lt\/lt\/wp-json\/wp\/v2\/media?parent=162612"}],"wp:term":[{"taxonomy":"product_brand","embeddable":true,"href":"https:\/\/baldumarket.lt\/lt\/wp-json\/wp\/v2\/product_brand?post=162612"},{"taxonomy":"product_cat","embeddable":true,"href":"https:\/\/baldumarket.lt\/lt\/wp-json\/wp\/v2\/product_cat?post=162612"},{"taxonomy":"product_tag","embeddable":true,"href":"https:\/\/baldumarket.lt\/lt\/wp-json\/wp\/v2\/product_tag?post=162612"}],"curies":[{"name":"wp","href":"https:\/\/api.w.org\/{rel}","templated":true}]}}