{"id":162608,"date":"2025-12-19T12:20:04","date_gmt":"2025-12-19T09:20:04","guid":{"rendered":"https:\/\/baldumarket.lt\/product\/grano-grnp02-polka-wiszaca-szary-kosmos-dab-viking\/"},"modified":"2026-04-06T19:18:55","modified_gmt":"2026-04-06T16:18:55","slug":"grano-grnp02-polka-wiszaca-szary-kosmos-dab-viking","status":"publish","type":"product","link":"https:\/\/baldumarket.lt\/lt\/product\/grano-grnp02-polka-wiszaca-szary-kosmos-dab-viking\/","title":{"rendered":"Grano GRNP02 \u2013 pakabinama lentyna, pilka\/vikingo \u0105\u017euolas"},"content":{"rendered":"<p>\u201eMeble W\u00f3jcik\u201c \u201eGrano GRNP02\u201c \u2013 tai pakabinama lentyna, puikiai derinanti elegancij\u0105 ir funkcionalum\u0105. Minimalistinis dizainas suteikia bet kokiam interjerui modernumo, lengvumo ir rafinuotumo poj\u016bt\u012f.<\/p>\n<p>Kosmin\u0117s pilkos ir viking\u0173 \u0105\u017euolo spalv\u0173 derinys leid\u017eia \u0161iai lentynai harmoningai \u012fsilieti \u012f \u012fvairius interjero dizainus \u2013 tiek klasikinius, tiek modernius. Subtilus pilkas lentynos derinys su \u0105\u017euoliniu r\u0117mu sukuria kontrast\u0105, kuris traukia ak\u012f ir suteikia kambariui unikalumo.<\/p>\n<p>Nors \u201eGrano GRNP02\u201c lentyna yra lengva ir vizualiai subtili, tvirta MDF ir laminuotos plok\u0161t\u0117s konstrukcija u\u017etikrina patvarum\u0105 ir ilgaam\u017ei\u0161kum\u0105. Puikiai tinka knygoms, dekoracijoms ar augalams laikyti, \u0161i lentyna ne tik atlieka praktin\u0119 paskirt\u012f, bet ir suteikia kambariui stiling\u0105 akcent\u0105.<\/p>\n<p>D\u0117l paprasto, savaranki\u0161ko surinkimo \u201eGrano GRNP02\u201c yra puikus pasirinkimas tiems, kurie vertina interjero dizaino paprastum\u0105 ir greit\u012f. Nesvarbu, ar jums reikia papildomos vietos daiktams laikyti, ar norite atnaujinti savo kambar\u012f, \u0161i lentyna yra puikus pasirinkimas. Nustebinkite save ir savo sve\u010dius stilingu sprendimu, kuris derina estetik\u0105 ir prakti\u0161kum\u0105.<\/p>","protected":false},"excerpt":{"rendered":"<p>Plotis (cm): 157<br \/>\n\u016agis (cm): 19,6<br \/>\nGylis (cm): 21,9<\/p>","protected":false},"featured_media":162609,"comment_status":"open","ping_status":"open","template":"","meta":[],"product_brand":[],"product_cat":[9482,1174,4107],"product_tag":[],"class_list":{"0":"post-162608","1":"product","2":"type-product","3":"status-publish","4":"has-post-thumbnail","6":"product_cat-furniture-system-grano-wojcik-meble","7":"product_cat-hanging-shelves","8":"product_cat-meble-wojcik","10":"first","11":"instock","12":"purchasable","13":"product-type-simple"},"_links":{"self":[{"href":"https:\/\/baldumarket.lt\/lt\/wp-json\/wp\/v2\/product\/162608","targetHints":{"allow":["GET"]}}],"collection":[{"href":"https:\/\/baldumarket.lt\/lt\/wp-json\/wp\/v2\/product"}],"about":[{"href":"https:\/\/baldumarket.lt\/lt\/wp-json\/wp\/v2\/types\/product"}],"replies":[{"embeddable":true,"href":"https:\/\/baldumarket.lt\/lt\/wp-json\/wp\/v2\/comments?post=162608"}],"wp:featuredmedia":[{"embeddable":true,"href":"https:\/\/baldumarket.lt\/lt\/wp-json\/wp\/v2\/media\/162609"}],"wp:attachment":[{"href":"https:\/\/baldumarket.lt\/lt\/wp-json\/wp\/v2\/media?parent=162608"}],"wp:term":[{"taxonomy":"product_brand","embeddable":true,"href":"https:\/\/baldumarket.lt\/lt\/wp-json\/wp\/v2\/product_brand?post=162608"},{"taxonomy":"product_cat","embeddable":true,"href":"https:\/\/baldumarket.lt\/lt\/wp-json\/wp\/v2\/product_cat?post=162608"},{"taxonomy":"product_tag","embeddable":true,"href":"https:\/\/baldumarket.lt\/lt\/wp-json\/wp\/v2\/product_tag?post=162608"}],"curies":[{"name":"wp","href":"https:\/\/api.w.org\/{rel}","templated":true}]}}