{"id":162598,"date":"2025-12-19T12:19:42","date_gmt":"2025-12-19T09:19:42","guid":{"rendered":"https:\/\/baldumarket.lt\/product\/ravenna-ravk02-komoda-2d3s-bialy-alpejski-czarna-perla-bialy-polysk\/"},"modified":"2026-04-06T19:46:28","modified_gmt":"2026-04-06T16:46:28","slug":"ravenna-ravk02-komoda-2d3s-bialy-alpejski-czarna-perla-bialy-polysk","status":"publish","type":"product","link":"https:\/\/baldumarket.lt\/lt\/product\/ravenna-ravk02-komoda-2d3s-bialy-alpejski-czarna-perla-bialy-polysk\/","title":{"rendered":"Ravenna RAVK02 \u2013 Komoda 2D3S Alpi\u0173 balta\/Juodos perlo\/Blizgi balta"},"content":{"rendered":"<p>Atraskite elegancij\u0105 ir funkcionalum\u0105, kur\u012f si\u016blo \u201eMeble W\u00f3jcik\u201c \u201eRavenna RAVK02\u201c indauja. \u0160i unikali indauja derina modern\u0173 dizain\u0105 su rafinuota estetika, tod\u0117l puikiai dera prie bet kokio interjero. Alpi\u0173 baltumo korpusas ir juod\u0173 perl\u0173 akcentai sukuria harmoning\u0105 kompozicij\u0105, kuri traukia ak\u012f ir suteikia interjerui unikalaus charakterio. Indauja, pagaminta i\u0161 baltos blizgios MDF plok\u0161t\u0117s, puikiai atspindi \u0161vies\u0105, tod\u0117l kambarys atrodo \u0161viesesnis ir erdvesnis. Tai idealus sprendimas tiek moderniam, tiek klasikiniam interjerui, siekian\u010diam elegancijos ir klas\u0117s. Paprastos metalin\u0117s ranken\u0117l\u0117s suteikia indaujai papildomo modernumo, pabr\u0117\u017eiant jos unikal\u0173 stili\u0173. \u201eRavenna\u201c indauja ne tik \u017eavi \u2013 tai ir i\u0161skirtinai funkcionalus baldas. Stal\u010diai ant tyli\u0173 b\u0117geli\u0173 ir durel\u0117s su \u0161velnaus u\u017edarymo mechanizmu u\u017etikrina patogum\u0105 ir komfort\u0105. Kiekvienas stal\u010diaus atidarymas ir u\u017edarymas yra tylus ir sklandus, tod\u0117l kasdienis naudojimas yra dar patogesnis.<\/p>","protected":false},"excerpt":{"rendered":"<p>Plotis (cm): 150<br \/>\n\u016agis (cm): 89,5<br \/>\nGylis (cm): 45,1<\/p>","protected":false},"featured_media":162599,"comment_status":"open","ping_status":"open","template":"","meta":[],"product_brand":[],"product_cat":[9494,1173,4107],"product_tag":[],"class_list":{"0":"post-162598","1":"product","2":"type-product","3":"status-publish","4":"has-post-thumbnail","6":"product_cat-furniture-system-ravenna-wojcik-meble","7":"product_cat-chests-of-drawers","8":"product_cat-meble-wojcik","10":"first","11":"instock","12":"purchasable","13":"product-type-simple"},"_links":{"self":[{"href":"https:\/\/baldumarket.lt\/lt\/wp-json\/wp\/v2\/product\/162598","targetHints":{"allow":["GET"]}}],"collection":[{"href":"https:\/\/baldumarket.lt\/lt\/wp-json\/wp\/v2\/product"}],"about":[{"href":"https:\/\/baldumarket.lt\/lt\/wp-json\/wp\/v2\/types\/product"}],"replies":[{"embeddable":true,"href":"https:\/\/baldumarket.lt\/lt\/wp-json\/wp\/v2\/comments?post=162598"}],"wp:featuredmedia":[{"embeddable":true,"href":"https:\/\/baldumarket.lt\/lt\/wp-json\/wp\/v2\/media\/162599"}],"wp:attachment":[{"href":"https:\/\/baldumarket.lt\/lt\/wp-json\/wp\/v2\/media?parent=162598"}],"wp:term":[{"taxonomy":"product_brand","embeddable":true,"href":"https:\/\/baldumarket.lt\/lt\/wp-json\/wp\/v2\/product_brand?post=162598"},{"taxonomy":"product_cat","embeddable":true,"href":"https:\/\/baldumarket.lt\/lt\/wp-json\/wp\/v2\/product_cat?post=162598"},{"taxonomy":"product_tag","embeddable":true,"href":"https:\/\/baldumarket.lt\/lt\/wp-json\/wp\/v2\/product_tag?post=162598"}],"curies":[{"name":"wp","href":"https:\/\/api.w.org\/{rel}","templated":true}]}}