{"id":162593,"date":"2025-12-19T12:19:32","date_gmt":"2025-12-19T09:19:32","guid":{"rendered":"https:\/\/baldumarket.lt\/product\/grano-grnv03-witryna-2-drzwiowa-dab-viking-szary-kosmos\/"},"modified":"2026-04-06T19:18:55","modified_gmt":"2026-04-06T16:18:55","slug":"grano-grnv03-witryna-2-drzwiowa-dab-viking-szary-kosmos","status":"publish","type":"product","link":"https:\/\/baldumarket.lt\/lt\/product\/grano-grnv03-witryna-2-drzwiowa-dab-viking-szary-kosmos\/","title":{"rendered":"Grano GRNV03 \u2013 2 dur\u0173 vitrina Viking Oak\/Space Grey"},"content":{"rendered":"<p>Atraskite modernios estetikos gro\u017e\u012f su \u201eMeble W\u00f3jcik\u201c \u201eGrano GRNV03\u201c vitrina. \u0160i stilinga vitrina sujungia viking\u0173 \u0105\u017euol\u0105 ir kosmin\u0119 pilk\u0105 spalvas, sukurdama harmoning\u0105 ir rafinuot\u0105 kompozicij\u0105, kuri lengvai tiks bet kokiam interjerui. Kilni viking\u0173 \u0105\u017euolo spalva kartu su v\u0117siais pilkais fasadais suteikia vitrinai unikal\u0173 ir eleganti\u0161k\u0105 charakter\u012f. \u201eGrano GRNV03\u201c \u017eavi ne tik savo i\u0161vaizda, bet ir funkcionalumu. Dviej\u0173 dur\u0173 vitrina leid\u017eia laikyti ir eksponuoti vertingiausius daiktus d\u0117l gr\u016bdinto \u201eAntisol\u201c stiklo fasado. Subtilios, bet patvarios stiklin\u0117s lentynos suteikia daug vietos j\u016bs\u0173 m\u0117gstamiausiems dekoracijoms, knygoms ar suvenyrams, suteikdamos erdvei lengvumo ir modernumo. Vitrinos estetin\u012f patrauklum\u0105 papildo jos funkcionalumas. \u0160velniai u\u017esidarantys vyriai u\u017etikrina komfort\u0105 ir d\u0117mes\u012f detal\u0117ms. D\u0117l laminuoto korpuso ir tvirtos MDF konstrukcijos vitrina yra ne tik gra\u017ei, bet ir patvari bei atspari kasdieniam naudojimui. Visa tai daro \u201eGrano GRNV03\u201c vitrin\u0105 idealiu pasirinkimu tiems, kurie vertina modernaus dizaino ir prakti\u0161kumo derin\u012f.<\/p>","protected":false},"excerpt":{"rendered":"<p>Plotis (cm): 101,9<br \/>\n\u016agis (cm): 149<br \/>\nGylis (cm): 37,4<\/p>","protected":false},"featured_media":162594,"comment_status":"open","ping_status":"open","template":"","meta":[],"product_brand":[],"product_cat":[9482,4107,2006],"product_tag":[],"class_list":{"0":"post-162593","1":"product","2":"type-product","3":"status-publish","4":"has-post-thumbnail","6":"product_cat-furniture-system-grano-wojcik-meble","7":"product_cat-meble-wojcik","8":"product_cat-vitrines","10":"first","11":"instock","12":"purchasable","13":"product-type-simple"},"_links":{"self":[{"href":"https:\/\/baldumarket.lt\/lt\/wp-json\/wp\/v2\/product\/162593","targetHints":{"allow":["GET"]}}],"collection":[{"href":"https:\/\/baldumarket.lt\/lt\/wp-json\/wp\/v2\/product"}],"about":[{"href":"https:\/\/baldumarket.lt\/lt\/wp-json\/wp\/v2\/types\/product"}],"replies":[{"embeddable":true,"href":"https:\/\/baldumarket.lt\/lt\/wp-json\/wp\/v2\/comments?post=162593"}],"wp:featuredmedia":[{"embeddable":true,"href":"https:\/\/baldumarket.lt\/lt\/wp-json\/wp\/v2\/media\/162594"}],"wp:attachment":[{"href":"https:\/\/baldumarket.lt\/lt\/wp-json\/wp\/v2\/media?parent=162593"}],"wp:term":[{"taxonomy":"product_brand","embeddable":true,"href":"https:\/\/baldumarket.lt\/lt\/wp-json\/wp\/v2\/product_brand?post=162593"},{"taxonomy":"product_cat","embeddable":true,"href":"https:\/\/baldumarket.lt\/lt\/wp-json\/wp\/v2\/product_cat?post=162593"},{"taxonomy":"product_tag","embeddable":true,"href":"https:\/\/baldumarket.lt\/lt\/wp-json\/wp\/v2\/product_tag?post=162593"}],"curies":[{"name":"wp","href":"https:\/\/api.w.org\/{rel}","templated":true}]}}