{"id":162590,"date":"2025-12-19T12:19:27","date_gmt":"2025-12-19T09:19:27","guid":{"rendered":"https:\/\/baldumarket.lt\/product\/grano-grnv02-witryna-2-drzwiowa-dab-viking-szary-kosmos\/"},"modified":"2026-04-06T19:18:55","modified_gmt":"2026-04-06T16:18:55","slug":"grano-grnv02-witryna-2-drzwiowa-dab-viking-szary-kosmos","status":"publish","type":"product","link":"https:\/\/baldumarket.lt\/lt\/product\/grano-grnv02-witryna-2-drzwiowa-dab-viking-szary-kosmos\/","title":{"rendered":"Grano GRNV02 \u2013 2 dur\u0173 vitrina Viking Oak\/Space Grey"},"content":{"rendered":"<p>\u201eGrano GRNV02\u201c vitrina \u2013 puikus sprendimas tiems, kurie vertina ir estetik\u0105, ir funkcionalum\u0105 savo interjere. \u012esp\u016bdingo 92,8 cm plo\u010dio ir 195 cm auk\u0161\u010dio \u0161is eleganti\u0161kas baldas bet kuriam kambariui suteikia elegancijos ir rafinuotumo. Viking\u0173 \u0105\u017euolo ir kosmin\u0117s pilkos spalv\u0173 derinys suteikia jam modern\u0173, bet jauk\u0173 charakter\u012f.<\/p>\n<p>Vitrinos dizainas yra kruop\u0161\u010diai sukurtas taip, kad papildyt\u0173 \u012fvairius interjero stilius \u2013 nuo modernaus iki klasikinio. Tvirtos MDF plok\u0161t\u0117s, apdailintos viking\u0173 \u0105\u017euolu, traukia ak\u012f ir suteikia interjerui eleganti\u0161k\u0105 i\u0161vaizd\u0105. Subtil\u016bs pilkos spalvos akcentai suteikia gylio ir sant\u016braus elegancijos. Vitrinos vidus su negr\u016bdinto stiklo lentynomis yra puiki vieta eksponuoti m\u0117gstamiausias dekoracijas ir knygas.<\/p>\n<p>Spintel\u0117s funkcionalum\u0105 padidina praktin\u0117s savyb\u0117s, tokios kaip \u0161velnaus u\u017edarymo vyriai, u\u017etikrinantys patog\u0173 naudojim\u0105. Papildomai pasirenkamas 2 ta\u0161k\u0173 kvadratinis ap\u0161vietimas gali dar labiau i\u0161ry\u0161kinti eksponuojamus daiktus ir sukurti jauki\u0105 atmosfer\u0105 kambaryje. Patvarios plastikin\u0117s kojel\u0117s u\u017etikrina stabilum\u0105 net ir ant \u0161iek tiek nelygi\u0173 pavir\u0161i\u0173.<\/p>\n<p>\u201eGrano GRNV02\u201c vitrina sukurta taip, kad patenkint\u0173 reikliausi\u0173 vartotoj\u0173 l\u016bkes\u010dius. Lengvas surinkimas u\u017etikrina, kad kiekvienas gal\u0117s greitai d\u017eiaugtis nauju baldu savo namuose. \u0160i vitrina yra ne tik stilingas j\u016bs\u0173 interjero papildymas, bet ir prakti\u0161kas elementas, kuris pagerins erdv\u0117s organizavim\u0105. Rinkit\u0117s \u201eGrano GRNV02\u201c, kad suteiktum\u0117te savo namams unikalaus \u017eavesio ir funkcionalumo.<\/p>","protected":false},"excerpt":{"rendered":"<p>Plotis (cm): 92,8<br \/>\n\u016agis (cm): 195<br \/>\nGylis (cm): 37,4<\/p>","protected":false},"featured_media":162591,"comment_status":"open","ping_status":"open","template":"","meta":[],"product_brand":[],"product_cat":[9482,4107,2006],"product_tag":[],"class_list":{"0":"post-162590","1":"product","2":"type-product","3":"status-publish","4":"has-post-thumbnail","6":"product_cat-furniture-system-grano-wojcik-meble","7":"product_cat-meble-wojcik","8":"product_cat-vitrines","10":"first","11":"instock","12":"purchasable","13":"product-type-simple"},"_links":{"self":[{"href":"https:\/\/baldumarket.lt\/lt\/wp-json\/wp\/v2\/product\/162590","targetHints":{"allow":["GET"]}}],"collection":[{"href":"https:\/\/baldumarket.lt\/lt\/wp-json\/wp\/v2\/product"}],"about":[{"href":"https:\/\/baldumarket.lt\/lt\/wp-json\/wp\/v2\/types\/product"}],"replies":[{"embeddable":true,"href":"https:\/\/baldumarket.lt\/lt\/wp-json\/wp\/v2\/comments?post=162590"}],"wp:featuredmedia":[{"embeddable":true,"href":"https:\/\/baldumarket.lt\/lt\/wp-json\/wp\/v2\/media\/162591"}],"wp:attachment":[{"href":"https:\/\/baldumarket.lt\/lt\/wp-json\/wp\/v2\/media?parent=162590"}],"wp:term":[{"taxonomy":"product_brand","embeddable":true,"href":"https:\/\/baldumarket.lt\/lt\/wp-json\/wp\/v2\/product_brand?post=162590"},{"taxonomy":"product_cat","embeddable":true,"href":"https:\/\/baldumarket.lt\/lt\/wp-json\/wp\/v2\/product_cat?post=162590"},{"taxonomy":"product_tag","embeddable":true,"href":"https:\/\/baldumarket.lt\/lt\/wp-json\/wp\/v2\/product_tag?post=162590"}],"curies":[{"name":"wp","href":"https:\/\/api.w.org\/{rel}","templated":true}]}}