{"id":162585,"date":"2025-12-19T12:19:17","date_gmt":"2025-12-19T09:19:17","guid":{"rendered":"https:\/\/baldumarket.lt\/product\/ravenna-ravv01r-witryna-1-drzwiowa-bialy-alpejski-czarny-bialy-polysk\/"},"modified":"2026-04-06T19:46:19","modified_gmt":"2026-04-06T16:46:19","slug":"ravenna-ravv01r-witryna-1-drzwiowa-bialy-alpejski-czarny-bialy-polysk","status":"publish","type":"product","link":"https:\/\/baldumarket.lt\/lt\/product\/ravenna-ravv01r-witryna-1-drzwiowa-bialy-alpejski-czarny-bialy-polysk\/","title":{"rendered":"Ravenna RAVV01R \u2013 1 dur\u0173 vitrina, Alpi\u0173 balta\/juoda\/blizgi balta"},"content":{"rendered":"<p>\u201eRavenna RAVV01R\u201c vitrina \u2013 tobulas modernumo ir elegancijos derinys, tikras ak\u012f traukiantis akcentas bet kuriame interjere. D\u0117l Alpi\u0173 baltumo korpuso ir blizgi\u0173 juod\u0173 fasad\u0173 \u0161is baldas bet kurioje erdv\u0117je \u012fne\u0161a harmonijos ir prabangos poj\u016b\u010dio. Tai unikalus baldas, puikiai pabr\u0117\u017eiantis bet kurio kambario rafinuot\u0105 charakter\u012f. \u0160i esteti\u0161ka vitrina pasi\u017eymi ne tik gro\u017eiu, bet ir prakti\u0161kumu. Apgalvotas vien\u0173 dureli\u0173 dizainas leid\u017eia lengvai patekti \u012f vid\u0173, i\u0161laikant minimalistin\u012f dizain\u0105. \u0160i vitrina idealiai tinka eleganti\u0161kiems stalo \u012frankiams, knygoms ar kitiems dekoratyviniams daiktams, kuriuos verta eksponuoti, laikyti. Auk\u0161tos kokyb\u0117s med\u017eiag\u0173, toki\u0173 kaip laminuota plok\u0161t\u0117 korpuse ir MDF plok\u0161t\u0117 priekyje, naudojimas garantuoja patvarum\u0105 ir atsparum\u0105 kasdieniam naudojimui. Be to, metalin\u0117s rankenos ir \u0161velniai u\u017esidarantys vyriai u\u017etikrina komfort\u0105 ir suteikia modernumo.<\/p>","protected":false},"excerpt":{"rendered":"<p>Plotis (cm): 63,5<br \/>\n\u016agis (cm): 201,9<br \/>\nGylis (cm): 38,7<\/p>","protected":false},"featured_media":162586,"comment_status":"open","ping_status":"open","template":"","meta":[],"product_brand":[],"product_cat":[9494,4107,2006],"product_tag":[],"class_list":{"0":"post-162585","1":"product","2":"type-product","3":"status-publish","4":"has-post-thumbnail","6":"product_cat-furniture-system-ravenna-wojcik-meble","7":"product_cat-meble-wojcik","8":"product_cat-vitrines","10":"first","11":"instock","12":"purchasable","13":"product-type-simple"},"_links":{"self":[{"href":"https:\/\/baldumarket.lt\/lt\/wp-json\/wp\/v2\/product\/162585","targetHints":{"allow":["GET"]}}],"collection":[{"href":"https:\/\/baldumarket.lt\/lt\/wp-json\/wp\/v2\/product"}],"about":[{"href":"https:\/\/baldumarket.lt\/lt\/wp-json\/wp\/v2\/types\/product"}],"replies":[{"embeddable":true,"href":"https:\/\/baldumarket.lt\/lt\/wp-json\/wp\/v2\/comments?post=162585"}],"wp:featuredmedia":[{"embeddable":true,"href":"https:\/\/baldumarket.lt\/lt\/wp-json\/wp\/v2\/media\/162586"}],"wp:attachment":[{"href":"https:\/\/baldumarket.lt\/lt\/wp-json\/wp\/v2\/media?parent=162585"}],"wp:term":[{"taxonomy":"product_brand","embeddable":true,"href":"https:\/\/baldumarket.lt\/lt\/wp-json\/wp\/v2\/product_brand?post=162585"},{"taxonomy":"product_cat","embeddable":true,"href":"https:\/\/baldumarket.lt\/lt\/wp-json\/wp\/v2\/product_cat?post=162585"},{"taxonomy":"product_tag","embeddable":true,"href":"https:\/\/baldumarket.lt\/lt\/wp-json\/wp\/v2\/product_tag?post=162585"}],"curies":[{"name":"wp","href":"https:\/\/api.w.org\/{rel}","templated":true}]}}