{"id":162582,"date":"2025-12-19T12:19:12","date_gmt":"2025-12-19T09:19:12","guid":{"rendered":"https:\/\/baldumarket.lt\/product\/ravenna-ravs01-szafa-2d1s-bialy-alpejski-czarna-perla-bialy-polysk\/"},"modified":"2026-04-06T19:46:19","modified_gmt":"2026-04-06T16:46:19","slug":"ravenna-ravs01-szafa-2d1s-bialy-alpejski-czarna-perla-bialy-polysk","status":"publish","type":"product","link":"https:\/\/baldumarket.lt\/lt\/product\/ravenna-ravs01-szafa-2d1s-bialy-alpejski-czarna-perla-bialy-polysk\/","title":{"rendered":"Ravenna RAVS01 \u2013 Drabu\u017ein\u0117 2D1S Alpi\u0173 balta\/juodos perlo\/blizgi balta"},"content":{"rendered":"<p>\u201eRavenna RAVS01\u201c spinta \u2013 puikus sprendimas tiems, kurie vertina modernum\u0105 ir elegancij\u0105 savo gyvenamojoje erdv\u0117je. Alpi\u0173 baltos ir juodos perl\u0173 spalv\u0173 derinys suteikia jai unikal\u0173 charakter\u012f, kuris patraukia ak\u012f i\u0161 pirmo \u017evilgsnio. Blizgantys balti fasadai suteikia gaivumo ir erdvumo poj\u016bt\u012f bet kuriam miegamajam ar persirengimo kambariui.<\/p>\n<p>Eleganti\u0161kas \u201eRavenna\u201c spintos dizainas paver\u010dia j\u0105 ne tik funkcionaliu baldu, bet ir stilingu dekoratyviniu elementu. Pagaminta i\u0161 auk\u0161tos kokyb\u0117s laminuotos plok\u0161t\u0117s ir MDF, ji garantuoja ilgaam\u017ei\u0161kum\u0105 ir atsparum\u0105 kasdieniam naudojimui. Metalin\u0117s rankenos suteikia modernumo, o \u0161velnaus u\u017edarymo vyriai u\u017etikrina patog\u0173 dureli\u0173 atidarym\u0105 ir u\u017edarym\u0105 kiekvien\u0105 dien\u0105.<\/p>\n<p>\u201eRavenna\u201c spintos funkcionalumas buvo kruop\u0161\u010diai apgalvotas iki smulkiausi\u0173 detali\u0173. Erdvaus vidaus ir papildomo stal\u010diaus d\u0117ka kiekvienas daiktas randa savo tobul\u0105 viet\u0105, tod\u0117l lengviau palaikyti tvark\u0105. \u012e komplekt\u0105 \u012ftrauktas ap\u0161vietimas suteikia modernumo ir leid\u017eia lengvai naudoti net tamsesn\u0117mis dienomis. Be to, \u201eRavenna\u201c spint\u0105 lengva surinkti, tod\u0117l gal\u0117site m\u0117gautis jos elegancija per trump\u0105 laik\u0105 nuo \u012fsigijimo.<\/p>\n<p>\u201eRavenna RAVS01\u201c spinta puikiai tiks prie bet kokio interjero dizaino, der\u0117s tiek su moderniu, tiek su klasikiniu stiliumi. Universali spalva ir eleganti\u0161ka forma paver\u010dia j\u0105 puikiu bet kurio miegamojo, svetain\u0117s ar net prie\u0161kambario akcentu, suteikdama erdvei stiliaus ir klas\u0117s. Tai puikus pasirinkimas tiems, kurie ie\u0161ko rafinuoto stiliaus ir funkcionalumo derinio.<\/p>","protected":false},"excerpt":{"rendered":"<p>Plotis (cm): 91,2<br \/>\n\u016agis (cm): 201,9<br \/>\nGylis (cm): 56<\/p>","protected":false},"featured_media":162583,"comment_status":"open","ping_status":"open","template":"","meta":[],"product_brand":[],"product_cat":[9494,4107,1177],"product_tag":[],"class_list":{"0":"post-162582","1":"product","2":"type-product","3":"status-publish","4":"has-post-thumbnail","6":"product_cat-furniture-system-ravenna-wojcik-meble","7":"product_cat-meble-wojcik","8":"product_cat-wardrobes","10":"first","11":"instock","12":"purchasable","13":"product-type-simple"},"_links":{"self":[{"href":"https:\/\/baldumarket.lt\/lt\/wp-json\/wp\/v2\/product\/162582","targetHints":{"allow":["GET"]}}],"collection":[{"href":"https:\/\/baldumarket.lt\/lt\/wp-json\/wp\/v2\/product"}],"about":[{"href":"https:\/\/baldumarket.lt\/lt\/wp-json\/wp\/v2\/types\/product"}],"replies":[{"embeddable":true,"href":"https:\/\/baldumarket.lt\/lt\/wp-json\/wp\/v2\/comments?post=162582"}],"wp:featuredmedia":[{"embeddable":true,"href":"https:\/\/baldumarket.lt\/lt\/wp-json\/wp\/v2\/media\/162583"}],"wp:attachment":[{"href":"https:\/\/baldumarket.lt\/lt\/wp-json\/wp\/v2\/media?parent=162582"}],"wp:term":[{"taxonomy":"product_brand","embeddable":true,"href":"https:\/\/baldumarket.lt\/lt\/wp-json\/wp\/v2\/product_brand?post=162582"},{"taxonomy":"product_cat","embeddable":true,"href":"https:\/\/baldumarket.lt\/lt\/wp-json\/wp\/v2\/product_cat?post=162582"},{"taxonomy":"product_tag","embeddable":true,"href":"https:\/\/baldumarket.lt\/lt\/wp-json\/wp\/v2\/product_tag?post=162582"}],"curies":[{"name":"wp","href":"https:\/\/api.w.org\/{rel}","templated":true}]}}