{"id":162578,"date":"2025-12-19T12:19:04","date_gmt":"2025-12-19T09:19:04","guid":{"rendered":"https:\/\/baldumarket.lt\/product\/celesto-celgp3-panel-wieszak-modrzew-sibiu-dab-coast-evoke\/"},"modified":"2026-04-06T18:42:39","modified_gmt":"2026-04-06T15:42:39","slug":"celesto-celgp3-panel-wieszak-modrzew-sibiu-dab-coast-evoke","status":"publish","type":"product","link":"https:\/\/baldumarket.lt\/lt\/product\/celesto-celgp3-panel-wieszak-modrzew-sibiu-dab-coast-evoke\/","title":{"rendered":"Celesto CELGP3 \u2013 Sibiu maumed\u017eio \/ pakrant\u0117s \u0105\u017euolo pakabos plok\u0161t\u0117"},"content":{"rendered":"<p>Su \u201eMeble W\u00f3jcik\u201c \u201eCelesto CELGP3\u201c kabykla savo interjerui suteikite elegancijos ir funkcionalumo. \u0160is unikalus baldas derina modern\u0173 dizain\u0105 ir prakti\u0161kum\u0105, tod\u0117l puikiai tinka bet kokiam prie\u0161kambariui ar koridoriui. Gra\u017ei Sibiu maumed\u017eio ir Coast Evoke \u0105\u017euolo apdaila traukia ak\u012f ir suteikia erdvei unikal\u0173 charakter\u012f.<\/p>\n<p>D\u0117l savo i\u0161manaus dizaino \u201eCelesto CELGP3\u201c palt\u0173 kabykla si\u016blo daug vietos vir\u0161utiniams drabu\u017eiams, krep\u0161iams ir aksesuarams laikyti. 100,3 cm plotis ir 117,8 cm auk\u0161tis suteikia daug vietos, kad j\u016bs\u0173 daiktai b\u016bt\u0173 lengvai pasiekiami ir tvarkingai sud\u0117ti. 30 cm gylis u\u017etikrina, kad kabykla neu\u017eimt\u0173 per daug vietos, o tai ypa\u010d svarbu ma\u017eesn\u0117se erdv\u0117se.<\/p>\n<p>Pagaminta i\u0161 laminuotos plok\u0161t\u0117s, \u201eCelesto\u201c kabykla paltams yra ne tik atspari \u012fbr\u0117\u017eimams ir pa\u017eeidimams, bet ir lengvai pri\u017ei\u016brima. Metalin\u0117s ir plastikin\u0117s pakabos u\u017etikrina patvarum\u0105 ir tvirtum\u0105, tod\u0117l gal\u0117site ja d\u017eiaugtis ilgus metus.<\/p>\n<p>Surinkimas pats n\u0117ra i\u0161\u0161\u016bkis, o ai\u0161ki\u0173 instrukcij\u0173 d\u0117ka galite greitai ir lengvai j\u012f surinkti patogiai savo namuose. \u201eCelesto CELGP3\u201c \u2013 tai baldas, kuris ne tik puo\u0161ia j\u016bs\u0173 erdv\u0119, bet ir maksimaliai padidina jos funkcionalum\u0105. Prid\u0117kite j\u012f prie savo interjero ir m\u0117gaukit\u0117s stiliaus bei prakti\u0161kumo deriniu kiekvien\u0105 dien\u0105!<\/p>","protected":false},"excerpt":{"rendered":"<p>Plotis (cm): 100,3<br \/>\n\u016agis (cm): 117,8<br \/>\nGylis (cm): 30<\/p>","protected":false},"featured_media":162579,"comment_status":"open","ping_status":"open","template":"","meta":[],"product_brand":[],"product_cat":[9473,1931,4107],"product_tag":[],"class_list":{"0":"post-162578","1":"product","2":"type-product","3":"status-publish","4":"has-post-thumbnail","6":"product_cat-furniture-system-celesto-wojcik-meble","7":"product_cat-hangers","8":"product_cat-meble-wojcik","10":"first","11":"instock","12":"purchasable","13":"product-type-simple"},"_links":{"self":[{"href":"https:\/\/baldumarket.lt\/lt\/wp-json\/wp\/v2\/product\/162578","targetHints":{"allow":["GET"]}}],"collection":[{"href":"https:\/\/baldumarket.lt\/lt\/wp-json\/wp\/v2\/product"}],"about":[{"href":"https:\/\/baldumarket.lt\/lt\/wp-json\/wp\/v2\/types\/product"}],"replies":[{"embeddable":true,"href":"https:\/\/baldumarket.lt\/lt\/wp-json\/wp\/v2\/comments?post=162578"}],"wp:featuredmedia":[{"embeddable":true,"href":"https:\/\/baldumarket.lt\/lt\/wp-json\/wp\/v2\/media\/162579"}],"wp:attachment":[{"href":"https:\/\/baldumarket.lt\/lt\/wp-json\/wp\/v2\/media?parent=162578"}],"wp:term":[{"taxonomy":"product_brand","embeddable":true,"href":"https:\/\/baldumarket.lt\/lt\/wp-json\/wp\/v2\/product_brand?post=162578"},{"taxonomy":"product_cat","embeddable":true,"href":"https:\/\/baldumarket.lt\/lt\/wp-json\/wp\/v2\/product_cat?post=162578"},{"taxonomy":"product_tag","embeddable":true,"href":"https:\/\/baldumarket.lt\/lt\/wp-json\/wp\/v2\/product_tag?post=162578"}],"curies":[{"name":"wp","href":"https:\/\/api.w.org\/{rel}","templated":true}]}}