{"id":162574,"date":"2025-12-19T12:18:56","date_gmt":"2025-12-19T09:18:56","guid":{"rendered":"https:\/\/baldumarket.lt\/product\/celesto-celgs1-bielizniarka-2-drzwiowa-modrzew-sibiu-dab-coast-evoke\/"},"modified":"2026-04-06T18:42:39","modified_gmt":"2026-04-06T15:42:39","slug":"celesto-celgs1-bielizniarka-2-drzwiowa-modrzew-sibiu-dab-coast-evoke","status":"publish","type":"product","link":"https:\/\/baldumarket.lt\/lt\/product\/celesto-celgs1-bielizniarka-2-drzwiowa-modrzew-sibiu-dab-coast-evoke\/","title":{"rendered":"Celesto CELGS1 \u2013 2 dur\u0173 apatinio trikota\u017eo spintel\u0117 Sibiu maumed\u017eio\/pakrant\u0117s \u0105\u017euolo spalvos"},"content":{"rendered":"<p>\u201eCelesto CELGS1\u201c patalyn\u0117s spinta \u2013 unikalus baldas, suteikiantis elegancijos ir funkcionalumo bet kokiam interjerui. Harmoningas spalv\u0173 derinys \u2013 Sibiu maumed\u017eio ir Coast Evoke \u0105\u017euolo \u2013 suteikia jai nat\u016bralumo, \u0161ilumos ir jaukios atmosferos j\u016bs\u0173 namams.<\/p>\n<p>Stilingas dizainas ir tvirta konstrukcija paver\u010dia \u0161i\u0105 patalyn\u0117s spint\u0105 puikiu sprendimu drabu\u017eiams ir patalynei laikyti. Dviej\u0173 dureli\u0173 konstrukcija u\u017etikrina lengv\u0105 prieig\u0105 prie vidaus, kuriame lengvai tilps visi reikalingi daiktai. D\u0117l laminuotos plok\u0161t\u0117s naudojimo tiek korpusas, tiek priekin\u0117 dalis yra patvar\u016bs ir atspar\u016bs kasdieniam naudojimui.<\/p>\n<p>\u201eCelesto CELGS1\u201c patalyn\u0117s spinta \u017eavi ne tik savo i\u0161vaizda, bet ir funkcionalumu. \u012erengtos metalin\u0117mis rankenomis ir \u0161velnaus u\u017edarymo mechanizmu, ji suteikia komforto ir d\u0117mesio detal\u0117ms. Veidrodis priekyje suteikia patalyn\u0117s spintai elegancijos ir prakti\u0161kumo, leisdamas greitai patikrinti savo garderob\u0105 prie\u0161 i\u0161einant i\u0161 nam\u0173.<\/p>\n<p>Eleganti\u0161kos linijos, nat\u016bralaus med\u017eio atspalviai ir tvirta apdaila daro \u0161\u012f bald\u0105 puikiai tinkan\u010diu tiek moderniam, tiek klasikiniam interjerui. \u201eCelesto CELGS1\u201c patalyn\u0117s spinta yra puikus pasirinkimas tiems, kurie vertina estetik\u0105 ir funkcionalum\u0105 viename.<\/p>","protected":false},"excerpt":{"rendered":"<p>Plotis (cm): 61,6<br \/>\n\u016agis (cm): 200<br \/>\nGylis (cm): 38,5<\/p>","protected":false},"featured_media":162575,"comment_status":"open","ping_status":"open","template":"","meta":[],"product_brand":[],"product_cat":[9473,4107,1177],"product_tag":[],"class_list":{"0":"post-162574","1":"product","2":"type-product","3":"status-publish","4":"has-post-thumbnail","6":"product_cat-furniture-system-celesto-wojcik-meble","7":"product_cat-meble-wojcik","8":"product_cat-wardrobes","10":"first","11":"instock","12":"purchasable","13":"product-type-simple"},"_links":{"self":[{"href":"https:\/\/baldumarket.lt\/lt\/wp-json\/wp\/v2\/product\/162574","targetHints":{"allow":["GET"]}}],"collection":[{"href":"https:\/\/baldumarket.lt\/lt\/wp-json\/wp\/v2\/product"}],"about":[{"href":"https:\/\/baldumarket.lt\/lt\/wp-json\/wp\/v2\/types\/product"}],"replies":[{"embeddable":true,"href":"https:\/\/baldumarket.lt\/lt\/wp-json\/wp\/v2\/comments?post=162574"}],"wp:featuredmedia":[{"embeddable":true,"href":"https:\/\/baldumarket.lt\/lt\/wp-json\/wp\/v2\/media\/162575"}],"wp:attachment":[{"href":"https:\/\/baldumarket.lt\/lt\/wp-json\/wp\/v2\/media?parent=162574"}],"wp:term":[{"taxonomy":"product_brand","embeddable":true,"href":"https:\/\/baldumarket.lt\/lt\/wp-json\/wp\/v2\/product_brand?post=162574"},{"taxonomy":"product_cat","embeddable":true,"href":"https:\/\/baldumarket.lt\/lt\/wp-json\/wp\/v2\/product_cat?post=162574"},{"taxonomy":"product_tag","embeddable":true,"href":"https:\/\/baldumarket.lt\/lt\/wp-json\/wp\/v2\/product_tag?post=162574"}],"curies":[{"name":"wp","href":"https:\/\/api.w.org\/{rel}","templated":true}]}}