{"id":162570,"date":"2025-12-19T12:18:48","date_gmt":"2025-12-19T09:18:48","guid":{"rendered":"https:\/\/baldumarket.lt\/product\/celesto-celgd1-lawka-1-drzwiowa-modrzew-sibiu-dab-coast-evoke\/"},"modified":"2026-04-06T18:42:39","modified_gmt":"2026-04-06T15:42:39","slug":"celesto-celgd1-lawka-1-drzwiowa-modrzew-sibiu-dab-coast-evoke","status":"publish","type":"product","link":"https:\/\/baldumarket.lt\/lt\/product\/celesto-celgd1-lawka-1-drzwiowa-modrzew-sibiu-dab-coast-evoke\/","title":{"rendered":"Celesto CELGD1 \u2013 vien\u0173 dur\u0173 suolas, Sibiu maumed\u017eio\/pakrant\u0117s \u0105\u017euolo imitacija"},"content":{"rendered":"<p>\u201eCelesto CELGD1\u201c \u2013 tai unikalus suolas, \u017eavintis eleganti\u0161ka i\u0161vaizda ir funkcionalumu. Jis puikiai papildys bet koki\u0105 erdv\u0119, suteikdamas modernumo ir stiliaus. Sibiu maumed\u017eio korpusas ir \u201eCoast Evoke Oak\u201c fasadai sukuria harmoning\u0105 kompozicij\u0105, kuri suteiks \u017eavesio bet kokiam interjerui.<\/p>\n<p>\u201eCelesto CELGD1\u201c suoliuko estetinis patrauklumas i\u0161 pirmo \u017evilgsnio patraukia ak\u012f. \u0160ilti, nat\u016bral\u016bs med\u017eio atspalviai suteikia jaukumo poj\u016bt\u012f, kartu i\u0161laikant modern\u0173 dizain\u0105 auk\u0161\u010diausiu lygiu. Tai puikus pasirinkimas tiems, kurie vertina eleganti\u0161k\u0105 ir nesenstant\u012f stili\u0173.<\/p>\n<p>Suoliuko funkcionalumas yra dar vienas privalumas. D\u0117l prakti\u0161ko dizaino jis idealiai tinka prie\u0161kambariui, kur gali b\u016bti naudojamas ir kaip s\u0117dima vieta, ir kaip bat\u0173 ar kit\u0173 smulki\u0173 daikt\u0173 laikymo vieta. D\u0117l tyli\u0173 vyri\u0173 ir tvirt\u0173 metalini\u0173 ranken\u0173 juo naudotis \u2013 vienas malonumas.<\/p>\n<p>\u201eCelesto CELGD1\u201c suolas pagamintas i\u0161 auk\u0161tos kokyb\u0117s laminuotos plok\u0161t\u0117s, u\u017etikrinan\u010dios patvarum\u0105 ir lengv\u0105 valym\u0105. Surinkimas yra greitas ir paprastas, tod\u0117l netrukus d\u017eiaugsit\u0117s nauju baldu. \u0160is suolas apjungia elegancij\u0105 ir prakti\u0161kum\u0105, tod\u0117l tikrai patenkins net i\u0161rankiausi\u0173 klient\u0173 l\u016bkes\u010dius.<\/p>","protected":false},"excerpt":{"rendered":"<p>Plotis (cm): 100,3<br \/>\n\u016agis (cm): 49,3<br \/>\nGylis (cm): 38,5<\/p>","protected":false},"featured_media":162571,"comment_status":"open","ping_status":"open","template":"","meta":[],"product_brand":[],"product_cat":[9473,4107,1997],"product_tag":[],"class_list":{"0":"post-162570","1":"product","2":"type-product","3":"status-publish","4":"has-post-thumbnail","6":"product_cat-furniture-system-celesto-wojcik-meble","7":"product_cat-meble-wojcik","8":"product_cat-shoe-cabinets","10":"first","11":"instock","12":"purchasable","13":"product-type-simple"},"_links":{"self":[{"href":"https:\/\/baldumarket.lt\/lt\/wp-json\/wp\/v2\/product\/162570","targetHints":{"allow":["GET"]}}],"collection":[{"href":"https:\/\/baldumarket.lt\/lt\/wp-json\/wp\/v2\/product"}],"about":[{"href":"https:\/\/baldumarket.lt\/lt\/wp-json\/wp\/v2\/types\/product"}],"replies":[{"embeddable":true,"href":"https:\/\/baldumarket.lt\/lt\/wp-json\/wp\/v2\/comments?post=162570"}],"wp:featuredmedia":[{"embeddable":true,"href":"https:\/\/baldumarket.lt\/lt\/wp-json\/wp\/v2\/media\/162571"}],"wp:attachment":[{"href":"https:\/\/baldumarket.lt\/lt\/wp-json\/wp\/v2\/media?parent=162570"}],"wp:term":[{"taxonomy":"product_brand","embeddable":true,"href":"https:\/\/baldumarket.lt\/lt\/wp-json\/wp\/v2\/product_brand?post=162570"},{"taxonomy":"product_cat","embeddable":true,"href":"https:\/\/baldumarket.lt\/lt\/wp-json\/wp\/v2\/product_cat?post=162570"},{"taxonomy":"product_tag","embeddable":true,"href":"https:\/\/baldumarket.lt\/lt\/wp-json\/wp\/v2\/product_tag?post=162570"}],"curies":[{"name":"wp","href":"https:\/\/api.w.org\/{rel}","templated":true}]}}