{"id":162560,"date":"2025-12-19T12:18:28","date_gmt":"2025-12-19T09:18:28","guid":{"rendered":"https:\/\/baldumarket.lt\/product\/venezia-venk01-komoda-2d4s-biala-dab-vicenza-czarna\/"},"modified":"2026-04-06T20:05:45","modified_gmt":"2026-04-06T17:05:45","slug":"venezia-venk01-komoda-2d4s-biala-dab-vicenza-czarna","status":"publish","type":"product","link":"https:\/\/baldumarket.lt\/lt\/product\/venezia-venk01-komoda-2d4s-biala-dab-vicenza-czarna\/","title":{"rendered":"Venezia VENK01 \u2013 Komoda 2D4S balta\/Vicenza \u0105\u017euolo juoda"},"content":{"rendered":"<p>Ar jums patinka, kai j\u016bs\u0173 nam\u0173 erdv\u0117s alsuoja stiliumi ir funkcionalumu? \u201eVenezia VENK01 \u2013 2D4S\u201c komoda baltos \/ juodo \u201eVicenza\u201c \u0105\u017euolo spalvos \u2013 tai baldas, kuris atitiks j\u016bs\u0173 auk\u0161tus estetinius ir praktinius reikalavimus. Jos modernus dizainas ir i\u0161skirtin\u0117 apdaila papildys bet kok\u012f, net ir reikliausi\u0105, interjer\u0105. \u201eVenezia\u201c komoda buvo sukurta tiems, kurie vertina eleganti\u0161k\u0105 paprastum\u0105, derinam\u0105 su moderniu funkcionalumu. Jos nuostabi\u0105 i\u0161vaizd\u0105 pary\u0161kina ne\u012ftik\u0117tinai tikslios detal\u0117s, tokios kaip frezuotas priekis ir metalin\u0117s rankenos, suteikian\u010dios unikalumo. \u0160is i\u0161skirtinis baldas suteiks j\u016bs\u0173 namams prabangos ir rafinuotumo atmosfer\u0105. \u012erengiant baldus verta atkreipti d\u0117mes\u012f \u012f kokyb\u0119, o \u201eVenezia\u201c komoda yra patvarumo sinonimas. Jos konstrukcija pagaminta i\u0161 auk\u0161tos kokyb\u0117s laminuotos med\u017eio dro\u017eli\u0173 plok\u0161t\u0117s, u\u017etikrinan\u010dios patvarum\u0105 ir lengv\u0105 valym\u0105. Alpi\u0173 baltumo korpusas derina subtili\u0105 elegancij\u0105 ir modernum\u0105, o juodo \u201eVicenza\u201c \u0105\u017euolo stalvir\u0161is sukuria tobul\u0105 kontrast\u0105, kuris traukia ak\u012f ir padidina viso baldo estetin\u0119 vert\u0119.<\/p>","protected":false},"excerpt":{"rendered":"<p>Plotis (cm): 161,4<br \/>\n\u016agis (cm): 87,4<br \/>\nGylis (cm): 40<\/p>","protected":false},"featured_media":162561,"comment_status":"open","ping_status":"open","template":"","meta":[],"product_brand":[],"product_cat":[9501,1173,4107],"product_tag":[],"class_list":{"0":"post-162560","1":"product","2":"type-product","3":"status-publish","4":"has-post-thumbnail","6":"product_cat-furniture-system-venezia-wojcik-meble","7":"product_cat-chests-of-drawers","8":"product_cat-meble-wojcik","10":"first","11":"instock","12":"purchasable","13":"product-type-simple"},"_links":{"self":[{"href":"https:\/\/baldumarket.lt\/lt\/wp-json\/wp\/v2\/product\/162560","targetHints":{"allow":["GET"]}}],"collection":[{"href":"https:\/\/baldumarket.lt\/lt\/wp-json\/wp\/v2\/product"}],"about":[{"href":"https:\/\/baldumarket.lt\/lt\/wp-json\/wp\/v2\/types\/product"}],"replies":[{"embeddable":true,"href":"https:\/\/baldumarket.lt\/lt\/wp-json\/wp\/v2\/comments?post=162560"}],"wp:featuredmedia":[{"embeddable":true,"href":"https:\/\/baldumarket.lt\/lt\/wp-json\/wp\/v2\/media\/162561"}],"wp:attachment":[{"href":"https:\/\/baldumarket.lt\/lt\/wp-json\/wp\/v2\/media?parent=162560"}],"wp:term":[{"taxonomy":"product_brand","embeddable":true,"href":"https:\/\/baldumarket.lt\/lt\/wp-json\/wp\/v2\/product_brand?post=162560"},{"taxonomy":"product_cat","embeddable":true,"href":"https:\/\/baldumarket.lt\/lt\/wp-json\/wp\/v2\/product_cat?post=162560"},{"taxonomy":"product_tag","embeddable":true,"href":"https:\/\/baldumarket.lt\/lt\/wp-json\/wp\/v2\/product_tag?post=162560"}],"curies":[{"name":"wp","href":"https:\/\/api.w.org\/{rel}","templated":true}]}}