{"id":162553,"date":"2025-12-19T12:18:13","date_gmt":"2025-12-19T09:18:13","guid":{"rendered":"https:\/\/baldumarket.lt\/product\/venezia-venk02-komoda-4d2s-biala-dab-vicenza-czarna\/"},"modified":"2026-04-06T20:05:45","modified_gmt":"2026-04-06T17:05:45","slug":"venezia-venk02-komoda-4d2s-biala-dab-vicenza-czarna","status":"publish","type":"product","link":"https:\/\/baldumarket.lt\/lt\/product\/venezia-venk02-komoda-4d2s-biala-dab-vicenza-czarna\/","title":{"rendered":"Venezia VENK02 \u2013 Komoda 4D2S balta\/Vicenza \u0105\u017euolo juoda"},"content":{"rendered":"<p>Sukurkite harmoning\u0105 estetikos ir funkcionalumo derin\u012f, pristatydami savo interjere \u201eVenezia VENK02\u201c komod\u0105 \u2013 baltos ir eleganti\u0161kos juodos \u201eVicenza Oak\u201c spalv\u0173 derin\u012f. \u0160i \u012fsp\u016bdinga ir moderni 4D2S komoda taps j\u016bs\u0173 svetain\u0117s, miegamojo ar poilsio kambario traukos centru, suteikdama jai prabangaus ir darnaus charakterio. Erdvi ir eleganti\u0161ka \u201eVenezia\u201c komoda yra 181,8 cm plo\u010dio, 87,4 cm auk\u0161\u010dio ir 40 cm gylio, tod\u0117l joje tilps visi j\u016bs\u0173 vertingi daiktai. U\u017e keturi\u0173 stilingai suprojektuot\u0173 dureli\u0173 ir dviej\u0173 prakti\u0161k\u0173 stal\u010di\u0173 rasite daugiau nei pakankamai vietos patogiam ir tvarkingam patalyn\u0117s, aksesuar\u0173 ir kit\u0173 b\u016btiniausi\u0173 daikt\u0173 laikymui. Komoda pagaminta i\u0161 patvarios laminuotos plok\u0161t\u0117s, o MDF fasadai padengti PVC pl\u0117vele, u\u017etikrinan\u010dia jos patvarum\u0105 ir atsparum\u0105 kasdieniam naudojimui. Be to, auk\u0161tos kokyb\u0117s metalo rankenos ir kreipian\u010diosios bei vyriai su \u0161velnaus u\u017edarymo sistema neabejotinai padidins bald\u0173 naudojimo patogum\u0105 ir suteiks j\u016bs\u0173 namams prabangos.<\/p>","protected":false},"excerpt":{"rendered":"<p>Plotis (cm): 181,8<br \/>\n\u016agis (cm): 87,4<br \/>\nGylis (cm): 40<\/p>","protected":false},"featured_media":162554,"comment_status":"open","ping_status":"open","template":"","meta":[],"product_brand":[],"product_cat":[9501,1173,4107],"product_tag":[],"class_list":{"0":"post-162553","1":"product","2":"type-product","3":"status-publish","4":"has-post-thumbnail","6":"product_cat-furniture-system-venezia-wojcik-meble","7":"product_cat-chests-of-drawers","8":"product_cat-meble-wojcik","10":"first","11":"instock","12":"purchasable","13":"product-type-simple"},"_links":{"self":[{"href":"https:\/\/baldumarket.lt\/lt\/wp-json\/wp\/v2\/product\/162553","targetHints":{"allow":["GET"]}}],"collection":[{"href":"https:\/\/baldumarket.lt\/lt\/wp-json\/wp\/v2\/product"}],"about":[{"href":"https:\/\/baldumarket.lt\/lt\/wp-json\/wp\/v2\/types\/product"}],"replies":[{"embeddable":true,"href":"https:\/\/baldumarket.lt\/lt\/wp-json\/wp\/v2\/comments?post=162553"}],"wp:featuredmedia":[{"embeddable":true,"href":"https:\/\/baldumarket.lt\/lt\/wp-json\/wp\/v2\/media\/162554"}],"wp:attachment":[{"href":"https:\/\/baldumarket.lt\/lt\/wp-json\/wp\/v2\/media?parent=162553"}],"wp:term":[{"taxonomy":"product_brand","embeddable":true,"href":"https:\/\/baldumarket.lt\/lt\/wp-json\/wp\/v2\/product_brand?post=162553"},{"taxonomy":"product_cat","embeddable":true,"href":"https:\/\/baldumarket.lt\/lt\/wp-json\/wp\/v2\/product_cat?post=162553"},{"taxonomy":"product_tag","embeddable":true,"href":"https:\/\/baldumarket.lt\/lt\/wp-json\/wp\/v2\/product_tag?post=162553"}],"curies":[{"name":"wp","href":"https:\/\/api.w.org\/{rel}","templated":true}]}}