{"id":162548,"date":"2025-12-19T12:18:03","date_gmt":"2025-12-19T09:18:03","guid":{"rendered":"https:\/\/baldumarket.lt\/product\/twist-sumgk1-komoda-2d1s-dab-viking-antracyt\/"},"modified":"2026-04-06T20:05:45","modified_gmt":"2026-04-06T17:05:45","slug":"twist-sumgk1-komoda-2d1s-dab-viking-antracyt","status":"publish","type":"product","link":"https:\/\/baldumarket.lt\/lt\/product\/twist-sumgk1-komoda-2d1s-dab-viking-antracyt\/","title":{"rendered":"Twist SUMGK1 \u2013 Komoda su stal\u010diais 2D1S Viking \u0105\u017euolo\/antracito spalvos"},"content":{"rendered":"<p>\u2019Twist SUMGK1 \u2013 2-D1S Viking Oak\/Anthracite\u201c komoda i\u0161siskiria ne tik puikiu meistri\u0161kumu, bet ir novatori\u0161ku dizainu. \u0160i komoda sukurta taip, kad patenkint\u0173 net ir i\u0161rankiausi\u0173 vartotoj\u0173 poreikius, si\u016blydama ne tik erdv\u0119 daiktams susid\u0117ti, bet ir eleganti\u0161k\u0105 i\u0161vaizd\u0105, kuri suteiks \u017eavesio bet kokiam interjerui. Kruop\u0161\u010diai parinktas komodos plotis (86 cm), auk\u0161tis (101,6 cm) ir gylis (39,9 cm) leid\u017eia jai tilpti \u012f \u012fvairius interjerus \u2013 nuo ma\u017e\u0173 but\u0173 iki erdvi\u0173 nam\u0173. Patvari laminuota plok\u0161t\u0117 ir MDF konstrukcija u\u017etikrina ilgaam\u017ei\u0161kum\u0105 ir atsparum\u0105 kasdieniam naudojimui. \u201eTwist SUMGK1\u201c komoda, kuri\u0105 galima \u012fsigyti ak\u012f traukian\u010di\u0173 \u201eViking Oak\u201c ir antracito spalv\u0173, traukia d\u0117mes\u012f ir suteikia stiling\u0105 akcent\u0105 moderniam interjerui. Ak\u012f traukian\u010dios nat\u016bralios ir juodos spalvos leid\u017eia lengvai integruoti j\u0105 \u012f \u012fvairius interjerus \u2013 tiek tradicinius, tiek modernesnius.<\/p>","protected":false},"excerpt":{"rendered":"<p>Plotis (cm): 86<br \/>\n\u016agis (cm): 101,6<br \/>\nGylis (cm): 39,9<\/p>","protected":false},"featured_media":162549,"comment_status":"open","ping_status":"open","template":"","meta":[],"product_brand":[],"product_cat":[9468,1173,4107],"product_tag":[],"class_list":{"0":"post-162548","1":"product","2":"type-product","3":"status-publish","4":"has-post-thumbnail","6":"product_cat-furniture-system-twist-wojcik-meble","7":"product_cat-chests-of-drawers","8":"product_cat-meble-wojcik","10":"first","11":"instock","12":"purchasable","13":"product-type-simple"},"_links":{"self":[{"href":"https:\/\/baldumarket.lt\/lt\/wp-json\/wp\/v2\/product\/162548","targetHints":{"allow":["GET"]}}],"collection":[{"href":"https:\/\/baldumarket.lt\/lt\/wp-json\/wp\/v2\/product"}],"about":[{"href":"https:\/\/baldumarket.lt\/lt\/wp-json\/wp\/v2\/types\/product"}],"replies":[{"embeddable":true,"href":"https:\/\/baldumarket.lt\/lt\/wp-json\/wp\/v2\/comments?post=162548"}],"wp:featuredmedia":[{"embeddable":true,"href":"https:\/\/baldumarket.lt\/lt\/wp-json\/wp\/v2\/media\/162549"}],"wp:attachment":[{"href":"https:\/\/baldumarket.lt\/lt\/wp-json\/wp\/v2\/media?parent=162548"}],"wp:term":[{"taxonomy":"product_brand","embeddable":true,"href":"https:\/\/baldumarket.lt\/lt\/wp-json\/wp\/v2\/product_brand?post=162548"},{"taxonomy":"product_cat","embeddable":true,"href":"https:\/\/baldumarket.lt\/lt\/wp-json\/wp\/v2\/product_cat?post=162548"},{"taxonomy":"product_tag","embeddable":true,"href":"https:\/\/baldumarket.lt\/lt\/wp-json\/wp\/v2\/product_tag?post=162548"}],"curies":[{"name":"wp","href":"https:\/\/api.w.org\/{rel}","templated":true}]}}